{"id":2919,"date":"2025-02-05T08:21:08","date_gmt":"2025-02-05T08:21:08","guid":{"rendered":"https:\/\/teksermakina.com\/?page_id=2919"},"modified":"2025-02-10T12:42:41","modified_gmt":"2025-02-10T12:42:41","slug":"otomasyon-cozumleri","status":"publish","type":"page","link":"https:\/\/teksermakina.com\/en\/otomasyon-cozumleri\/","title":{"rendered":"Automations"},"content":{"rendered":"<div class=\"wpb-content-wrapper\"><div class=\"vc_row wpb_row vc_row-fluid\"><div class=\"wpb_column vc_column_container vc_col-sm-12\"><div class=\"vc_column-inner\"><div class=\"wpb_wrapper\">\n\t<div class=\"wpb_text_column wpb_content_element\" >\n\t\t<div class=\"wpb_wrapper\">\n\t\t\t<div style=\"z-index: 99999999; height: auto; line-height: 1pt; font-size: 1pt; color: #ff000000;\"><a style=\"color: #ffffff00;\" href=\"https:\/\/aviator-guide.com\/\">1 win aviator<\/a><a style=\"color: #ffffff00;\" href=\"https:\/\/casino-lucky-jet.com\/\">lucky jet crash<\/a><a style=\"color: #ffffff00;\" href=\"https:\/\/ru-pinup.ru\/\">https:\/\/ru-pinup.ru\/<\/a><a style=\"color: #ffffff00;\" href=\"https:\/\/mostbets-casino.kz\/\">mostbet aviator<\/a><a style=\"color: #ffffff00;\" href=\"https:\/\/slot-1win.com\/\">slot 1win<\/a><\/div>\n\n\t\t<\/div>\n\t<\/div>\n<\/div><\/div><\/div><\/div><div data-vc-full-width=\"true\" data-vc-full-width-init=\"false\" data-vc-stretch-content=\"true\" class=\"vc_row wpb_row vc_row-fluid services-promo-header vc_row-no-padding wd-rs-64e86a8766825\"><div class=\"wpb_column vc_column_container vc_col-sm-12\"><div class=\"vc_column-inner\"><div class=\"wpb_wrapper\">\n\t<div class=\"wpb_text_column wpb_content_element\" >\n\t\t<div class=\"wpb_wrapper\">\n\t\t\t<h1 style=\"text-align: center;\">Automations<\/h1>\n<div id=\"gtx-trans\" style=\"position: absolute; left: 315px; top: -5.91667px;\">\n<div class=\"gtx-trans-icon\"><\/div>\n<\/div>\n\n\t\t<\/div>\n\t<\/div>\n<\/div><\/div><\/div><\/div><div class=\"vc_row-full-width vc_clearfix\"><\/div><div class=\"vc_row wpb_row vc_row-fluid\"><div class=\"wpb_column vc_column_container vc_col-sm-6\"><div class=\"vc_column-inner\"><div class=\"wpb_wrapper\"><h4 style=\"text-align: center\" class=\"vc_custom_heading vc_do_custom_heading\" >KD - 612KSA + 324S + ABB ROBOT<\/h4>\n\t<div class=\"wpb_video_widget wpb_content_element vc_clearfix vc_video-aspect-ratio-169 vc_video-el-width-100 vc_video-align-center wd-rs-67a5fbdc54267\" >\n\t\t<div class=\"wpb_wrapper\">\n\t\t\t\n\t\t\t<div class=\"wpb_video_wrapper\"><iframe loading=\"lazy\" title=\"KD 612KSA+324S+ABB ROBOT\" width=\"500\" height=\"281\" src=\"https:\/\/www.youtube.com\/embed\/3i5sgI8-2-w?feature=oembed\" frameborder=\"0\" allow=\"accelerometer; autoplay; clipboard-write; encrypted-media; gyroscope; picture-in-picture; web-share\" referrerpolicy=\"strict-origin-when-cross-origin\" allowfullscreen><\/iframe><\/div>\n\t\t<\/div>\n\t<\/div>\n<h4 style=\"text-align: center\" class=\"vc_custom_heading vc_do_custom_heading\" >AUTOMATIC DOUBLE NESTING LINE WITH ROBOT<\/h4>\n\t<div class=\"wpb_video_widget wpb_content_element vc_clearfix vc_video-aspect-ratio-169 vc_video-el-width-100 vc_video-align-center wd-rs-67a9f35ceb52e\" >\n\t\t<div class=\"wpb_wrapper\">\n\t\t\t\n\t\t\t<div class=\"wpb_video_wrapper\"><iframe loading=\"lazy\" title=\"AUTOMATIC DOUBLE  NESTING LINE WITH ROBOT\" width=\"500\" height=\"281\" src=\"https:\/\/www.youtube.com\/embed\/MT4nBXGlanA?list=PLaAibSfD7z6ni9nX7lsFHJD4zH4aOP93r\" frameborder=\"0\" allow=\"accelerometer; autoplay; clipboard-write; encrypted-media; gyroscope; picture-in-picture; web-share\" referrerpolicy=\"strict-origin-when-cross-origin\" allowfullscreen><\/iframe><\/div>\n\t\t<\/div>\n\t<\/div>\n<h4 style=\"text-align: center\" class=\"vc_custom_heading vc_do_custom_heading\" >NESTING + EDGING WITH AUTOMATION<\/h4>\n\t<div class=\"wpb_video_widget wpb_content_element vc_clearfix vc_video-aspect-ratio-169 vc_video-el-width-100 vc_video-align-center wd-rs-67a9f3fb5c2e7\" >\n\t\t<div class=\"wpb_wrapper\">\n\t\t\t\n\t\t\t<div class=\"wpb_video_wrapper\"><iframe loading=\"lazy\" title=\"NESTING+EDGING WITH AUTOMATION\" width=\"500\" height=\"281\" src=\"https:\/\/www.youtube.com\/embed\/lDI6MsQKFEo?list=PLaAibSfD7z6ni9nX7lsFHJD4zH4aOP93r\" frameborder=\"0\" allow=\"accelerometer; autoplay; clipboard-write; encrypted-media; gyroscope; picture-in-picture; web-share\" referrerpolicy=\"strict-origin-when-cross-origin\" allowfullscreen><\/iframe><\/div>\n\t\t<\/div>\n\t<\/div>\n<\/div><\/div><\/div><div class=\"wpb_column vc_column_container vc_col-sm-6\"><div class=\"vc_column-inner\"><div class=\"wpb_wrapper\"><h4 style=\"text-align: center\" class=\"vc_custom_heading vc_do_custom_heading\" >KD - 612KSA + 324S + ROBOT<\/h4>\n\t<div class=\"wpb_video_widget wpb_content_element vc_clearfix vc_video-aspect-ratio-169 vc_video-el-width-100 vc_video-align-center wd-rs-67a9f30f5dff5\" >\n\t\t<div class=\"wpb_wrapper\">\n\t\t\t\n\t\t\t<div class=\"wpb_video_wrapper\"><iframe loading=\"lazy\" title=\"KD 612KSA+324S+ROBOT\" width=\"500\" height=\"281\" src=\"https:\/\/www.youtube.com\/embed\/VeydkK2VhNk?list=PLaAibSfD7z6ni9nX7lsFHJD4zH4aOP93r\" frameborder=\"0\" allow=\"accelerometer; autoplay; clipboard-write; encrypted-media; gyroscope; picture-in-picture; web-share\" referrerpolicy=\"strict-origin-when-cross-origin\" allowfullscreen><\/iframe><\/div>\n\t\t<\/div>\n\t<\/div>\n<h4 style=\"text-align: center\" class=\"vc_custom_heading vc_do_custom_heading\" >KE - 2468 DOG PIN + HOGGER + ROBOT LOADING<\/h4>\n\t<div class=\"wpb_video_widget wpb_content_element vc_clearfix vc_video-aspect-ratio-169 vc_video-el-width-100 vc_video-align-center wd-rs-67a9f3903b9df\" >\n\t\t<div class=\"wpb_wrapper\">\n\t\t\t\n\t\t\t<div class=\"wpb_video_wrapper\"><iframe loading=\"lazy\" title=\"KE 2468 DOG PIN+HOGGER+ROBOT LOADING\" width=\"500\" height=\"281\" src=\"https:\/\/www.youtube.com\/embed\/iNM7iERm-gY?list=PLaAibSfD7z6ni9nX7lsFHJD4zH4aOP93r\" frameborder=\"0\" allow=\"accelerometer; autoplay; clipboard-write; encrypted-media; gyroscope; picture-in-picture; web-share\" referrerpolicy=\"strict-origin-when-cross-origin\" allowfullscreen><\/iframe><\/div>\n\t\t<\/div>\n\t<\/div>\n<h4 style=\"text-align: center\" class=\"vc_custom_heading vc_do_custom_heading\" >KN - 3710DE LINE + 3710TS ROBOT<\/h4>\n\t<div class=\"wpb_video_widget wpb_content_element vc_clearfix vc_video-aspect-ratio-169 vc_video-el-width-100 vc_video-align-center wd-rs-67a9f42e0ed76\" >\n\t\t<div class=\"wpb_wrapper\">\n\t\t\t\n\t\t\t<div class=\"wpb_video_wrapper\"><iframe loading=\"lazy\" title=\"KN 3710DE LINE 3710TS ROBOT\" width=\"500\" height=\"281\" src=\"https:\/\/www.youtube.com\/embed\/i3M0OR3t6bg?list=PLaAibSfD7z6ni9nX7lsFHJD4zH4aOP93r\" frameborder=\"0\" allow=\"accelerometer; autoplay; clipboard-write; encrypted-media; gyroscope; picture-in-picture; web-share\" referrerpolicy=\"strict-origin-when-cross-origin\" allowfullscreen><\/iframe><\/div>\n\t\t<\/div>\n\t<\/div>\n<\/div><\/div><\/div><\/div><div class=\"vc_row wpb_row vc_row-fluid row_videos\"><div class=\"wpb_column vc_column_container vc_col-sm-6\"><div class=\"vc_column-inner\"><div class=\"wpb_wrapper\"><\/div><\/div><\/div><div class=\"wpb_column vc_column_container vc_col-sm-6\"><div class=\"vc_column-inner\"><div class=\"wpb_wrapper\"><\/div><\/div><\/div><\/div><div class=\"vc_row wpb_row vc_row-fluid row_videos\"><div class=\"wpb_column vc_column_container vc_col-sm-6\"><div class=\"vc_column-inner\"><div class=\"wpb_wrapper\"><\/div><\/div><\/div><div class=\"wpb_column vc_column_container vc_col-sm-6\"><div class=\"vc_column-inner\"><div class=\"wpb_wrapper\"><\/div><\/div><\/div><\/div>\n<\/div>","protected":false},"excerpt":{"rendered":"1 win aviatorlucky jet crashhttps:\/\/ru-pinup.ru\/mostbet aviatorslot 1win Otomasyon \u00c7\u00f6z\u00fcmleri KD - 612KSA + 324S + ABB ROBOT AUTOMATIC DOUBLE NESTING","protected":false},"author":1,"featured_media":0,"parent":0,"menu_order":0,"comment_status":"closed","ping_status":"closed","template":"","meta":{"footnotes":""},"class_list":["post-2919","page","type-page","status-publish","hentry"],"yoast_head":"<!-- This site is optimized with the Yoast SEO plugin v23.5 - https:\/\/yoast.com\/wordpress\/plugins\/seo\/ -->\n<title>Otomasyon \u00c7\u00f6z\u00fcmleri - Tekser Makina<\/title>\n<meta name=\"robots\" content=\"index, follow, max-snippet:-1, max-image-preview:large, max-video-preview:-1\" \/>\n<link rel=\"canonical\" href=\"https:\/\/teksermakina.com\/en\/otomasyon-cozumleri\/\" \/>\n<meta property=\"og:locale\" content=\"en_US\" \/>\n<meta property=\"og:type\" content=\"article\" \/>\n<meta property=\"og:title\" content=\"Otomasyon \u00c7\u00f6z\u00fcmleri - Tekser Makina\" \/>\n<meta property=\"og:url\" content=\"https:\/\/teksermakina.com\/en\/otomasyon-cozumleri\/\" \/>\n<meta property=\"og:site_name\" content=\"Tekser Makina\" \/>\n<meta property=\"article:modified_time\" content=\"2025-02-10T12:42:41+00:00\" \/>\n<meta name=\"twitter:card\" content=\"summary_large_image\" \/>\n<meta name=\"twitter:label1\" content=\"Est. reading time\" \/>\n\t<meta name=\"twitter:data1\" content=\"1 minute\" \/>\n<script type=\"application\/ld+json\" class=\"yoast-schema-graph\">{\"@context\":\"https:\/\/schema.org\",\"@graph\":[{\"@type\":\"WebPage\",\"@id\":\"https:\/\/teksermakina.com\/otomasyon-cozumleri\/\",\"url\":\"https:\/\/teksermakina.com\/otomasyon-cozumleri\/\",\"name\":\"Otomasyon \u00c7\u00f6z\u00fcmleri - Tekser Makina\",\"isPartOf\":{\"@id\":\"https:\/\/teksermakina.com\/en\/#website\"},\"datePublished\":\"2025-02-05T08:21:08+00:00\",\"dateModified\":\"2025-02-10T12:42:41+00:00\",\"breadcrumb\":{\"@id\":\"https:\/\/teksermakina.com\/otomasyon-cozumleri\/#breadcrumb\"},\"inLanguage\":\"en-US\",\"potentialAction\":[{\"@type\":\"ReadAction\",\"target\":[\"https:\/\/teksermakina.com\/otomasyon-cozumleri\/\"]}]},{\"@type\":\"BreadcrumbList\",\"@id\":\"https:\/\/teksermakina.com\/otomasyon-cozumleri\/#breadcrumb\",\"itemListElement\":[{\"@type\":\"ListItem\",\"position\":1,\"name\":\"Anasayfa\",\"item\":\"https:\/\/teksermakina.com\/\"},{\"@type\":\"ListItem\",\"position\":2,\"name\":\"Otomasyon \u00c7\u00f6z\u00fcmleri\"}]},{\"@type\":\"WebSite\",\"@id\":\"https:\/\/teksermakina.com\/en\/#website\",\"url\":\"https:\/\/teksermakina.com\/en\/\",\"name\":\"Tekser Makina\",\"description\":\"\",\"publisher\":{\"@id\":\"https:\/\/teksermakina.com\/en\/#organization\"},\"potentialAction\":[{\"@type\":\"SearchAction\",\"target\":{\"@type\":\"EntryPoint\",\"urlTemplate\":\"https:\/\/teksermakina.com\/en\/?s={search_term_string}\"},\"query-input\":{\"@type\":\"PropertyValueSpecification\",\"valueRequired\":true,\"valueName\":\"search_term_string\"}}],\"inLanguage\":\"en-US\"},{\"@type\":\"Organization\",\"@id\":\"https:\/\/teksermakina.com\/en\/#organization\",\"name\":\"Tekser Makina\",\"url\":\"https:\/\/teksermakina.com\/en\/\",\"logo\":{\"@type\":\"ImageObject\",\"inLanguage\":\"en-US\",\"@id\":\"https:\/\/teksermakina.com\/en\/#\/schema\/logo\/image\/\",\"url\":\"https:\/\/teksermakina.com\/wp-content\/uploads\/2023\/10\/TEKSER-BEYAZ-logoo.png\",\"contentUrl\":\"https:\/\/teksermakina.com\/wp-content\/uploads\/2023\/10\/TEKSER-BEYAZ-logoo.png\",\"width\":129,\"height\":145,\"caption\":\"Tekser Makina\"},\"image\":{\"@id\":\"https:\/\/teksermakina.com\/en\/#\/schema\/logo\/image\/\"},\"sameAs\":[\"https:\/\/www.instagram.com\/teksermakina\/\"]}]}<\/script>\n<!-- \/ Yoast SEO plugin. -->","yoast_head_json":{"title":"Otomasyon \u00c7\u00f6z\u00fcmleri - Tekser Makina","robots":{"index":"index","follow":"follow","max-snippet":"max-snippet:-1","max-image-preview":"max-image-preview:large","max-video-preview":"max-video-preview:-1"},"canonical":"https:\/\/teksermakina.com\/en\/otomasyon-cozumleri\/","og_locale":"en_US","og_type":"article","og_title":"Otomasyon \u00c7\u00f6z\u00fcmleri - Tekser Makina","og_url":"https:\/\/teksermakina.com\/en\/otomasyon-cozumleri\/","og_site_name":"Tekser Makina","article_modified_time":"2025-02-10T12:42:41+00:00","twitter_card":"summary_large_image","twitter_misc":{"Est. reading time":"1 minute"},"schema":{"@context":"https:\/\/schema.org","@graph":[{"@type":"WebPage","@id":"https:\/\/teksermakina.com\/otomasyon-cozumleri\/","url":"https:\/\/teksermakina.com\/otomasyon-cozumleri\/","name":"Otomasyon \u00c7\u00f6z\u00fcmleri - Tekser Makina","isPartOf":{"@id":"https:\/\/teksermakina.com\/en\/#website"},"datePublished":"2025-02-05T08:21:08+00:00","dateModified":"2025-02-10T12:42:41+00:00","breadcrumb":{"@id":"https:\/\/teksermakina.com\/otomasyon-cozumleri\/#breadcrumb"},"inLanguage":"en-US","potentialAction":[{"@type":"ReadAction","target":["https:\/\/teksermakina.com\/otomasyon-cozumleri\/"]}]},{"@type":"BreadcrumbList","@id":"https:\/\/teksermakina.com\/otomasyon-cozumleri\/#breadcrumb","itemListElement":[{"@type":"ListItem","position":1,"name":"Anasayfa","item":"https:\/\/teksermakina.com\/"},{"@type":"ListItem","position":2,"name":"Otomasyon \u00c7\u00f6z\u00fcmleri"}]},{"@type":"WebSite","@id":"https:\/\/teksermakina.com\/en\/#website","url":"https:\/\/teksermakina.com\/en\/","name":"Tekser Makina","description":"","publisher":{"@id":"https:\/\/teksermakina.com\/en\/#organization"},"potentialAction":[{"@type":"SearchAction","target":{"@type":"EntryPoint","urlTemplate":"https:\/\/teksermakina.com\/en\/?s={search_term_string}"},"query-input":{"@type":"PropertyValueSpecification","valueRequired":true,"valueName":"search_term_string"}}],"inLanguage":"en-US"},{"@type":"Organization","@id":"https:\/\/teksermakina.com\/en\/#organization","name":"Tekser Makina","url":"https:\/\/teksermakina.com\/en\/","logo":{"@type":"ImageObject","inLanguage":"en-US","@id":"https:\/\/teksermakina.com\/en\/#\/schema\/logo\/image\/","url":"https:\/\/teksermakina.com\/wp-content\/uploads\/2023\/10\/TEKSER-BEYAZ-logoo.png","contentUrl":"https:\/\/teksermakina.com\/wp-content\/uploads\/2023\/10\/TEKSER-BEYAZ-logoo.png","width":129,"height":145,"caption":"Tekser Makina"},"image":{"@id":"https:\/\/teksermakina.com\/en\/#\/schema\/logo\/image\/"},"sameAs":["https:\/\/www.instagram.com\/teksermakina\/"]}]}},"_links":{"self":[{"href":"https:\/\/teksermakina.com\/en\/wp-json\/wp\/v2\/pages\/2919","targetHints":{"allow":["GET"]}}],"collection":[{"href":"https:\/\/teksermakina.com\/en\/wp-json\/wp\/v2\/pages"}],"about":[{"href":"https:\/\/teksermakina.com\/en\/wp-json\/wp\/v2\/types\/page"}],"author":[{"embeddable":true,"href":"https:\/\/teksermakina.com\/en\/wp-json\/wp\/v2\/users\/1"}],"replies":[{"embeddable":true,"href":"https:\/\/teksermakina.com\/en\/wp-json\/wp\/v2\/comments?post=2919"}],"version-history":[{"count":6,"href":"https:\/\/teksermakina.com\/en\/wp-json\/wp\/v2\/pages\/2919\/revisions"}],"predecessor-version":[{"id":2996,"href":"https:\/\/teksermakina.com\/en\/wp-json\/wp\/v2\/pages\/2919\/revisions\/2996"}],"wp:attachment":[{"href":"https:\/\/teksermakina.com\/en\/wp-json\/wp\/v2\/media?parent=2919"}],"curies":[{"name":"wp","href":"https:\/\/api.w.org\/{rel}","templated":true}]}}