{"id":521,"date":"2023-09-04T12:00:13","date_gmt":"2023-09-04T12:00:13","guid":{"rendered":"https:\/\/teksermakina.com\/?page_id=521"},"modified":"2025-07-02T07:53:20","modified_gmt":"2025-07-02T07:53:20","slug":"hakkimizda","status":"publish","type":"page","link":"https:\/\/teksermakina.com\/en\/hakkimizda\/","title":{"rendered":"HAKKIMIZDA"},"content":{"rendered":"<div class=\"wpb-content-wrapper\"><div data-vc-full-width=\"true\" data-vc-full-width-init=\"false\" data-vc-stretch-content=\"true\" class=\"vc_row wpb_row vc_row-fluid vc_row-no-padding wd-rs-64e85fd34a46a wd-section-stretch-content-no-pd\"><div class=\"wpb_column vc_column_container vc_col-sm-12\"><div class=\"vc_column-inner\"><div class=\"wpb_wrapper\">\t\t<div class=\"promo-banner-wrapper  wd-rs-64f9942f66c76\">\n\t\t\t<div id=\"wd-64f9942f66c76\" class=\"promo-banner  banner- banner-hover-none color-scheme-light banner-btn-size-default banner-btn-style-default banner-increased-padding  wd-underline-colored\">\n\t\t\t\t<div class=\"main-wrapp-img\">\n\t\t\t\t\t<div class=\"banner-image wd-bg-position-center\" >\n\t\t\t\t\t\t<img loading=\"lazy\" decoding=\"async\" width=\"1900\" height=\"660\" src=\"image\/png;base64,iVBORw0KGgoAAAANSUhEUgAAAB0AAAAKCAYAAABIQFUsAAAACXBIWXMAAA7EAAAOxAGVKw4bAAACw0lEQVQ4jS2TO29bRxCFvzO7ey8ZkpJIUZACi0beEAwYLoKUaVKmSJX\/mN+QKuncpUuQCA4Cx7akSLSsB0mRvHd3UlwVp5oBzpmZb7Tz5Q+OJTzUEAeQRqjeQdXoUUM89ICEK+AYCIRjcqQCOBggeCyi4rQ41mwpzQbPW7zZoO2CGGIAGcUMTGAggQxkjtTivsXJ4AYA7kjq+oNBMBQDTgBFXAJEKAX3QCBSFCFFSoAYY8AVkAnMQY6sIGWgQR5wHMdwF7jjAskQAZSQGU\/Se841o4SKQoDWwZwQa7xtiDTk1QoziCEEHCEDNwe1iAZ8A8WgdWQNUuhMEVhACigaJMPqHifDG3482WUe9rlsE6vehHvVbDyyWTZs7tYsr+9ZX86JkgMQ5BQVUIaygWyA49aARVBEFlFIYMLqmno0ZO\/pEV98Nubzq7fsTY1jmzNIkX41ZzioeQiJ+uQFr\/MBd+vA2eWW6KXtIHBhnnFvoBildcgNbgkLkbo\/INUJs5beZMxo9jGfPjtiejCG5oZJ2WWxyuR+Re4P+P30HVUpvPj6hObvN8yqyORgwh\/TPWLODXLvbopwhJduzc4Wl9GGmlKcNtSMnx4zmh1i4wn\/LIb86xWT\/y6YDXooi\/nFgtP3ZyxvHnhYLin1kO++\/5ZSWn599YGXYUD0tsUDyAUOFMeVKTRdCFVIgWo45KP9PbaNMT9bw9UNXq7Jqw2Hwzekr3aJuaE36jPqVZzevOb58084OhzzYX5L3e9ze9ny28+\/ED234FBC91so4uRuYgVUVaT+kLJec\/f2HKVblGpK0wIgMw6ePeCbxGBvwvL2mrJY8WRak8x5WNxzfX7O\/nTKN7OKn8qaSMm408kAFXB7NKwxi6yv3nVhHoHCOqiQSFG8vtzh5Z+vcEscH+4yiBk1K9LFPeP9Cf3BHaPRFfvjITv3f\/E\/\/gpCa78NZf0AAAAASUVORK5CYII=\" class=\"attachment-1900*660 size-1900*660 wd-lazy-load wd-lazy-fade\" alt=\"\" data-wood-src=\"https:\/\/teksermakina.com\/wp-content\/uploads\/2023\/09\/tekser-makina-iletisim-1900x660-1.png\" data-srcset=\"https:\/\/teksermakina.com\/wp-content\/uploads\/2023\/09\/tekser-makina-iletisim-1900x660-1.png 1900w, https:\/\/teksermakina.com\/wp-content\/uploads\/2023\/09\/tekser-makina-iletisim-1900x660-1-250x87.png 250w, https:\/\/teksermakina.com\/wp-content\/uploads\/2023\/09\/tekser-makina-iletisim-1900x660-1-600x208.png 600w, https:\/\/teksermakina.com\/wp-content\/uploads\/2023\/09\/tekser-makina-iletisim-1900x660-1-300x104.png 300w, https:\/\/teksermakina.com\/wp-content\/uploads\/2023\/09\/tekser-makina-iletisim-1900x660-1-1024x356.png 1024w, https:\/\/teksermakina.com\/wp-content\/uploads\/2023\/09\/tekser-makina-iletisim-1900x660-1-768x267.png 768w, https:\/\/teksermakina.com\/wp-content\/uploads\/2023\/09\/tekser-makina-iletisim-1900x660-1-1536x534.png 1536w\" \/>\t\t\t\t\t<\/div>\n\t\t\t\t<\/div>\n\n\t\t\t\t<div class=\"wrapper-content-banner wd-fill  wd-items-middle wd-justify-left\">\n\t\t\t\t\t<div class=\"content-banner  text-left\">\n\t\t\t\t\t\t<h3 class=\"banner-title wd-font-weight- wd-fontsize-xl\">ABOUT US<\/h3>\t\t\t\t\t\t\n\t\t\t\t\t\t\n\t\t\t\t\t\t\t\t\t\t\t<\/div>\n\t\t\t\t<\/div>\n\n\t\t\t\t\n\t\t\t\t\t\t\t<\/div>\n\t\t<\/div>\n\n\t\t<\/div><\/div><\/div><\/div><div class=\"vc_row-full-width vc_clearfix\"><\/div><div id=\"bizkimiz\" class=\"vc_row wpb_row vc_row-fluid vc_custom_1694153495358 wd-rs-64faba768029f\"><div class=\"wpb_column vc_column_container vc_col-sm-6\"><div class=\"vc_column-inner\"><div class=\"wpb_wrapper\">\n\t\t<div id=\"wd-65118e881953a\" class=\"title-wrapper wd-wpb set-mb-s reset-last-child  wd-rs-65118e881953a wd-title-color-default wd-title-style-default text-left  wd-underline-colored\">\n\t\t\t\n\t\t\t<div class=\"liner-continer\">\n\t\t\t\t<h4 class=\"woodmart-title-container title  wd-font-weight-600 wd-fontsize-l\" >Who We are<\/h4>\n\t\t\t\t\t\t\t<\/div>\n\t\t\t\n\t\t\t\t\t\t\t<div class=\"title-after_title  set-cont-mb-s reset-last-child  wd-fontsize-xs\">Tekser Makina was established in 2001 by Naval and Mechanical Engineer Ak\u0131n G\u00fcr\u00e7imen, known for his industry experience and vision, and Furniture Technician Cem Me\u00e7o\u011flu. This strong brand, formed by the combination of the words \u201cTechnical\u201d and \u201cService,\u201d initially aimed to provide technical support to manufacturers in the wood industry and quickly became one of the sector leaders in Turkey. Its domestic success opened the doors to international expansion. In 2002, services imported from Italy to Turkey began to be offered in Saudi Arabia, including assembly and training. In 2003, Tekser Makina expanded its influence further by entering the machine sales sector.<\/p>\n<p>Tekser Makina has expanded its product range in line with customer demands and has stood out in the industry with its innovative solutions. With machines developed to meet the production needs of our country, it rapidly increased its market share with products such as sizing machines, edging machines, drilling machines, sanding machines, boring machines, and CNC machining centers<\/div>\n\t\t\t\n\t\t\t\n\t\t<\/div>\n\t\t\n\t\t<\/div><\/div><\/div><div class=\"wpb_column about-img vc_column_container vc_col-sm-6 wd-rs-67d136d44e06e\"><div class=\"vc_column-inner vc_custom_1741764318503\"><div class=\"wpb_wrapper\">\n\t<div  class=\"wpb_single_image wpb_content_element vc_align_right\">\n\t\t\n\t\t<figure class=\"wpb_wrapper vc_figure\">\n\t\t\t<div class=\"vc_single_image-wrapper   vc_box_border_grey\"><img loading=\"lazy\" decoding=\"async\" width=\"1024\" height=\"469\" src=\"data:image\/jpg;base64,\/9j\/4AAQSkZJRgABAQEAYABgAAD\/\/gA7Q1JFQVRPUjogZ2QtanBlZyB2MS4wICh1c2luZyBJSkcgSlBFRyB2ODApLCBxdWFsaXR5ID0gODIK\/9sAQwAGBAQFBAQGBQUFBgYGBwkOCQkICAkSDQ0KDhUSFhYVEhQUFxohHBcYHxkUFB0nHR8iIyUlJRYcKSwoJCshJCUk\/9sAQwEGBgYJCAkRCQkRJBgUGCQkJCQkJCQkJCQkJCQkJCQkJCQkJCQkJCQkJCQkJCQkJCQkJCQkJCQkJCQkJCQkJCQk\/8AAEQgACgAWAwEiAAIRAQMRAf\/EAB8AAAEFAQEBAQEBAAAAAAAAAAABAgMEBQYHCAkKC\/\/EALUQAAIBAwMCBAMFBQQEAAABfQECAwAEEQUSITFBBhNRYQcicRQygZGhCCNCscEVUtHwJDNicoIJChYXGBkaJSYnKCkqNDU2Nzg5OkNERUZHSElKU1RVVldYWVpjZGVmZ2hpanN0dXZ3eHl6g4SFhoeIiYqSk5SVlpeYmZqio6Slpqeoqaqys7S1tre4ubrCw8TFxsfIycrS09TV1tfY2drh4uPk5ebn6Onq8fLz9PX29\/j5+v\/EAB8BAAMBAQEBAQEBAQEAAAAAAAABAgMEBQYHCAkKC\/\/EALURAAIBAgQEAwQHBQQEAAECdwABAgMRBAUhMQYSQVEHYXETIjKBCBRCkaGxwQkjM1LwFWJy0QoWJDThJfEXGBkaJicoKSo1Njc4OTpDREVGR0hJSlNUVVZXWFlaY2RlZmdoaWpzdHV2d3h5eoKDhIWGh4iJipKTlJWWl5iZmqKjpKWmp6ipqrKztLW2t7i5usLDxMXGx8jJytLT1NXW19jZ2uLj5OXm5+jp6vLz9PX29\/j5+v\/aAAwDAQACEQMRAD8A5Twr8Z\/FMFpcadZWlsxWfyo2lRgI8q5yecnO3JHr6V2dr8YviC2nfZzp+ixT28SksEZlkTCgADnL\/ezn2+tcZpttBHe3GyGNcy5OFAz8tdLBFGbcny0z9K82pJRk0kdtPDxauzT8K\/FbxR4v8QT2ustZ6d9ntyw+XYm7MfHLdfmNFc9ZALeykDBx2+oooVKjP3nDUHRs7XP\/2Q==\" class=\"vc_single_image-img attachment-large wd-lazy-load wd-lazy-fade\" alt=\"\" title=\"EKI\u0307P\" srcset=\"\" sizes=\"auto, (max-width: 1024px) 100vw, 1024px\" data-wood-src=\"https:\/\/teksermakina.com\/wp-content\/uploads\/2024\/06\/EKI\u0307P-1024x469.jpg\" data-srcset=\"https:\/\/teksermakina.com\/wp-content\/uploads\/2024\/06\/EKI\u0307P-1024x469.jpg 1024w, https:\/\/teksermakina.com\/wp-content\/uploads\/2024\/06\/EKI\u0307P-300x137.jpg 300w, https:\/\/teksermakina.com\/wp-content\/uploads\/2024\/06\/EKI\u0307P-768x351.jpg 768w, https:\/\/teksermakina.com\/wp-content\/uploads\/2024\/06\/EKI\u0307P-1536x703.jpg 1536w, https:\/\/teksermakina.com\/wp-content\/uploads\/2024\/06\/EKI\u0307P-2048x937.jpg 2048w, https:\/\/teksermakina.com\/wp-content\/uploads\/2024\/06\/EKI\u0307P-600x275.jpg 600w, https:\/\/teksermakina.com\/wp-content\/uploads\/2024\/06\/EKI\u0307P-250x114.jpg 250w\" \/><\/div>\n\t\t<\/figure>\n\t<\/div>\n<\/div><\/div><\/div><\/div><div class=\"vc_row wpb_row vc_row-fluid\"><div class=\"wpb_column vc_column_container vc_col-sm-12\"><div class=\"vc_column-inner\"><div class=\"wpb_wrapper\">\n\t\t<div id=\"wd-65118eb3025ed\" class=\"title-wrapper wd-wpb set-mb-s reset-last-child  wd-rs-65118eb3025ed wd-title-color-default wd-title-style-default text-left  wd-title-empty wd-underline-colored\">\n\t\t\t\n\t\t\t<div class=\"liner-continer\">\n\t\t\t\t<h4 class=\"woodmart-title-container title  wd-font-weight-600 wd-fontsize-l\" ><\/h4>\n\t\t\t\t\t\t\t<\/div>\n\t\t\t\n\t\t\t\t\t\t\t<div class=\"title-after_title  set-cont-mb-s reset-last-child  wd-fontsize-xs\">In 2017, Tekser Makina strengthened its global influence in the industry by establishing KDT Europe in Poland, a wholly Turkish-invested company. In 2022, it further solidified its presence abroad by establishing official representations in Iraq and Algeria, continuing to demonstrate a strong international presence.<\/p>\n<p>In its branding process, Tekser Makina has managed to maintain its industry influence not only with high-quality machines but also with the superior service it provides. Today, it continues to strengthen its reliability, professionalism, and customer-oriented approach in the industry with each passing day.<\/p>\n<p>The company always prioritizes employee safety and pays great attention to safety measures in all its operations. Tekser Makina reinforces its distinction in the industry by creating a modern, reputable, and reliable identity, backed by its unwavering principles and high-quality approach. What matters to us is not just selling machines, but offering an approach that provides added value to each of our customers.<\/div>\n\t\t\t\n\t\t\t\n\t\t<\/div>\n\t\t\n\t\t<\/div><\/div><\/div><\/div><div class=\"vc_row wpb_row vc_row-fluid wd-rs-64e86f20288c0\"><div class=\"wpb_column vc_column_container vc_col-sm-12\"><div class=\"vc_column-inner\"><div class=\"wpb_wrapper\"><div class=\"vc_separator wpb_content_element vc_separator_align_center vc_sep_width_20 vc_sep_border_width_5 vc_sep_pos_align_left vc_separator_no_text vc_sep_color_black\" ><span class=\"vc_sep_holder vc_sep_holder_l\"><span class=\"vc_sep_line\"><\/span><\/span><span class=\"vc_sep_holder vc_sep_holder_r\"><span class=\"vc_sep_line\"><\/span><\/span>\n<\/div><\/div><\/div><\/div><\/div><div id=\"misyonvizyon\" class=\"vc_row wpb_row vc_row-fluid vc_custom_1694153257172 wd-rs-64faba1e813da\"><div class=\"wpb_column vc_column_container vc_col-sm-6\"><div class=\"vc_column-inner\"><div class=\"wpb_wrapper\">\n\t\t<div id=\"wd-64f995903f832\" class=\"title-wrapper wd-wpb set-mb-s reset-last-child  wd-rs-64f995903f832 wd-title-color-default wd-title-style-default text-left  wd-underline-colored\">\n\t\t\t\n\t\t\t<div class=\"liner-continer\">\n\t\t\t\t<h4 class=\"woodmart-title-container title  wd-font-weight-600 wd-fontsize-l\" >Our Mission<\/h4>\n\t\t\t\t\t\t\t<\/div>\n\t\t\t\n\t\t\t\t\t\t\t<div class=\"title-after_title  set-cont-mb-s reset-last-child  wd-fontsize-xs\">As Tekser Makina, our goal is to provide our country with high-value-added, reliable, and technologically advanced machines. We contribute to our customers' success in their industries by helping them operate with the highest efficiency and the lowest waste.<\/p>\n<p>Tekser Makina quickly integrates emerging technologies, offering excellence in technical support and service. With our innovative and trained team, we work tirelessly to elevate customer satisfaction and strengthen our leadership in the industry. We respond to both today's and tomorrow's needs with the most advanced technology.<\/div>\n\t\t\t\n\t\t\t\n\t\t<\/div>\n\t\t\n\t\t<\/div><\/div><\/div><div class=\"wpb_column vc_column_container vc_col-sm-6 wd-rs-64f995ee91b09\"><div class=\"vc_column-inner\"><div class=\"wpb_wrapper\">\n\t\t<div id=\"wd-64f995b6319ca\" class=\"title-wrapper wd-wpb set-mb-s reset-last-child  wd-rs-64f995b6319ca wd-title-color-default wd-title-style-default text-left  wd-underline-colored\">\n\t\t\t\n\t\t\t<div class=\"liner-continer\">\n\t\t\t\t<h4 class=\"woodmart-title-container title  wd-font-weight-600 wd-fontsize-l\" >Our Vision<\/h4>\n\t\t\t\t\t\t\t<\/div>\n\t\t\t\n\t\t\t\t\t\t\t<div class=\"title-after_title  set-cont-mb-s reset-last-child  wd-fontsize-xs\">As Tekser Makina, our goal is to provide the highest quality service to our customers and continue to be the best in the industry in Turkey, while becoming a globally admired company. We believe that good marketing starts with providing the right and effective service.<\/p>\n<p>Tekser Makina continues to strengthen its position in the industry as an innovative, strong, and dynamic company that follows global developments, with its wide range of machines and superior technical infrastructure.<\/div>\n\t\t\t\n\t\t\t\n\t\t<\/div>\n\t\t\n\t\t<\/div><\/div><\/div><\/div><div class=\"vc_row wpb_row vc_row-fluid wd-rs-64e86f20288c0\"><div class=\"wpb_column vc_column_container vc_col-sm-12\"><div class=\"vc_column-inner\"><div class=\"wpb_wrapper\"><div class=\"vc_separator wpb_content_element vc_separator_align_center vc_sep_width_20 vc_sep_border_width_5 vc_sep_pos_align_left vc_separator_no_text vc_sep_color_black\" ><span class=\"vc_sep_holder vc_sep_holder_l\"><span class=\"vc_sep_line\"><\/span><\/span><span class=\"vc_sep_holder vc_sep_holder_r\"><span class=\"vc_sep_line\"><\/span><\/span>\n<\/div><\/div><\/div><\/div><\/div><div class=\"vc_row wpb_row vc_row-fluid\"><div class=\"wpb_column vc_column_container vc_col-sm-6\"><div class=\"vc_column-inner\"><div class=\"wpb_wrapper\">\n\t\t<div id=\"wd-64f996f05be6e\" class=\"title-wrapper wd-wpb set-mb-s reset-last-child  wd-rs-64f996f05be6e wd-title-color-default wd-title-style-default text-left  wd-underline-colored\">\n\t\t\t\n\t\t\t<div class=\"liner-continer\">\n\t\t\t\t<h4 class=\"woodmart-title-container title  wd-font-weight-600 wd-fontsize-l\" >OUR MOTTO<\/h4>\n\t\t\t\t\t\t\t<\/div>\n\t\t\t\n\t\t\t\t\t\t\t<div class=\"title-after_title  set-cont-mb-s reset-last-child  wd-fontsize-xs\">FIRST IS THE SERVICE!<\/p>\n<p>With our approach that values both people and technology, we bring a different perspective to the industry. We combine our machines with professional service and offer them to our customers at affordable prices. We believe that proper and conscious training is essential to get the maximum efficiency from our machines. Because a good user ensures the high added value that can be gained from the machines.<\/div>\n\t\t\t\n\t\t\t\n\t\t<\/div>\n\t\t\n\t\t<\/div><\/div><\/div><div class=\"wpb_column vc_column_container vc_col-sm-6\"><div class=\"vc_column-inner\"><div class=\"wpb_wrapper\">\n\t\t<div id=\"wd-67d13493bc4f0\" class=\"title-wrapper wd-wpb set-mb-s reset-last-child  wd-rs-67d13493bc4f0 wd-title-color-default wd-title-style-default text-left  wd-underline-colored\">\n\t\t\t\n\t\t\t<div class=\"liner-continer\">\n\t\t\t\t<h4 class=\"woodmart-title-container title  wd-font-weight-600 wd-fontsize-l\" >The Story of Our Logo<\/h4>\n\t\t\t\t\t\t\t<\/div>\n\t\t\t\n\t\t\t\t\t\t\t<div class=\"title-after_title  set-cont-mb-s reset-last-child  wd-fontsize-xs\">The Tekser Makina logo features a four-pointed star symbolizing the company\u2019s core principles of leadership, customer focus, innovation, and reliability. This star represents the company\u2019s strong position in the industry and its international presence. The blue color emphasizes trustworthiness and professionalism, while reflecting the brand's deep-rooted history and commitment to customer satisfaction. The clear typography on the logo symbolizes Tekser Makina's determined, innovative, and consistent communication approach.<\/div>\n\t\t\t\n\t\t\t\n\t\t<\/div>\n\t\t\n\t\t<\/div><\/div><\/div><\/div><div class=\"vc_row wpb_row vc_row-fluid\"><div class=\"wpb_column vc_column_container vc_col-sm-12\"><div class=\"vc_column-inner\"><div class=\"wpb_wrapper\">\n\t<div class=\"wpb_text_column wpb_content_element\" >\n\t\t<div class=\"wpb_wrapper\">\n\t\t\t\n\t\t<\/div>\n\t<\/div>\n<\/div><\/div><\/div><\/div>\n<\/div>","protected":false},"excerpt":{"rendered":"Hakk\u0131m\u0131zda Biz Kimiz? Tekser Makina, 2001 y\u0131l\u0131nda, sekt\u00f6rdeki deneyim ve vizyonuyla tan\u0131nan Gemi \u0130n\u015faat\u0131 ve Makine M\u00fchendisi Ak\u0131n G\u00fcr\u00e7imen ile","protected":false},"author":1,"featured_media":0,"parent":0,"menu_order":0,"comment_status":"closed","ping_status":"closed","template":"","meta":{"footnotes":""},"class_list":["post-521","page","type-page","status-publish","hentry"],"yoast_head":"<!-- This site is optimized with the Yoast SEO plugin v23.5 - https:\/\/yoast.com\/wordpress\/plugins\/seo\/ -->\n<title>HAKKIMIZDA - Tekser Makina<\/title>\n<meta name=\"robots\" content=\"index, follow, max-snippet:-1, max-image-preview:large, max-video-preview:-1\" \/>\n<link rel=\"canonical\" href=\"https:\/\/teksermakina.com\/en\/hakkimizda\/\" \/>\n<meta property=\"og:locale\" content=\"en_US\" \/>\n<meta property=\"og:type\" content=\"article\" \/>\n<meta property=\"og:title\" content=\"HAKKIMIZDA - Tekser Makina\" \/>\n<meta property=\"og:url\" content=\"https:\/\/teksermakina.com\/en\/hakkimizda\/\" \/>\n<meta property=\"og:site_name\" content=\"Tekser Makina\" \/>\n<meta property=\"article:modified_time\" content=\"2025-07-02T07:53:20+00:00\" \/>\n<meta name=\"twitter:card\" content=\"summary_large_image\" \/>\n<meta name=\"twitter:label1\" content=\"Est. reading time\" \/>\n\t<meta name=\"twitter:data1\" content=\"5 minutes\" \/>\n<script type=\"application\/ld+json\" class=\"yoast-schema-graph\">{\"@context\":\"https:\/\/schema.org\",\"@graph\":[{\"@type\":\"WebPage\",\"@id\":\"https:\/\/teksermakina.com\/hakkimizda\/\",\"url\":\"https:\/\/teksermakina.com\/hakkimizda\/\",\"name\":\"HAKKIMIZDA - Tekser Makina\",\"isPartOf\":{\"@id\":\"https:\/\/teksermakina.com\/en\/#website\"},\"datePublished\":\"2023-09-04T12:00:13+00:00\",\"dateModified\":\"2025-07-02T07:53:20+00:00\",\"breadcrumb\":{\"@id\":\"https:\/\/teksermakina.com\/hakkimizda\/#breadcrumb\"},\"inLanguage\":\"en-US\",\"potentialAction\":[{\"@type\":\"ReadAction\",\"target\":[\"https:\/\/teksermakina.com\/hakkimizda\/\"]}]},{\"@type\":\"BreadcrumbList\",\"@id\":\"https:\/\/teksermakina.com\/hakkimizda\/#breadcrumb\",\"itemListElement\":[{\"@type\":\"ListItem\",\"position\":1,\"name\":\"Anasayfa\",\"item\":\"https:\/\/teksermakina.com\/\"},{\"@type\":\"ListItem\",\"position\":2,\"name\":\"HAKKIMIZDA\"}]},{\"@type\":\"WebSite\",\"@id\":\"https:\/\/teksermakina.com\/en\/#website\",\"url\":\"https:\/\/teksermakina.com\/en\/\",\"name\":\"Tekser Makina\",\"description\":\"\",\"publisher\":{\"@id\":\"https:\/\/teksermakina.com\/en\/#organization\"},\"potentialAction\":[{\"@type\":\"SearchAction\",\"target\":{\"@type\":\"EntryPoint\",\"urlTemplate\":\"https:\/\/teksermakina.com\/en\/?s={search_term_string}\"},\"query-input\":{\"@type\":\"PropertyValueSpecification\",\"valueRequired\":true,\"valueName\":\"search_term_string\"}}],\"inLanguage\":\"en-US\"},{\"@type\":\"Organization\",\"@id\":\"https:\/\/teksermakina.com\/en\/#organization\",\"name\":\"Tekser Makina\",\"url\":\"https:\/\/teksermakina.com\/en\/\",\"logo\":{\"@type\":\"ImageObject\",\"inLanguage\":\"en-US\",\"@id\":\"https:\/\/teksermakina.com\/en\/#\/schema\/logo\/image\/\",\"url\":\"https:\/\/teksermakina.com\/wp-content\/uploads\/2023\/10\/TEKSER-BEYAZ-logoo.png\",\"contentUrl\":\"https:\/\/teksermakina.com\/wp-content\/uploads\/2023\/10\/TEKSER-BEYAZ-logoo.png\",\"width\":129,\"height\":145,\"caption\":\"Tekser Makina\"},\"image\":{\"@id\":\"https:\/\/teksermakina.com\/en\/#\/schema\/logo\/image\/\"},\"sameAs\":[\"https:\/\/www.instagram.com\/teksermakina\/\"]}]}<\/script>\n<!-- \/ Yoast SEO plugin. -->","yoast_head_json":{"title":"HAKKIMIZDA - Tekser Makina","robots":{"index":"index","follow":"follow","max-snippet":"max-snippet:-1","max-image-preview":"max-image-preview:large","max-video-preview":"max-video-preview:-1"},"canonical":"https:\/\/teksermakina.com\/en\/hakkimizda\/","og_locale":"en_US","og_type":"article","og_title":"HAKKIMIZDA - Tekser Makina","og_url":"https:\/\/teksermakina.com\/en\/hakkimizda\/","og_site_name":"Tekser Makina","article_modified_time":"2025-07-02T07:53:20+00:00","twitter_card":"summary_large_image","twitter_misc":{"Est. reading time":"5 minutes"},"schema":{"@context":"https:\/\/schema.org","@graph":[{"@type":"WebPage","@id":"https:\/\/teksermakina.com\/hakkimizda\/","url":"https:\/\/teksermakina.com\/hakkimizda\/","name":"HAKKIMIZDA - Tekser Makina","isPartOf":{"@id":"https:\/\/teksermakina.com\/en\/#website"},"datePublished":"2023-09-04T12:00:13+00:00","dateModified":"2025-07-02T07:53:20+00:00","breadcrumb":{"@id":"https:\/\/teksermakina.com\/hakkimizda\/#breadcrumb"},"inLanguage":"en-US","potentialAction":[{"@type":"ReadAction","target":["https:\/\/teksermakina.com\/hakkimizda\/"]}]},{"@type":"BreadcrumbList","@id":"https:\/\/teksermakina.com\/hakkimizda\/#breadcrumb","itemListElement":[{"@type":"ListItem","position":1,"name":"Anasayfa","item":"https:\/\/teksermakina.com\/"},{"@type":"ListItem","position":2,"name":"HAKKIMIZDA"}]},{"@type":"WebSite","@id":"https:\/\/teksermakina.com\/en\/#website","url":"https:\/\/teksermakina.com\/en\/","name":"Tekser Makina","description":"","publisher":{"@id":"https:\/\/teksermakina.com\/en\/#organization"},"potentialAction":[{"@type":"SearchAction","target":{"@type":"EntryPoint","urlTemplate":"https:\/\/teksermakina.com\/en\/?s={search_term_string}"},"query-input":{"@type":"PropertyValueSpecification","valueRequired":true,"valueName":"search_term_string"}}],"inLanguage":"en-US"},{"@type":"Organization","@id":"https:\/\/teksermakina.com\/en\/#organization","name":"Tekser Makina","url":"https:\/\/teksermakina.com\/en\/","logo":{"@type":"ImageObject","inLanguage":"en-US","@id":"https:\/\/teksermakina.com\/en\/#\/schema\/logo\/image\/","url":"https:\/\/teksermakina.com\/wp-content\/uploads\/2023\/10\/TEKSER-BEYAZ-logoo.png","contentUrl":"https:\/\/teksermakina.com\/wp-content\/uploads\/2023\/10\/TEKSER-BEYAZ-logoo.png","width":129,"height":145,"caption":"Tekser Makina"},"image":{"@id":"https:\/\/teksermakina.com\/en\/#\/schema\/logo\/image\/"},"sameAs":["https:\/\/www.instagram.com\/teksermakina\/"]}]}},"_links":{"self":[{"href":"https:\/\/teksermakina.com\/en\/wp-json\/wp\/v2\/pages\/521","targetHints":{"allow":["GET"]}}],"collection":[{"href":"https:\/\/teksermakina.com\/en\/wp-json\/wp\/v2\/pages"}],"about":[{"href":"https:\/\/teksermakina.com\/en\/wp-json\/wp\/v2\/types\/page"}],"author":[{"embeddable":true,"href":"https:\/\/teksermakina.com\/en\/wp-json\/wp\/v2\/users\/1"}],"replies":[{"embeddable":true,"href":"https:\/\/teksermakina.com\/en\/wp-json\/wp\/v2\/comments?post=521"}],"version-history":[{"count":14,"href":"https:\/\/teksermakina.com\/en\/wp-json\/wp\/v2\/pages\/521\/revisions"}],"predecessor-version":[{"id":3275,"href":"https:\/\/teksermakina.com\/en\/wp-json\/wp\/v2\/pages\/521\/revisions\/3275"}],"wp:attachment":[{"href":"https:\/\/teksermakina.com\/en\/wp-json\/wp\/v2\/media?parent=521"}],"curies":[{"name":"wp","href":"https:\/\/api.w.org\/{rel}","templated":true}]}}