{"id":1010,"date":"2023-09-19T07:18:25","date_gmt":"2023-09-19T07:18:25","guid":{"rendered":"https:\/\/teksermakina.com\/?post_type=product&#038;p=1010"},"modified":"2026-03-03T09:25:15","modified_gmt":"2026-03-03T09:25:15","slug":"kenar-bantlama-kdt-305mc","status":"publish","type":"product","link":"https:\/\/teksermakina.com\/en\/product\/kenar-bantlama-kdt-305mc\/","title":{"rendered":"KDT &#8211; 305MC"},"content":{"rendered":"<div class=\"wpb-content-wrapper\"><div id=\"table\" class=\"vc_row wpb_row vc_row-fluid table wd-rs-6523c3dd9a1d9\"><div class=\"wpb_column vc_column_container vc_col-sm-12\"><div class=\"vc_column-inner\"><div class=\"wpb_wrapper\"><div class=\"vc_separator wpb_content_element vc_separator_align_center vc_sep_width_100 vc_sep_pos_align_center vc_sep_color_grey vc_separator-has-text\" ><span class=\"vc_sep_holder vc_sep_holder_l\"><span class=\"vc_sep_line\"><\/span><\/span><h4>Technical Features<\/h4><span class=\"vc_sep_holder vc_sep_holder_r\"><span class=\"vc_sep_line\"><\/span><\/span>\n<\/div>\n\t<div class=\"wpb_text_column wpb_content_element\" >\n\t\t<div class=\"wpb_wrapper\">\n\t\t\t<table style=\"height: 151px;\" width=\"828\">\n<tbody>\n<tr>\n<td colspan=\"8\" width=\"272\">Paketleme Boyutu<\/td>\n<td colspan=\"8\" width=\"272\">1990L*1150W*1480H<\/td>\n<\/tr>\n<tr>\n<td colspan=\"8\">Sal\u0131n\u0131ml\u0131 Kol \u00c7al\u0131\u015fma Alan\u0131<\/td>\n<td colspan=\"8\">4300L \u00d7 4000W \u00d7 1400H (mm)<\/td>\n<\/tr>\n<tr>\n<td colspan=\"8\">\u00c7al\u0131\u015fma Alan\u0131<\/td>\n<td colspan=\"8\">300 mm \u2264 \u00e7apraz uzunluk \u2264 2700 mm<\/td>\n<\/tr>\n<tr>\n<td colspan=\"8\">Minimum \u0130\u00e7 Yay Yar\u0131\u00e7ap\u0131<\/td>\n<td colspan=\"8\">20 mm<\/td>\n<\/tr>\n<tr>\n<td colspan=\"8\">Kenar Band\u0131 Kal\u0131nl\u0131\u011f\u0131<\/td>\n<td colspan=\"8\">0.5-3 mm<\/td>\n<\/tr>\n<tr>\n<td colspan=\"8\" rowspan=\"2\">Kesme Malzemesi Kal\u0131nl\u0131\u011f\u0131<\/td>\n<td colspan=\"8\" rowspan=\"2\" width=\"272\">&lt;14 mm (tek d\u00fcz kenar), 14 \u2013 70 mm (\u00fcst ve alt kesme)<\/td>\n<\/tr>\n<\/tbody>\n<\/table>\n<table style=\"height: 47px;\" width=\"824\">\n<tbody>\n<tr>\n<td colspan=\"8\" rowspan=\"2\" width=\"272\">Besleme H\u0131z\u0131<\/td>\n<td colspan=\"8\" rowspan=\"2\" width=\"272\">Manuel besleme: 1 \u2013 17 m\/dak, Otomatik besleme ve kenar bantlama: 1 \u2013 10 m\/dak<\/td>\n<\/tr>\n<\/tbody>\n<\/table>\n\n\t\t<\/div>\n\t<\/div>\n<\/div><\/div><\/div><\/div><div class=\"vc_row wpb_row vc_row-fluid\"><div class=\"wpb_column vc_column_container vc_col-sm-12\"><div class=\"vc_column-inner\"><div class=\"wpb_wrapper\"><div class=\"vc_separator wpb_content_element vc_separator_align_center vc_sep_width_100 vc_sep_pos_align_center vc_sep_color_grey vc_separator-has-text\" ><span class=\"vc_sep_holder vc_sep_holder_l\"><span class=\"vc_sep_line\"><\/span><\/span><h4>Machine Video<\/h4><span class=\"vc_sep_holder vc_sep_holder_r\"><span class=\"vc_sep_line\"><\/span><\/span>\n<\/div>\n\t<div class=\"wpb_video_widget wpb_content_element vc_clearfix vc_video-aspect-ratio-169 vc_video-el-width-100 vc_video-align-left wd-rs-6964b0d740805\" >\n\t\t<div class=\"wpb_wrapper\">\n\t\t\t\n\t\t\t<div class=\"wpb_video_wrapper\"><iframe loading=\"lazy\" title=\"KDT - 305MC\" width=\"500\" height=\"281\" src=\"https:\/\/www.youtube.com\/embed\/ablZ39s6kHU?feature=oembed\" frameborder=\"0\" allow=\"accelerometer; autoplay; clipboard-write; encrypted-media; gyroscope; picture-in-picture; web-share\" referrerpolicy=\"strict-origin-when-cross-origin\" allowfullscreen><\/iframe><\/div>\n\t\t<\/div>\n\t<\/div>\n<\/div><\/div><\/div><\/div><div id=\"teknik-parametreler\" class=\"vc_row wpb_row vc_row-fluid teknik-parametreler wd-rs-6523fcabb6c43\"><div class=\"wpb_column vc_column_container vc_col-sm-4\"><div class=\"vc_column-inner\"><div class=\"wpb_wrapper\"><\/div><\/div><\/div><div class=\"wpb_column vc_column_container vc_col-sm-4\"><div class=\"vc_column-inner\"><div class=\"wpb_wrapper\"><\/div><\/div><\/div><div class=\"wpb_column vc_column_container vc_col-sm-4\"><div class=\"vc_column-inner\"><div class=\"wpb_wrapper\"><\/div><\/div><\/div><\/div><div id=\"urun-videomuz\" class=\"vc_row wpb_row vc_row-fluid urun-videomuz wd-rs-668e297760c08\"><div class=\"wpb_column vc_column_container vc_col-sm-12\"><div class=\"vc_column-inner\"><div class=\"wpb_wrapper\"><\/div><\/div><\/div><\/div>\n<\/div>","protected":false},"excerpt":{"rendered":"<p><strong>Products Details<\/strong><\/p>\n<p data-start=\"55\" data-end=\"94\">Az yer kaplar, alan tasarrufu sa\u011flar.<br \/>\nSallan\u0131r kol mekanizmas\u0131 ile oval, yuvarlak ve yuvarlak k\u00f6\u015feli panellerde esnek kenar bantlama yapar.<br \/>\nMobilya par\u00e7alar\u0131na estetik ve \u00f6zg\u00fcn g\u00f6r\u00fcn\u00fcm kazand\u0131r\u0131r.<br \/>\nOtomatik lazer bant tan\u0131ma ile hassas konumland\u0131rma sa\u011flar.<br \/>\nK\u00f6\u015fe bantlama i\u00e7in otomatik h\u0131zlanma ve yava\u015flama \u00f6zelli\u011fine sahiptir.<br \/>\n40 adede kadar d\u00fczenlenebilir i\u015fleme re\u00e7etesi destekler.<br \/>\nFarkl\u0131 \u015fekilli panellere uygundur, h\u0131zl\u0131 ve verimli \u00e7al\u0131\u015fma sunar.<br \/>\n\u00dcstten yap\u0131\u015ft\u0131rma \u00fcnitesi bulunur; opsiyonel \u00e7ift renkli PUR yap\u0131\u015ft\u0131r\u0131c\u0131 sistemi mevcuttur.<\/p>\n<p><a class=\"button\" href=\"#table\">Technical Features<\/a> <a class=\"button\" href=\"https:\/\/teksermakina.com\/urun\/kd533\/#table\">Machine Video<\/a><\/p>","protected":false},"featured_media":3608,"template":"","meta":[],"product_cat":[47],"product_tag":[28],"class_list":{"0":"post-1010","1":"product","2":"type-product","3":"status-publish","4":"has-post-thumbnail","6":"product_cat-egri-kenar-bantlama-makinalari","7":"product_tag-kenar-bantlama-makinalari","9":"first","10":"instock","11":"shipping-taxable","12":"product-type-simple"},"yoast_head":"<!-- This site is optimized with the Yoast SEO plugin v23.5 - https:\/\/yoast.com\/wordpress\/plugins\/seo\/ -->\n<title>KDT - 305MC - Tekser Makina<\/title>\n<meta name=\"description\" content=\"Tekser Makina KDT - 305MC -\" \/>\n<meta name=\"robots\" content=\"index, follow, max-snippet:-1, max-image-preview:large, max-video-preview:-1\" \/>\n<link rel=\"canonical\" href=\"https:\/\/teksermakina.com\/en\/product\/kenar-bantlama-kdt-305mc\/\" \/>\n<meta property=\"og:locale\" content=\"en_US\" \/>\n<meta property=\"og:type\" content=\"article\" \/>\n<meta property=\"og:title\" content=\"KDT - 305MC - Tekser Makina\" \/>\n<meta property=\"og:description\" content=\"Tekser Makina KDT - 305MC -\" \/>\n<meta property=\"og:url\" content=\"https:\/\/teksermakina.com\/en\/product\/kenar-bantlama-kdt-305mc\/\" \/>\n<meta property=\"og:site_name\" content=\"Tekser Makina\" \/>\n<meta property=\"article:modified_time\" content=\"2026-03-03T09:25:15+00:00\" \/>\n<meta property=\"og:image\" content=\"https:\/\/teksermakina.com\/wp-content\/uploads\/2023\/09\/Adsiz-tasarim-2026-03-02T123236.693.png\" \/>\n\t<meta property=\"og:image:width\" content=\"1000\" \/>\n\t<meta property=\"og:image:height\" content=\"1000\" \/>\n\t<meta property=\"og:image:type\" content=\"image\/png\" \/>\n<meta name=\"twitter:card\" content=\"summary_large_image\" \/>\n<meta name=\"twitter:label1\" content=\"Est. reading time\" \/>\n\t<meta name=\"twitter:data1\" content=\"1 minute\" \/>\n<script type=\"application\/ld+json\" class=\"yoast-schema-graph\">{\"@context\":\"https:\/\/schema.org\",\"@graph\":[{\"@type\":\"WebPage\",\"@id\":\"https:\/\/teksermakina.com\/urun\/kenar-bantlama-kdt-305mc\/\",\"url\":\"https:\/\/teksermakina.com\/urun\/kenar-bantlama-kdt-305mc\/\",\"name\":\"KDT - 305MC - Tekser Makina\",\"isPartOf\":{\"@id\":\"https:\/\/teksermakina.com\/en\/#website\"},\"primaryImageOfPage\":{\"@id\":\"https:\/\/teksermakina.com\/urun\/kenar-bantlama-kdt-305mc\/#primaryimage\"},\"image\":{\"@id\":\"https:\/\/teksermakina.com\/urun\/kenar-bantlama-kdt-305mc\/#primaryimage\"},\"thumbnailUrl\":\"https:\/\/teksermakina.com\/wp-content\/uploads\/2023\/09\/Adsiz-tasarim-2026-03-02T123236.693.png\",\"datePublished\":\"2023-09-19T07:18:25+00:00\",\"dateModified\":\"2026-03-03T09:25:15+00:00\",\"description\":\"Tekser Makina KDT - 305MC -\",\"breadcrumb\":{\"@id\":\"https:\/\/teksermakina.com\/urun\/kenar-bantlama-kdt-305mc\/#breadcrumb\"},\"inLanguage\":\"en-US\",\"potentialAction\":[{\"@type\":\"ReadAction\",\"target\":[\"https:\/\/teksermakina.com\/urun\/kenar-bantlama-kdt-305mc\/\"]}]},{\"@type\":\"ImageObject\",\"inLanguage\":\"en-US\",\"@id\":\"https:\/\/teksermakina.com\/urun\/kenar-bantlama-kdt-305mc\/#primaryimage\",\"url\":\"https:\/\/teksermakina.com\/wp-content\/uploads\/2023\/09\/Adsiz-tasarim-2026-03-02T123236.693.png\",\"contentUrl\":\"https:\/\/teksermakina.com\/wp-content\/uploads\/2023\/09\/Adsiz-tasarim-2026-03-02T123236.693.png\",\"width\":1000,\"height\":1000},{\"@type\":\"BreadcrumbList\",\"@id\":\"https:\/\/teksermakina.com\/urun\/kenar-bantlama-kdt-305mc\/#breadcrumb\",\"itemListElement\":[{\"@type\":\"ListItem\",\"position\":1,\"name\":\"Anasayfa\",\"item\":\"https:\/\/teksermakina.com\/\"},{\"@type\":\"ListItem\",\"position\":2,\"name\":\"\u00dcr\u00fcnler\",\"item\":\"https:\/\/teksermakina.com\/urunler-111\/\"},{\"@type\":\"ListItem\",\"position\":3,\"name\":\"KDT &#8211; 305MC\"}]},{\"@type\":\"WebSite\",\"@id\":\"https:\/\/teksermakina.com\/en\/#website\",\"url\":\"https:\/\/teksermakina.com\/en\/\",\"name\":\"Tekser Makina\",\"description\":\"\",\"publisher\":{\"@id\":\"https:\/\/teksermakina.com\/en\/#organization\"},\"potentialAction\":[{\"@type\":\"SearchAction\",\"target\":{\"@type\":\"EntryPoint\",\"urlTemplate\":\"https:\/\/teksermakina.com\/en\/?s={search_term_string}\"},\"query-input\":{\"@type\":\"PropertyValueSpecification\",\"valueRequired\":true,\"valueName\":\"search_term_string\"}}],\"inLanguage\":\"en-US\"},{\"@type\":\"Organization\",\"@id\":\"https:\/\/teksermakina.com\/en\/#organization\",\"name\":\"Tekser Makina\",\"url\":\"https:\/\/teksermakina.com\/en\/\",\"logo\":{\"@type\":\"ImageObject\",\"inLanguage\":\"en-US\",\"@id\":\"https:\/\/teksermakina.com\/en\/#\/schema\/logo\/image\/\",\"url\":\"https:\/\/teksermakina.com\/wp-content\/uploads\/2023\/10\/TEKSER-BEYAZ-logoo.png\",\"contentUrl\":\"https:\/\/teksermakina.com\/wp-content\/uploads\/2023\/10\/TEKSER-BEYAZ-logoo.png\",\"width\":129,\"height\":145,\"caption\":\"Tekser Makina\"},\"image\":{\"@id\":\"https:\/\/teksermakina.com\/en\/#\/schema\/logo\/image\/\"},\"sameAs\":[\"https:\/\/www.instagram.com\/teksermakina\/\"]}]}<\/script>\n<!-- \/ Yoast SEO plugin. -->","yoast_head_json":{"title":"KDT - 305MC - Tekser Makina","description":"Tekser Makina KDT - 305MC -","robots":{"index":"index","follow":"follow","max-snippet":"max-snippet:-1","max-image-preview":"max-image-preview:large","max-video-preview":"max-video-preview:-1"},"canonical":"https:\/\/teksermakina.com\/en\/product\/kenar-bantlama-kdt-305mc\/","og_locale":"en_US","og_type":"article","og_title":"KDT - 305MC - Tekser Makina","og_description":"Tekser Makina KDT - 305MC -","og_url":"https:\/\/teksermakina.com\/en\/product\/kenar-bantlama-kdt-305mc\/","og_site_name":"Tekser Makina","article_modified_time":"2026-03-03T09:25:15+00:00","og_image":[{"width":1000,"height":1000,"url":"https:\/\/teksermakina.com\/wp-content\/uploads\/2023\/09\/Adsiz-tasarim-2026-03-02T123236.693.png","type":"image\/png"}],"twitter_card":"summary_large_image","twitter_misc":{"Est. reading time":"1 minute"},"schema":{"@context":"https:\/\/schema.org","@graph":[{"@type":"WebPage","@id":"https:\/\/teksermakina.com\/urun\/kenar-bantlama-kdt-305mc\/","url":"https:\/\/teksermakina.com\/urun\/kenar-bantlama-kdt-305mc\/","name":"KDT - 305MC - Tekser Makina","isPartOf":{"@id":"https:\/\/teksermakina.com\/en\/#website"},"primaryImageOfPage":{"@id":"https:\/\/teksermakina.com\/urun\/kenar-bantlama-kdt-305mc\/#primaryimage"},"image":{"@id":"https:\/\/teksermakina.com\/urun\/kenar-bantlama-kdt-305mc\/#primaryimage"},"thumbnailUrl":"https:\/\/teksermakina.com\/wp-content\/uploads\/2023\/09\/Adsiz-tasarim-2026-03-02T123236.693.png","datePublished":"2023-09-19T07:18:25+00:00","dateModified":"2026-03-03T09:25:15+00:00","description":"Tekser Makina KDT - 305MC -","breadcrumb":{"@id":"https:\/\/teksermakina.com\/urun\/kenar-bantlama-kdt-305mc\/#breadcrumb"},"inLanguage":"en-US","potentialAction":[{"@type":"ReadAction","target":["https:\/\/teksermakina.com\/urun\/kenar-bantlama-kdt-305mc\/"]}]},{"@type":"ImageObject","inLanguage":"en-US","@id":"https:\/\/teksermakina.com\/urun\/kenar-bantlama-kdt-305mc\/#primaryimage","url":"https:\/\/teksermakina.com\/wp-content\/uploads\/2023\/09\/Adsiz-tasarim-2026-03-02T123236.693.png","contentUrl":"https:\/\/teksermakina.com\/wp-content\/uploads\/2023\/09\/Adsiz-tasarim-2026-03-02T123236.693.png","width":1000,"height":1000},{"@type":"BreadcrumbList","@id":"https:\/\/teksermakina.com\/urun\/kenar-bantlama-kdt-305mc\/#breadcrumb","itemListElement":[{"@type":"ListItem","position":1,"name":"Anasayfa","item":"https:\/\/teksermakina.com\/"},{"@type":"ListItem","position":2,"name":"\u00dcr\u00fcnler","item":"https:\/\/teksermakina.com\/urunler-111\/"},{"@type":"ListItem","position":3,"name":"KDT &#8211; 305MC"}]},{"@type":"WebSite","@id":"https:\/\/teksermakina.com\/en\/#website","url":"https:\/\/teksermakina.com\/en\/","name":"Tekser Makina","description":"","publisher":{"@id":"https:\/\/teksermakina.com\/en\/#organization"},"potentialAction":[{"@type":"SearchAction","target":{"@type":"EntryPoint","urlTemplate":"https:\/\/teksermakina.com\/en\/?s={search_term_string}"},"query-input":{"@type":"PropertyValueSpecification","valueRequired":true,"valueName":"search_term_string"}}],"inLanguage":"en-US"},{"@type":"Organization","@id":"https:\/\/teksermakina.com\/en\/#organization","name":"Tekser Makina","url":"https:\/\/teksermakina.com\/en\/","logo":{"@type":"ImageObject","inLanguage":"en-US","@id":"https:\/\/teksermakina.com\/en\/#\/schema\/logo\/image\/","url":"https:\/\/teksermakina.com\/wp-content\/uploads\/2023\/10\/TEKSER-BEYAZ-logoo.png","contentUrl":"https:\/\/teksermakina.com\/wp-content\/uploads\/2023\/10\/TEKSER-BEYAZ-logoo.png","width":129,"height":145,"caption":"Tekser Makina"},"image":{"@id":"https:\/\/teksermakina.com\/en\/#\/schema\/logo\/image\/"},"sameAs":["https:\/\/www.instagram.com\/teksermakina\/"]}]}},"_links":{"self":[{"href":"https:\/\/teksermakina.com\/en\/wp-json\/wp\/v2\/product\/1010","targetHints":{"allow":["GET"]}}],"collection":[{"href":"https:\/\/teksermakina.com\/en\/wp-json\/wp\/v2\/product"}],"about":[{"href":"https:\/\/teksermakina.com\/en\/wp-json\/wp\/v2\/types\/product"}],"wp:featuredmedia":[{"embeddable":true,"href":"https:\/\/teksermakina.com\/en\/wp-json\/wp\/v2\/media\/3608"}],"wp:attachment":[{"href":"https:\/\/teksermakina.com\/en\/wp-json\/wp\/v2\/media?parent=1010"}],"wp:term":[{"taxonomy":"product_cat","embeddable":true,"href":"https:\/\/teksermakina.com\/en\/wp-json\/wp\/v2\/product_cat?post=1010"},{"taxonomy":"product_tag","embeddable":true,"href":"https:\/\/teksermakina.com\/en\/wp-json\/wp\/v2\/product_tag?post=1010"}],"curies":[{"name":"wp","href":"https:\/\/api.w.org\/{rel}","templated":true}]}}