{"id":167,"date":"2023-08-24T14:39:13","date_gmt":"2023-08-24T14:39:13","guid":{"rendered":"https:\/\/teksermakina.com\/?post_type=product&#038;p=167"},"modified":"2026-03-03T09:25:59","modified_gmt":"2026-03-03T09:25:59","slug":"cnc-duz-tabla-coklu-hat-yukleme-ve-bosaltmali-robotlu-otomasyon","status":"publish","type":"product","link":"https:\/\/teksermakina.com\/en\/product\/cnc-duz-tabla-coklu-hat-yukleme-ve-bosaltmali-robotlu-otomasyon\/","title":{"rendered":"CNC D\u00fcz Tabla \u00c7oklu Hat Y\u00fckleme ve Bo\u015faltmal\u0131 Robotlu Otomasyon"},"content":{"rendered":"<div class=\"wpb-content-wrapper\"><div id=\"teknik-parametreler\" class=\"vc_row wpb_row vc_row-fluid teknik-parametreler wd-rs-6523fcabb6c43\"><div class=\"wpb_column vc_column_container vc_col-sm-12\"><div class=\"vc_column-inner\"><div class=\"wpb_wrapper\"><\/div><\/div><\/div><\/div><div id=\"urun-videomuz\" class=\"vc_row wpb_row vc_row-fluid urun-videomuz wd-rs-668e297760c08\"><div class=\"wpb_column vc_column_container vc_col-sm-12\"><div class=\"vc_column-inner\"><div class=\"wpb_wrapper\"><div class=\"vc_separator wpb_content_element vc_separator_align_center vc_sep_width_100 vc_sep_border_width_3 vc_sep_pos_align_center vc_separator_no_text vc_sep_color_grey\" ><span class=\"vc_sep_holder vc_sep_holder_l\"><span class=\"vc_sep_line\"><\/span><\/span><span class=\"vc_sep_holder vc_sep_holder_r\"><span class=\"vc_sep_line\"><\/span><\/span>\n<\/div><\/div><\/div><\/div><\/div><div class=\"vc_row wpb_row vc_row-fluid\"><div class=\"wpb_column vc_column_container vc_col-sm-4\"><div class=\"vc_column-inner\"><div class=\"wpb_wrapper\"><\/div><\/div><\/div><\/div>\n<\/div>","protected":false},"excerpt":{"rendered":"","protected":false},"featured_media":3171,"template":"","meta":[],"product_cat":[36],"product_tag":[25],"class_list":{"0":"post-167","1":"product","2":"type-product","3":"status-publish","4":"has-post-thumbnail","6":"product_cat-otomasyon-duzlem-cnc-makinalari","7":"product_tag-duzlem-cnc-makinalari","9":"first","10":"instock","11":"shipping-taxable","12":"product-type-simple"},"yoast_head":"<!-- This site is optimized with the Yoast SEO plugin v23.5 - https:\/\/yoast.com\/wordpress\/plugins\/seo\/ -->\n<title>CNC D\u00fcz Tabla \u00c7oklu Hat Y\u00fckleme ve Bo\u015faltmal\u0131 Robotlu Otomasyon - Tekser Makina<\/title>\n<meta name=\"robots\" content=\"index, follow, max-snippet:-1, max-image-preview:large, max-video-preview:-1\" \/>\n<link rel=\"canonical\" href=\"https:\/\/teksermakina.com\/en\/product\/cnc-duz-tabla-coklu-hat-yukleme-ve-bosaltmali-robotlu-otomasyon\/\" \/>\n<meta property=\"og:locale\" content=\"en_US\" \/>\n<meta property=\"og:type\" content=\"article\" \/>\n<meta property=\"og:title\" content=\"CNC D\u00fcz Tabla \u00c7oklu Hat Y\u00fckleme ve Bo\u015faltmal\u0131 Robotlu Otomasyon - Tekser Makina\" \/>\n<meta property=\"og:url\" content=\"https:\/\/teksermakina.com\/en\/product\/cnc-duz-tabla-coklu-hat-yukleme-ve-bosaltmali-robotlu-otomasyon\/\" \/>\n<meta property=\"og:site_name\" content=\"Tekser Makina\" \/>\n<meta property=\"article:modified_time\" content=\"2026-03-03T09:25:59+00:00\" \/>\n<meta property=\"og:image\" content=\"https:\/\/teksermakina.com\/wp-content\/uploads\/2023\/08\/CNC-Duz-Tabla-Coklu-Hat-Yukleme-ve-Bosaltmali-Robotlu-Otomasyon-3.png\" \/>\n\t<meta property=\"og:image:width\" content=\"1000\" \/>\n\t<meta property=\"og:image:height\" content=\"631\" \/>\n\t<meta property=\"og:image:type\" content=\"image\/png\" \/>\n<meta name=\"twitter:card\" content=\"summary_large_image\" \/>\n<meta name=\"twitter:label1\" content=\"Est. reading time\" \/>\n\t<meta name=\"twitter:data1\" content=\"1 minute\" \/>\n<script type=\"application\/ld+json\" class=\"yoast-schema-graph\">{\"@context\":\"https:\/\/schema.org\",\"@graph\":[{\"@type\":\"WebPage\",\"@id\":\"https:\/\/teksermakina.com\/urun\/cnc-duz-tabla-coklu-hat-yukleme-ve-bosaltmali-robotlu-otomasyon\/\",\"url\":\"https:\/\/teksermakina.com\/urun\/cnc-duz-tabla-coklu-hat-yukleme-ve-bosaltmali-robotlu-otomasyon\/\",\"name\":\"CNC D\u00fcz Tabla \u00c7oklu Hat Y\u00fckleme ve Bo\u015faltmal\u0131 Robotlu Otomasyon - Tekser Makina\",\"isPartOf\":{\"@id\":\"https:\/\/teksermakina.com\/en\/#website\"},\"primaryImageOfPage\":{\"@id\":\"https:\/\/teksermakina.com\/urun\/cnc-duz-tabla-coklu-hat-yukleme-ve-bosaltmali-robotlu-otomasyon\/#primaryimage\"},\"image\":{\"@id\":\"https:\/\/teksermakina.com\/urun\/cnc-duz-tabla-coklu-hat-yukleme-ve-bosaltmali-robotlu-otomasyon\/#primaryimage\"},\"thumbnailUrl\":\"https:\/\/teksermakina.com\/wp-content\/uploads\/2023\/08\/CNC-Duz-Tabla-Coklu-Hat-Yukleme-ve-Bosaltmali-Robotlu-Otomasyon-3.png\",\"datePublished\":\"2023-08-24T14:39:13+00:00\",\"dateModified\":\"2026-03-03T09:25:59+00:00\",\"breadcrumb\":{\"@id\":\"https:\/\/teksermakina.com\/urun\/cnc-duz-tabla-coklu-hat-yukleme-ve-bosaltmali-robotlu-otomasyon\/#breadcrumb\"},\"inLanguage\":\"en-US\",\"potentialAction\":[{\"@type\":\"ReadAction\",\"target\":[\"https:\/\/teksermakina.com\/urun\/cnc-duz-tabla-coklu-hat-yukleme-ve-bosaltmali-robotlu-otomasyon\/\"]}]},{\"@type\":\"ImageObject\",\"inLanguage\":\"en-US\",\"@id\":\"https:\/\/teksermakina.com\/urun\/cnc-duz-tabla-coklu-hat-yukleme-ve-bosaltmali-robotlu-otomasyon\/#primaryimage\",\"url\":\"https:\/\/teksermakina.com\/wp-content\/uploads\/2023\/08\/CNC-Duz-Tabla-Coklu-Hat-Yukleme-ve-Bosaltmali-Robotlu-Otomasyon-3.png\",\"contentUrl\":\"https:\/\/teksermakina.com\/wp-content\/uploads\/2023\/08\/CNC-Duz-Tabla-Coklu-Hat-Yukleme-ve-Bosaltmali-Robotlu-Otomasyon-3.png\",\"width\":1000,\"height\":631},{\"@type\":\"BreadcrumbList\",\"@id\":\"https:\/\/teksermakina.com\/urun\/cnc-duz-tabla-coklu-hat-yukleme-ve-bosaltmali-robotlu-otomasyon\/#breadcrumb\",\"itemListElement\":[{\"@type\":\"ListItem\",\"position\":1,\"name\":\"Anasayfa\",\"item\":\"https:\/\/teksermakina.com\/\"},{\"@type\":\"ListItem\",\"position\":2,\"name\":\"\u00dcr\u00fcnler\",\"item\":\"https:\/\/teksermakina.com\/urunler-111\/\"},{\"@type\":\"ListItem\",\"position\":3,\"name\":\"CNC D\u00fcz Tabla \u00c7oklu Hat Y\u00fckleme ve Bo\u015faltmal\u0131 Robotlu Otomasyon\"}]},{\"@type\":\"WebSite\",\"@id\":\"https:\/\/teksermakina.com\/en\/#website\",\"url\":\"https:\/\/teksermakina.com\/en\/\",\"name\":\"Tekser Makina\",\"description\":\"\",\"publisher\":{\"@id\":\"https:\/\/teksermakina.com\/en\/#organization\"},\"potentialAction\":[{\"@type\":\"SearchAction\",\"target\":{\"@type\":\"EntryPoint\",\"urlTemplate\":\"https:\/\/teksermakina.com\/en\/?s={search_term_string}\"},\"query-input\":{\"@type\":\"PropertyValueSpecification\",\"valueRequired\":true,\"valueName\":\"search_term_string\"}}],\"inLanguage\":\"en-US\"},{\"@type\":\"Organization\",\"@id\":\"https:\/\/teksermakina.com\/en\/#organization\",\"name\":\"Tekser Makina\",\"url\":\"https:\/\/teksermakina.com\/en\/\",\"logo\":{\"@type\":\"ImageObject\",\"inLanguage\":\"en-US\",\"@id\":\"https:\/\/teksermakina.com\/en\/#\/schema\/logo\/image\/\",\"url\":\"https:\/\/teksermakina.com\/wp-content\/uploads\/2023\/10\/TEKSER-BEYAZ-logoo.png\",\"contentUrl\":\"https:\/\/teksermakina.com\/wp-content\/uploads\/2023\/10\/TEKSER-BEYAZ-logoo.png\",\"width\":129,\"height\":145,\"caption\":\"Tekser Makina\"},\"image\":{\"@id\":\"https:\/\/teksermakina.com\/en\/#\/schema\/logo\/image\/\"},\"sameAs\":[\"https:\/\/www.instagram.com\/teksermakina\/\"]}]}<\/script>\n<!-- \/ Yoast SEO plugin. -->","yoast_head_json":{"title":"CNC D\u00fcz Tabla \u00c7oklu Hat Y\u00fckleme ve Bo\u015faltmal\u0131 Robotlu Otomasyon - Tekser Makina","robots":{"index":"index","follow":"follow","max-snippet":"max-snippet:-1","max-image-preview":"max-image-preview:large","max-video-preview":"max-video-preview:-1"},"canonical":"https:\/\/teksermakina.com\/en\/product\/cnc-duz-tabla-coklu-hat-yukleme-ve-bosaltmali-robotlu-otomasyon\/","og_locale":"en_US","og_type":"article","og_title":"CNC D\u00fcz Tabla \u00c7oklu Hat Y\u00fckleme ve Bo\u015faltmal\u0131 Robotlu Otomasyon - Tekser Makina","og_url":"https:\/\/teksermakina.com\/en\/product\/cnc-duz-tabla-coklu-hat-yukleme-ve-bosaltmali-robotlu-otomasyon\/","og_site_name":"Tekser Makina","article_modified_time":"2026-03-03T09:25:59+00:00","og_image":[{"width":1000,"height":631,"url":"https:\/\/teksermakina.com\/wp-content\/uploads\/2023\/08\/CNC-Duz-Tabla-Coklu-Hat-Yukleme-ve-Bosaltmali-Robotlu-Otomasyon-3.png","type":"image\/png"}],"twitter_card":"summary_large_image","twitter_misc":{"Est. reading time":"1 minute"},"schema":{"@context":"https:\/\/schema.org","@graph":[{"@type":"WebPage","@id":"https:\/\/teksermakina.com\/urun\/cnc-duz-tabla-coklu-hat-yukleme-ve-bosaltmali-robotlu-otomasyon\/","url":"https:\/\/teksermakina.com\/urun\/cnc-duz-tabla-coklu-hat-yukleme-ve-bosaltmali-robotlu-otomasyon\/","name":"CNC D\u00fcz Tabla \u00c7oklu Hat Y\u00fckleme ve Bo\u015faltmal\u0131 Robotlu Otomasyon - Tekser Makina","isPartOf":{"@id":"https:\/\/teksermakina.com\/en\/#website"},"primaryImageOfPage":{"@id":"https:\/\/teksermakina.com\/urun\/cnc-duz-tabla-coklu-hat-yukleme-ve-bosaltmali-robotlu-otomasyon\/#primaryimage"},"image":{"@id":"https:\/\/teksermakina.com\/urun\/cnc-duz-tabla-coklu-hat-yukleme-ve-bosaltmali-robotlu-otomasyon\/#primaryimage"},"thumbnailUrl":"https:\/\/teksermakina.com\/wp-content\/uploads\/2023\/08\/CNC-Duz-Tabla-Coklu-Hat-Yukleme-ve-Bosaltmali-Robotlu-Otomasyon-3.png","datePublished":"2023-08-24T14:39:13+00:00","dateModified":"2026-03-03T09:25:59+00:00","breadcrumb":{"@id":"https:\/\/teksermakina.com\/urun\/cnc-duz-tabla-coklu-hat-yukleme-ve-bosaltmali-robotlu-otomasyon\/#breadcrumb"},"inLanguage":"en-US","potentialAction":[{"@type":"ReadAction","target":["https:\/\/teksermakina.com\/urun\/cnc-duz-tabla-coklu-hat-yukleme-ve-bosaltmali-robotlu-otomasyon\/"]}]},{"@type":"ImageObject","inLanguage":"en-US","@id":"https:\/\/teksermakina.com\/urun\/cnc-duz-tabla-coklu-hat-yukleme-ve-bosaltmali-robotlu-otomasyon\/#primaryimage","url":"https:\/\/teksermakina.com\/wp-content\/uploads\/2023\/08\/CNC-Duz-Tabla-Coklu-Hat-Yukleme-ve-Bosaltmali-Robotlu-Otomasyon-3.png","contentUrl":"https:\/\/teksermakina.com\/wp-content\/uploads\/2023\/08\/CNC-Duz-Tabla-Coklu-Hat-Yukleme-ve-Bosaltmali-Robotlu-Otomasyon-3.png","width":1000,"height":631},{"@type":"BreadcrumbList","@id":"https:\/\/teksermakina.com\/urun\/cnc-duz-tabla-coklu-hat-yukleme-ve-bosaltmali-robotlu-otomasyon\/#breadcrumb","itemListElement":[{"@type":"ListItem","position":1,"name":"Anasayfa","item":"https:\/\/teksermakina.com\/"},{"@type":"ListItem","position":2,"name":"\u00dcr\u00fcnler","item":"https:\/\/teksermakina.com\/urunler-111\/"},{"@type":"ListItem","position":3,"name":"CNC D\u00fcz Tabla \u00c7oklu Hat Y\u00fckleme ve Bo\u015faltmal\u0131 Robotlu Otomasyon"}]},{"@type":"WebSite","@id":"https:\/\/teksermakina.com\/en\/#website","url":"https:\/\/teksermakina.com\/en\/","name":"Tekser Makina","description":"","publisher":{"@id":"https:\/\/teksermakina.com\/en\/#organization"},"potentialAction":[{"@type":"SearchAction","target":{"@type":"EntryPoint","urlTemplate":"https:\/\/teksermakina.com\/en\/?s={search_term_string}"},"query-input":{"@type":"PropertyValueSpecification","valueRequired":true,"valueName":"search_term_string"}}],"inLanguage":"en-US"},{"@type":"Organization","@id":"https:\/\/teksermakina.com\/en\/#organization","name":"Tekser Makina","url":"https:\/\/teksermakina.com\/en\/","logo":{"@type":"ImageObject","inLanguage":"en-US","@id":"https:\/\/teksermakina.com\/en\/#\/schema\/logo\/image\/","url":"https:\/\/teksermakina.com\/wp-content\/uploads\/2023\/10\/TEKSER-BEYAZ-logoo.png","contentUrl":"https:\/\/teksermakina.com\/wp-content\/uploads\/2023\/10\/TEKSER-BEYAZ-logoo.png","width":129,"height":145,"caption":"Tekser Makina"},"image":{"@id":"https:\/\/teksermakina.com\/en\/#\/schema\/logo\/image\/"},"sameAs":["https:\/\/www.instagram.com\/teksermakina\/"]}]}},"_links":{"self":[{"href":"https:\/\/teksermakina.com\/en\/wp-json\/wp\/v2\/product\/167","targetHints":{"allow":["GET"]}}],"collection":[{"href":"https:\/\/teksermakina.com\/en\/wp-json\/wp\/v2\/product"}],"about":[{"href":"https:\/\/teksermakina.com\/en\/wp-json\/wp\/v2\/types\/product"}],"wp:featuredmedia":[{"embeddable":true,"href":"https:\/\/teksermakina.com\/en\/wp-json\/wp\/v2\/media\/3171"}],"wp:attachment":[{"href":"https:\/\/teksermakina.com\/en\/wp-json\/wp\/v2\/media?parent=167"}],"wp:term":[{"taxonomy":"product_cat","embeddable":true,"href":"https:\/\/teksermakina.com\/en\/wp-json\/wp\/v2\/product_cat?post=167"},{"taxonomy":"product_tag","embeddable":true,"href":"https:\/\/teksermakina.com\/en\/wp-json\/wp\/v2\/product_tag?post=167"}],"curies":[{"name":"wp","href":"https:\/\/api.w.org\/{rel}","templated":true}]}}