{"id":177,"date":"2023-08-24T15:02:12","date_gmt":"2023-08-24T15:02:12","guid":{"rendered":"https:\/\/teksermakina.com\/?post_type=product&#038;p=177"},"modified":"2026-03-03T09:25:58","modified_gmt":"2026-03-03T09:25:58","slug":"kenar-bantlama-ke-395j","status":"publish","type":"product","link":"https:\/\/teksermakina.com\/en\/product\/kenar-bantlama-ke-395j\/","title":{"rendered":"KE-395J"},"content":{"rendered":"<div class=\"wpb-content-wrapper\"><div id=\"teknik-parametreler\" class=\"vc_row wpb_row vc_row-fluid teknik-parametreler wd-rs-6523f8189d799\"><div class=\"wpb_column vc_column_container vc_col-sm-12\"><div class=\"vc_column-inner\"><div class=\"wpb_wrapper\"><div class=\"vc_separator wpb_content_element vc_separator_align_center vc_sep_width_100 vc_sep_pos_align_center vc_sep_color_grey vc_separator-has-text\" ><span class=\"vc_sep_holder vc_sep_holder_l\"><span class=\"vc_sep_line\"><\/span><\/span><h4>Technical Features<\/h4><span class=\"vc_sep_holder vc_sep_holder_r\"><span class=\"vc_sep_line\"><\/span><\/span>\n<\/div>\n\t<div class=\"wpb_text_column wpb_content_element\" >\n\t\t<div class=\"wpb_wrapper\">\n\t\t\t<table>\n<tbody>\n<tr>\n<td>Feeding Speed (m\/min)<\/td>\n<td>14<\/td>\n<\/tr>\n<tr>\n<td>Tape Thickness (mm)<\/td>\n<td>0.45-1.5(A\u00e7\u0131l\u0131)<\/td>\n<\/tr>\n<tr>\n<td>Panel thickness(mm)<\/td>\n<td>9-25<\/td>\n<\/tr>\n<tr>\n<td>Panel Lenght (mm)<\/td>\n<td>640<\/td>\n<\/tr>\n<tr>\n<td>Max. distance between two vertical heads<\/td>\n<td>\u2265150<\/td>\n<\/tr>\n<tr>\n<td>Panel Lenght (mm)<\/td>\n<td>\u2265135<\/td>\n<\/tr>\n<tr>\n<td>Total power (kW)<\/td>\n<td>150*135<\/td>\n<\/tr>\n<tr>\n<td>Max. vertical boring depth (mm)<\/td>\n<td>50<\/td>\n<\/tr>\n<tr>\n<td>Total power (kW)<\/td>\n<td>20.35<\/td>\n<\/tr>\n<tr>\n<td>Overall Dimension  L*W*H (mm)<\/td>\n<td>5750L*830W*1700H<\/td>\n<\/tr>\n<tr>\n<td>Number of the dust hoses and diameters<\/td>\n<td>\u00d8125*6+\u00d8100*2+\u00d850*1<\/td>\n<\/tr>\n<\/tbody>\n<\/table>\n\n\t\t<\/div>\n\t<\/div>\n<\/div><\/div><\/div><\/div><div class=\"vc_row wpb_row vc_row-fluid\"><div class=\"wpb_column vc_column_container vc_col-sm-12\"><div class=\"vc_column-inner\"><div class=\"wpb_wrapper\"><div class=\"vc_separator wpb_content_element vc_separator_align_center vc_sep_width_100 vc_sep_pos_align_center vc_sep_color_grey vc_separator-has-text\" ><span class=\"vc_sep_holder vc_sep_holder_l\"><span class=\"vc_sep_line\"><\/span><\/span><h4>Machine Video<\/h4><span class=\"vc_sep_holder vc_sep_holder_r\"><span class=\"vc_sep_line\"><\/span><\/span>\n<\/div>\n\t<div class=\"wpb_video_widget wpb_content_element vc_clearfix vc_video-aspect-ratio-169 vc_video-el-width-100 vc_video-align-left wd-rs-67c5b73fbd621\" >\n\t\t<div class=\"wpb_wrapper\">\n\t\t\t\n\t\t\t<div class=\"wpb_video_wrapper\"><iframe loading=\"lazy\" title=\"KE - 395J\" width=\"500\" height=\"281\" src=\"https:\/\/www.youtube.com\/embed\/0uwmtgChUK0?feature=oembed\" frameborder=\"0\" allow=\"accelerometer; autoplay; clipboard-write; encrypted-media; gyroscope; picture-in-picture; web-share\" referrerpolicy=\"strict-origin-when-cross-origin\" allowfullscreen><\/iframe><\/div>\n\t\t<\/div>\n\t<\/div>\n<\/div><\/div><\/div><\/div><div id=\"teknik-parametreler\" class=\"vc_row wpb_row vc_row-fluid teknik-parametreler wd-rs-6523fcabb6c43\"><div class=\"wpb_column vc_column_container vc_col-sm-12\"><div class=\"vc_column-inner\"><div class=\"wpb_wrapper\"><\/div><\/div><\/div><\/div><div id=\"urun-videomuz\" class=\"vc_row wpb_row vc_row-fluid urun-videomuz wd-rs-668e297760c08\"><div class=\"wpb_column vc_column_container vc_col-sm-12\"><div class=\"vc_column-inner\"><div class=\"wpb_wrapper\"><\/div><\/div><\/div><\/div>\n<\/div>","protected":false},"excerpt":{"rendered":"<p><strong>Products Details<\/strong><\/p>\n<p>Wheel pressed curve edge banding<br \/>\nBevelling banding thickness: 18-25 mm<br \/>\nFeed speed: 14 m\/dk<br \/>\nAutomatic lubrications<\/p>\n<p><a class=\"button\" href=\"#teknik-parametreler\"> Technical Features<\/a> <a class=\"button\" href=\"#urun-videomuz\">Machine Video<\/a><\/p>","protected":false},"featured_media":1933,"template":"","meta":[],"product_cat":[37],"product_tag":[28],"class_list":{"0":"post-177","1":"product","2":"type-product","3":"status-publish","4":"has-post-thumbnail","6":"product_cat-acili-kenar-bantlama-makinalari","7":"product_tag-kenar-bantlama-makinalari","9":"first","10":"instock","11":"shipping-taxable","12":"product-type-simple"},"yoast_head":"<!-- This site is optimized with the Yoast SEO plugin v23.5 - https:\/\/yoast.com\/wordpress\/plugins\/seo\/ -->\n<title>KE-395J - Tekser Makina<\/title>\n<meta name=\"description\" content=\"Tekser Makina KE-395J -\" \/>\n<meta name=\"robots\" content=\"index, follow, max-snippet:-1, max-image-preview:large, max-video-preview:-1\" \/>\n<link rel=\"canonical\" href=\"https:\/\/teksermakina.com\/en\/product\/kenar-bantlama-ke-395j\/\" \/>\n<meta property=\"og:locale\" content=\"en_US\" \/>\n<meta property=\"og:type\" content=\"article\" \/>\n<meta property=\"og:title\" content=\"KE-395J - Tekser Makina\" \/>\n<meta property=\"og:description\" content=\"Tekser Makina KE-395J -\" \/>\n<meta property=\"og:url\" content=\"https:\/\/teksermakina.com\/en\/product\/kenar-bantlama-ke-395j\/\" \/>\n<meta property=\"og:site_name\" content=\"Tekser Makina\" \/>\n<meta property=\"article:modified_time\" content=\"2026-03-03T09:25:58+00:00\" \/>\n<meta property=\"og:image\" content=\"https:\/\/teksermakina.com\/wp-content\/uploads\/2023\/08\/6.8.1.1-KE-395J.jpg\" \/>\n\t<meta property=\"og:image:width\" content=\"1000\" \/>\n\t<meta property=\"og:image:height\" content=\"1000\" \/>\n\t<meta property=\"og:image:type\" content=\"image\/jpeg\" \/>\n<meta name=\"twitter:card\" content=\"summary_large_image\" \/>\n<meta name=\"twitter:label1\" content=\"Est. reading time\" \/>\n\t<meta name=\"twitter:data1\" content=\"1 minute\" \/>\n<script type=\"application\/ld+json\" class=\"yoast-schema-graph\">{\"@context\":\"https:\/\/schema.org\",\"@graph\":[{\"@type\":\"WebPage\",\"@id\":\"https:\/\/teksermakina.com\/urun\/kenar-bantlama-ke-395j\/\",\"url\":\"https:\/\/teksermakina.com\/urun\/kenar-bantlama-ke-395j\/\",\"name\":\"KE-395J - Tekser Makina\",\"isPartOf\":{\"@id\":\"https:\/\/teksermakina.com\/en\/#website\"},\"primaryImageOfPage\":{\"@id\":\"https:\/\/teksermakina.com\/urun\/kenar-bantlama-ke-395j\/#primaryimage\"},\"image\":{\"@id\":\"https:\/\/teksermakina.com\/urun\/kenar-bantlama-ke-395j\/#primaryimage\"},\"thumbnailUrl\":\"https:\/\/teksermakina.com\/wp-content\/uploads\/2023\/08\/6.8.1.1-KE-395J.jpg\",\"datePublished\":\"2023-08-24T15:02:12+00:00\",\"dateModified\":\"2026-03-03T09:25:58+00:00\",\"description\":\"Tekser Makina KE-395J -\",\"breadcrumb\":{\"@id\":\"https:\/\/teksermakina.com\/urun\/kenar-bantlama-ke-395j\/#breadcrumb\"},\"inLanguage\":\"en-US\",\"potentialAction\":[{\"@type\":\"ReadAction\",\"target\":[\"https:\/\/teksermakina.com\/urun\/kenar-bantlama-ke-395j\/\"]}]},{\"@type\":\"ImageObject\",\"inLanguage\":\"en-US\",\"@id\":\"https:\/\/teksermakina.com\/urun\/kenar-bantlama-ke-395j\/#primaryimage\",\"url\":\"https:\/\/teksermakina.com\/wp-content\/uploads\/2023\/08\/6.8.1.1-KE-395J.jpg\",\"contentUrl\":\"https:\/\/teksermakina.com\/wp-content\/uploads\/2023\/08\/6.8.1.1-KE-395J.jpg\",\"width\":1000,\"height\":1000},{\"@type\":\"BreadcrumbList\",\"@id\":\"https:\/\/teksermakina.com\/urun\/kenar-bantlama-ke-395j\/#breadcrumb\",\"itemListElement\":[{\"@type\":\"ListItem\",\"position\":1,\"name\":\"Anasayfa\",\"item\":\"https:\/\/teksermakina.com\/\"},{\"@type\":\"ListItem\",\"position\":2,\"name\":\"\u00dcr\u00fcnler\",\"item\":\"https:\/\/teksermakina.com\/urunler-111\/\"},{\"@type\":\"ListItem\",\"position\":3,\"name\":\"KE-395J\"}]},{\"@type\":\"WebSite\",\"@id\":\"https:\/\/teksermakina.com\/en\/#website\",\"url\":\"https:\/\/teksermakina.com\/en\/\",\"name\":\"Tekser Makina\",\"description\":\"\",\"publisher\":{\"@id\":\"https:\/\/teksermakina.com\/en\/#organization\"},\"potentialAction\":[{\"@type\":\"SearchAction\",\"target\":{\"@type\":\"EntryPoint\",\"urlTemplate\":\"https:\/\/teksermakina.com\/en\/?s={search_term_string}\"},\"query-input\":{\"@type\":\"PropertyValueSpecification\",\"valueRequired\":true,\"valueName\":\"search_term_string\"}}],\"inLanguage\":\"en-US\"},{\"@type\":\"Organization\",\"@id\":\"https:\/\/teksermakina.com\/en\/#organization\",\"name\":\"Tekser Makina\",\"url\":\"https:\/\/teksermakina.com\/en\/\",\"logo\":{\"@type\":\"ImageObject\",\"inLanguage\":\"en-US\",\"@id\":\"https:\/\/teksermakina.com\/en\/#\/schema\/logo\/image\/\",\"url\":\"https:\/\/teksermakina.com\/wp-content\/uploads\/2023\/10\/TEKSER-BEYAZ-logoo.png\",\"contentUrl\":\"https:\/\/teksermakina.com\/wp-content\/uploads\/2023\/10\/TEKSER-BEYAZ-logoo.png\",\"width\":129,\"height\":145,\"caption\":\"Tekser Makina\"},\"image\":{\"@id\":\"https:\/\/teksermakina.com\/en\/#\/schema\/logo\/image\/\"},\"sameAs\":[\"https:\/\/www.instagram.com\/teksermakina\/\"]}]}<\/script>\n<!-- \/ Yoast SEO plugin. -->","yoast_head_json":{"title":"KE-395J - Tekser Makina","description":"Tekser Makina KE-395J -","robots":{"index":"index","follow":"follow","max-snippet":"max-snippet:-1","max-image-preview":"max-image-preview:large","max-video-preview":"max-video-preview:-1"},"canonical":"https:\/\/teksermakina.com\/en\/product\/kenar-bantlama-ke-395j\/","og_locale":"en_US","og_type":"article","og_title":"KE-395J - Tekser Makina","og_description":"Tekser Makina KE-395J -","og_url":"https:\/\/teksermakina.com\/en\/product\/kenar-bantlama-ke-395j\/","og_site_name":"Tekser Makina","article_modified_time":"2026-03-03T09:25:58+00:00","og_image":[{"width":1000,"height":1000,"url":"https:\/\/teksermakina.com\/wp-content\/uploads\/2023\/08\/6.8.1.1-KE-395J.jpg","type":"image\/jpeg"}],"twitter_card":"summary_large_image","twitter_misc":{"Est. reading time":"1 minute"},"schema":{"@context":"https:\/\/schema.org","@graph":[{"@type":"WebPage","@id":"https:\/\/teksermakina.com\/urun\/kenar-bantlama-ke-395j\/","url":"https:\/\/teksermakina.com\/urun\/kenar-bantlama-ke-395j\/","name":"KE-395J - Tekser Makina","isPartOf":{"@id":"https:\/\/teksermakina.com\/en\/#website"},"primaryImageOfPage":{"@id":"https:\/\/teksermakina.com\/urun\/kenar-bantlama-ke-395j\/#primaryimage"},"image":{"@id":"https:\/\/teksermakina.com\/urun\/kenar-bantlama-ke-395j\/#primaryimage"},"thumbnailUrl":"https:\/\/teksermakina.com\/wp-content\/uploads\/2023\/08\/6.8.1.1-KE-395J.jpg","datePublished":"2023-08-24T15:02:12+00:00","dateModified":"2026-03-03T09:25:58+00:00","description":"Tekser Makina KE-395J -","breadcrumb":{"@id":"https:\/\/teksermakina.com\/urun\/kenar-bantlama-ke-395j\/#breadcrumb"},"inLanguage":"en-US","potentialAction":[{"@type":"ReadAction","target":["https:\/\/teksermakina.com\/urun\/kenar-bantlama-ke-395j\/"]}]},{"@type":"ImageObject","inLanguage":"en-US","@id":"https:\/\/teksermakina.com\/urun\/kenar-bantlama-ke-395j\/#primaryimage","url":"https:\/\/teksermakina.com\/wp-content\/uploads\/2023\/08\/6.8.1.1-KE-395J.jpg","contentUrl":"https:\/\/teksermakina.com\/wp-content\/uploads\/2023\/08\/6.8.1.1-KE-395J.jpg","width":1000,"height":1000},{"@type":"BreadcrumbList","@id":"https:\/\/teksermakina.com\/urun\/kenar-bantlama-ke-395j\/#breadcrumb","itemListElement":[{"@type":"ListItem","position":1,"name":"Anasayfa","item":"https:\/\/teksermakina.com\/"},{"@type":"ListItem","position":2,"name":"\u00dcr\u00fcnler","item":"https:\/\/teksermakina.com\/urunler-111\/"},{"@type":"ListItem","position":3,"name":"KE-395J"}]},{"@type":"WebSite","@id":"https:\/\/teksermakina.com\/en\/#website","url":"https:\/\/teksermakina.com\/en\/","name":"Tekser Makina","description":"","publisher":{"@id":"https:\/\/teksermakina.com\/en\/#organization"},"potentialAction":[{"@type":"SearchAction","target":{"@type":"EntryPoint","urlTemplate":"https:\/\/teksermakina.com\/en\/?s={search_term_string}"},"query-input":{"@type":"PropertyValueSpecification","valueRequired":true,"valueName":"search_term_string"}}],"inLanguage":"en-US"},{"@type":"Organization","@id":"https:\/\/teksermakina.com\/en\/#organization","name":"Tekser Makina","url":"https:\/\/teksermakina.com\/en\/","logo":{"@type":"ImageObject","inLanguage":"en-US","@id":"https:\/\/teksermakina.com\/en\/#\/schema\/logo\/image\/","url":"https:\/\/teksermakina.com\/wp-content\/uploads\/2023\/10\/TEKSER-BEYAZ-logoo.png","contentUrl":"https:\/\/teksermakina.com\/wp-content\/uploads\/2023\/10\/TEKSER-BEYAZ-logoo.png","width":129,"height":145,"caption":"Tekser Makina"},"image":{"@id":"https:\/\/teksermakina.com\/en\/#\/schema\/logo\/image\/"},"sameAs":["https:\/\/www.instagram.com\/teksermakina\/"]}]}},"_links":{"self":[{"href":"https:\/\/teksermakina.com\/en\/wp-json\/wp\/v2\/product\/177","targetHints":{"allow":["GET"]}}],"collection":[{"href":"https:\/\/teksermakina.com\/en\/wp-json\/wp\/v2\/product"}],"about":[{"href":"https:\/\/teksermakina.com\/en\/wp-json\/wp\/v2\/types\/product"}],"wp:featuredmedia":[{"embeddable":true,"href":"https:\/\/teksermakina.com\/en\/wp-json\/wp\/v2\/media\/1933"}],"wp:attachment":[{"href":"https:\/\/teksermakina.com\/en\/wp-json\/wp\/v2\/media?parent=177"}],"wp:term":[{"taxonomy":"product_cat","embeddable":true,"href":"https:\/\/teksermakina.com\/en\/wp-json\/wp\/v2\/product_cat?post=177"},{"taxonomy":"product_tag","embeddable":true,"href":"https:\/\/teksermakina.com\/en\/wp-json\/wp\/v2\/product_tag?post=177"}],"curies":[{"name":"wp","href":"https:\/\/api.w.org\/{rel}","templated":true}]}}