{"id":195,"date":"2023-08-24T15:13:44","date_gmt":"2023-08-24T15:13:44","guid":{"rendered":"https:\/\/teksermakina.com\/?post_type=product&#038;p=195"},"modified":"2026-03-03T09:25:57","modified_gmt":"2026-03-03T09:25:57","slug":"kenar-bantlama-ke-665jhsa","status":"publish","type":"product","link":"https:\/\/teksermakina.com\/en\/product\/kenar-bantlama-ke-665jhsa\/","title":{"rendered":"KE-665JHSA"},"content":{"rendered":"<div class=\"wpb-content-wrapper\"><div id=\"teknik-parametreler\" class=\"vc_row wpb_row vc_row-fluid teknik-parametreler wd-rs-6523fcabb6c43\"><div class=\"wpb_column vc_column_container vc_col-sm-12\"><div class=\"vc_column-inner\"><div class=\"wpb_wrapper\"><div class=\"vc_separator wpb_content_element vc_separator_align_center vc_sep_width_100 vc_sep_pos_align_center vc_sep_color_grey vc_separator-has-text\" ><span class=\"vc_sep_holder vc_sep_holder_l\"><span class=\"vc_sep_line\"><\/span><\/span><h4>Technical Features<\/h4><span class=\"vc_sep_holder vc_sep_holder_r\"><span class=\"vc_sep_line\"><\/span><\/span>\n<\/div>\n\t<div class=\"wpb_text_column wpb_content_element\" >\n\t\t<div class=\"wpb_wrapper\">\n\t\t\t<table>\n<tbody>\n<tr>\n<td>Feeding Speed (m\/min)<\/td>\n<td>15-18-24<\/td>\n<\/tr>\n<tr>\n<td>Tape Thickness (mm)<\/td>\n<td>0.4-3<\/td>\n<\/tr>\n<tr>\n<td>Panel thickness(mm)<\/td>\n<td>9-60<\/td>\n<\/tr>\n<tr>\n<td>Panel Lenght (mm)<\/td>\n<td>\u2265120<\/td>\n<\/tr>\n<tr>\n<td>Panel Lenght (mm)<\/td>\n<td>\u226560<\/td>\n<\/tr>\n<tr>\n<td>Min.\u00a0Panel Lenght (mm)<\/td>\n<td>120*90<\/td>\n<\/tr>\n<tr>\n<td>Total power (kW)<\/td>\n<td>11,2<\/td>\n<\/tr>\n<tr>\n<td>Overall Dimension(L)(W)(H)(mm)<\/td>\n<td>7200L*830W*1730H<\/td>\n<\/tr>\n<tr>\n<td>Number of the dust hoses and diameters<\/td>\n<td>\u00d8125*3\/td&gt;<\/td>\n<\/tr>\n<\/tbody>\n<\/table>\n\n\t\t<\/div>\n\t<\/div>\n<\/div><\/div><\/div><\/div><div id=\"urun-videomuz\" class=\"vc_row wpb_row vc_row-fluid urun-videomuz wd-rs-668e297760c08\"><div class=\"wpb_column vc_column_container vc_col-sm-12\"><div class=\"vc_column-inner\"><div class=\"wpb_wrapper\"><div class=\"vc_separator wpb_content_element vc_separator_align_center vc_sep_width_100 vc_sep_pos_align_center vc_sep_color_grey vc_separator-has-text\" ><span class=\"vc_sep_holder vc_sep_holder_l\"><span class=\"vc_sep_line\"><\/span><\/span><h4>Machine Video<\/h4><span class=\"vc_sep_holder vc_sep_holder_r\"><span class=\"vc_sep_line\"><\/span><\/span>\n<\/div>\n\t<div class=\"wpb_video_widget wpb_content_element vc_clearfix vc_video-aspect-ratio-169 vc_video-el-width-100 vc_video-align-left wd-rs-668e29f903120\" >\n\t\t<div class=\"wpb_wrapper\">\n\t\t\t\n\t\t\t<div class=\"wpb_video_wrapper\"><iframe loading=\"lazy\" title=\"EDEGETECH KE-6  SERIES\" width=\"500\" height=\"281\" src=\"https:\/\/www.youtube.com\/embed\/sz9nDZNiptE?feature=oembed\" frameborder=\"0\" allow=\"accelerometer; autoplay; clipboard-write; encrypted-media; gyroscope; picture-in-picture; web-share\" referrerpolicy=\"strict-origin-when-cross-origin\" allowfullscreen><\/iframe><\/div>\n\t\t<\/div>\n\t<\/div>\n\n\t<div class=\"wpb_text_column wpb_content_element\" >\n\t\t<div class=\"wpb_wrapper\">\n\t\t\t<h4 style=\"text-align: center;\">General Features<\/h4>\n\n\t\t<\/div>\n\t<\/div>\n<\/div><\/div><\/div><\/div><div class=\"vc_row wpb_row vc_row-fluid\"><div class=\"wpb_column vc_column_container vc_col-sm-6\"><div class=\"vc_column-inner\"><div class=\"wpb_wrapper\">\n\t\t<div id=\"wd-67c5546aba361\" class=\"title-wrapper wd-wpb set-mb-s reset-last-child  wd-rs-67c5546aba361 wd-title-color-default wd-title-style-underlined-2 text-left  wd-underline-colored\">\n\t\t\t\n\t\t\t<div class=\"liner-continer\">\n\t\t\t\t<h4 class=\"woodmart-title-container title  wd-font-weight- wd-fontsize-l\" >Pre-Milling Unit<\/h4>\n\t\t\t\t\t\t\t<\/div>\n\t\t\t\n\t\t\t\n\t\t\t\n\t\t<\/div>\n\t\t\n\t\t\n\t<div  class=\"wpb_single_image wpb_content_element vc_align_left\">\n\t\t\n\t\t<figure class=\"wpb_wrapper vc_figure\">\n\t\t\t<div class=\"vc_single_image-wrapper   vc_box_border_grey\"><img loading=\"lazy\" decoding=\"async\" width=\"300\" height=\"180\" src=\"data:image\/png;base64,iVBORw0KGgoAAAANSUhEUgAAABEAAAAKCAYAAABSfLWiAAAACXBIWXMAAA7EAAAOxAGVKw4bAAABjElEQVQokWWSzUobURTHfzdeM8k4yWimxRAFNaSg4MJNwSz6PoUu+ipddNEn6L4voCAKIi5sQheibYNfaBpsopPJpDj3dJGZK+qBy4XDPf+P+z\/q\/YePwvNSIAIgiIAYQ2ISxBjEmBfPdeevPJ9HKcVDMhnKkTCKY6JhSHh\/RxRFkBJkJNqvBHYYpQDIZSAivNuoc9o5Zz6Y5fzqip39FiJiD4D2PM+qyJpuscDKwjyFaQhvrwlKBdrfj\/h1eUbJr2KMeQRC0AXHAaUmNlIxSRyiRn9wnDleLa1Q9lxOjo\/554yZyTtPCEUE7eZzqZdMDZz8\/MG3r3u8rtbo97pUazX6gwHuUoWi64IISin7+fpNfZE0B5SA1lM0qmXicUxQCWg237Kztc19HLG6us5afdOSpbSo3cOWCAIykWZECIdD2q02hwcHPIxH5IsuteUGy\/UG5bJvA7CJXlz3HkFSj8Mooj+443fnjJtul5Lv4814TOlphFSCKKtEf\/n86cXyZGDIZA+6GQP2elL\/AZmlzo0Er7OqAAAAAElFTkSuQmCC\" class=\"vc_single_image-img attachment-medium wd-lazy-load wd-lazy-fade\" alt=\"\" title=\"Ads\u0131z tasar\u0131m (42)\" srcset=\"\" sizes=\"auto, (max-width: 300px) 100vw, 300px\" data-wood-src=\"https:\/\/teksermakina.com\/wp-content\/uploads\/2024\/07\/Adsiz-tasarim-42-300x180.png\" data-srcset=\"https:\/\/teksermakina.com\/wp-content\/uploads\/2024\/07\/Adsiz-tasarim-42-300x180.png 300w, https:\/\/teksermakina.com\/wp-content\/uploads\/2024\/07\/Adsiz-tasarim-42-18x12.png 18w, https:\/\/teksermakina.com\/wp-content\/uploads\/2024\/07\/Adsiz-tasarim-42-250x150.png 250w, https:\/\/teksermakina.com\/wp-content\/uploads\/2024\/07\/Adsiz-tasarim-42.png 500w\" \/><\/div>\n\t\t<\/figure>\n\t<\/div>\n\n\t<div class=\"wpb_text_column wpb_content_element\" >\n\t\t<div class=\"wpb_wrapper\">\n\t\t\t<p><strong>The units are attached to the machine body. The first motor operates in the opposite direction of the feed direction. The second motor operates in the feed direction. Both motors have a pneumatic jumping system. Milling is available up to 40 mm (60 mm optional).<br \/>\n<\/strong><strong>Milling rotation speed: 9.000 rpm<br \/>\n<\/strong><strong>Motor power: 2 x 3.7 kW<br \/>\n<\/strong><strong>Blade height: 45 mm<\/strong><\/p>\n\n\t\t<\/div>\n\t<\/div>\n<\/div><\/div><\/div><div class=\"wpb_column vc_column_container vc_col-sm-6\"><div class=\"vc_column-inner\"><div class=\"wpb_wrapper\">\n\t\t<div id=\"wd-67c5549a7f36c\" class=\"title-wrapper wd-wpb set-mb-s reset-last-child  wd-rs-67c5549a7f36c wd-title-color-default wd-title-style-underlined-2 text-left  wd-underline-colored\">\n\t\t\t\n\t\t\t<div class=\"liner-continer\">\n\t\t\t\t<h4 class=\"woodmart-title-container title  wd-font-weight- wd-fontsize-l\" >Corner Turning Group<\/h4>\n\t\t\t\t\t\t\t<\/div>\n\t\t\t\n\t\t\t\n\t\t\t\n\t\t<\/div>\n\t\t\n\t\t\n\t<div  class=\"wpb_single_image wpb_content_element vc_align_left\">\n\t\t\n\t\t<figure class=\"wpb_wrapper vc_figure\">\n\t\t\t<div class=\"vc_single_image-wrapper   vc_box_border_grey\"><img loading=\"lazy\" decoding=\"async\" width=\"300\" height=\"180\" src=\"data:image\/png;base64,iVBORw0KGgoAAAANSUhEUgAAABEAAAAKCAYAAABSfLWiAAAACXBIWXMAAA7EAAAOxAGVKw4bAAACB0lEQVQokUXPTU\/acACA8acvlBYKWETAaDadIZkBZczFZdlhl8Xs+\/jJ3A477LJ5cC\/ZZIct2RJ0gooMRYG2lJb23x1c4hf45Xmk3d3dWNM0GhtVwjDgojdA1w1AoVScQ8xsykvLKHIMkUPazGDoKpII+NI8pvmzjQoQRQLf94iJUJMaRWuZ3yctoijm9PyMWqixct9ChCHxxGM6BZkQP\/ABbhGA0+5fbm6uODj4yquXO5hmmjBwKRUsnOGIjuShq4IwVhAioNc9Q5YSd0gcCzwv4vjklFplhddv31Cct1AVic2Nx1wLkNUiclrF9SMOvx3SbreoVWugpJEBJEkmlTZJqDphMkccCTx7TGFpjV6vS1IO6HU7DAd9\/rTbHH0\/oFAsMAmiuxLHsRmNHDLZPKNhn0w2S2bOwh5dsVQsgaLy\/sM+qqaSsxYZxCbywOXyJqC6nr1FRBzjelPurdZASbL6cJs4VabbaqIlBWPbJpHKEs58rNID+v0eR8cdGo82Af7vAK7nkM0mqawtslAwmA1+kFIcDDPH9djGMFSCcEbr1yd0M021tk4+X7jbSeo6VrnEZGITIVAFOL6PkV\/g0va4GrvUt59w0TnBGbvUtxqcXVwyOO9hplO3SELT2Ko3yOkaKApBGFJeyCNCCXvYR0zn2XnxFEN9xsfPTSqVVZ5v19nbewfAP0FU52EfvLp6AAAAAElFTkSuQmCC\" class=\"vc_single_image-img attachment-medium wd-lazy-load wd-lazy-fade\" alt=\"\" title=\"Ads\u0131z tasar\u0131m (45)\" srcset=\"\" sizes=\"auto, (max-width: 300px) 100vw, 300px\" data-wood-src=\"https:\/\/teksermakina.com\/wp-content\/uploads\/2023\/08\/Adsiz-tasarim-45-300x180.png\" data-srcset=\"https:\/\/teksermakina.com\/wp-content\/uploads\/2023\/08\/Adsiz-tasarim-45-300x180.png 300w, https:\/\/teksermakina.com\/wp-content\/uploads\/2023\/08\/Adsiz-tasarim-45-18x12.png 18w, https:\/\/teksermakina.com\/wp-content\/uploads\/2023\/08\/Adsiz-tasarim-45-250x150.png 250w, https:\/\/teksermakina.com\/wp-content\/uploads\/2023\/08\/Adsiz-tasarim-45.png 500w\" \/><\/div>\n\t\t<\/figure>\n\t<\/div>\n\n\t<div class=\"wpb_text_column wpb_content_element\" >\n\t\t<div class=\"wpb_wrapper\">\n\t\t\t<p><strong>Corner rounding unit has two high speed motors<\/strong><br \/>\n<strong>and able to work up to<\/strong><br \/>\n<strong>20 m\/min<\/strong><br \/>\n<strong>Tools are Diamond<\/strong><br \/>\n<strong>There is soft forming, post forming and 4 side edges corner rounding function.<\/strong><br \/>\n<strong>Panel thickness: 10 - 45 mm<\/strong><\/p>\n\n\t\t<\/div>\n\t<\/div>\n<\/div><\/div><\/div><\/div><div class=\"vc_row wpb_row vc_row-fluid\"><div class=\"wpb_column vc_column_container vc_col-sm-6\"><div class=\"vc_column-inner\"><div class=\"wpb_wrapper\">\n\t\t<div id=\"wd-67c554ef948fb\" class=\"title-wrapper wd-wpb set-mb-s reset-last-child  wd-rs-67c554ef948fb wd-title-color-default wd-title-style-underlined-2 text-left  wd-underline-colored\">\n\t\t\t\n\t\t\t<div class=\"liner-continer\">\n\t\t\t\t<h4 class=\"woodmart-title-container title  wd-font-weight- wd-fontsize-l\" >Pre-Heated Lamp<\/h4>\n\t\t\t\t\t\t\t<\/div>\n\t\t\t\n\t\t\t\n\t\t\t\n\t\t<\/div>\n\t\t\n\t\t\n\t<div  class=\"wpb_single_image wpb_content_element vc_align_left\">\n\t\t\n\t\t<figure class=\"wpb_wrapper vc_figure\">\n\t\t\t<div class=\"vc_single_image-wrapper   vc_box_border_grey\"><img loading=\"lazy\" decoding=\"async\" width=\"300\" height=\"180\" src=\"data:image\/png;base64,iVBORw0KGgoAAAANSUhEUgAAABEAAAAKCAYAAABSfLWiAAAACXBIWXMAAA7EAAAOxAGVKw4bAAAB5klEQVQoka3Sy04TUQCA4f8MQ5lCS2HapC0pNFYtNzUkNW4MukFTTXRj4tqVL1AewLh27969rgzuJNFEI+ItIgKlgdZWCrTYGWbazqU9PoR+z\/CJQqEg+Udq09IYEqdMnZnF7ZjMzU5ztLVGMDZJLBoBAdADKZF9wDZp2Q62lsTzPTzXQW1USpyfmcMxDTKZLLdv3GXP2SKQXeDcfBp\/UCAVUHoequPQ33jNxo8akcQU5eQSQumjLl3JoZhHZGIJtMk0KhBNxTmWBkUzQLM1gONKTm1Br1snZfWQtoGx+wWS1\/E6BurFOw+pVg4R+hjbNZv4z33c\/QqdUJ33exGef46gDgURiqTnj\/H4ksC1TtACAbq2xctnT1Af3M9z61qedHIcxbNZ\/9rAOfiEGYqi56ZBjaJIh3ZH4PkSr+PR71roYY93u5vslEoosXGNaCLC3OWrmIMh5nOLzGTTlOsuLbuLbTkY7QFcD7q2hWE67Gxu86vRITQSZjF\/D7G6VpLS91h9tULxt8tCepxy8Tu64tPXdMjmOTumcEEXfHz7gtq3FSr1Y\/SJaW4uP2X9wxsGQtrIo2q5RKt1SHBIEE3ECIaDNMwmAU0hFQ8wHPSpnhzTMg6pt13C8Qmc0STDkVGMPweI\/5HtLz3K3IZ\/s5z3AAAAAElFTkSuQmCC\" class=\"vc_single_image-img attachment-medium wd-lazy-load wd-lazy-fade\" alt=\"\" title=\"Ads\u0131z tasar\u0131m (43)\" srcset=\"\" sizes=\"auto, (max-width: 300px) 100vw, 300px\" data-wood-src=\"https:\/\/teksermakina.com\/wp-content\/uploads\/2024\/07\/Adsiz-tasarim-43-300x180.png\" data-srcset=\"https:\/\/teksermakina.com\/wp-content\/uploads\/2024\/07\/Adsiz-tasarim-43-300x180.png 300w, https:\/\/teksermakina.com\/wp-content\/uploads\/2024\/07\/Adsiz-tasarim-43-18x12.png 18w, https:\/\/teksermakina.com\/wp-content\/uploads\/2024\/07\/Adsiz-tasarim-43-250x150.png 250w, https:\/\/teksermakina.com\/wp-content\/uploads\/2024\/07\/Adsiz-tasarim-43.png 500w\" \/><\/div>\n\t\t<\/figure>\n\t<\/div>\n\n\t<div class=\"wpb_text_column wpb_content_element\" >\n\t\t<div class=\"wpb_wrapper\">\n\t\t\t<p><strong>When the pre-heating is use, the result of the sticking of the tape is stronger, specially in cold weathers. <\/strong><strong>The edge of the panel that will be glueing is heated by IR-Lamps<\/strong><\/p>\n\n\t\t<\/div>\n\t<\/div>\n<\/div><\/div><\/div><div class=\"wpb_column vc_column_container vc_col-sm-6\"><div class=\"vc_column-inner\"><div class=\"wpb_wrapper\">\n\t\t<div id=\"wd-67c554d92dfa7\" class=\"title-wrapper wd-wpb set-mb-s reset-last-child  wd-rs-67c554d92dfa7 wd-title-color-default wd-title-style-underlined-2 text-left  wd-underline-colored\">\n\t\t\t\n\t\t\t<div class=\"liner-continer\">\n\t\t\t\t<h4 class=\"woodmart-title-container title  wd-font-weight- wd-fontsize-l\" >Automatic Pallet Lubrication<\/h4>\n\t\t\t\t\t\t\t<\/div>\n\t\t\t\n\t\t\t\n\t\t\t\n\t\t<\/div>\n\t\t\n\t\t\n\t<div  class=\"wpb_single_image wpb_content_element vc_align_left\">\n\t\t\n\t\t<figure class=\"wpb_wrapper vc_figure\">\n\t\t\t<div class=\"vc_single_image-wrapper   vc_box_border_grey\"><img loading=\"lazy\" decoding=\"async\" width=\"300\" height=\"180\" src=\"data:image\/png;base64,iVBORw0KGgoAAAANSUhEUgAAABEAAAAKCAYAAABSfLWiAAAACXBIWXMAAA7EAAAOxAGVKw4bAAABuUlEQVQokXWQ309ScRyGHzhw+DHUoViamlhJpnO5OaOasdyarX+lW\/478MbqoiJrNFZbTELgHCUPcPh5DufwPaeb2mDD9+5z8Tx7P68nnU67\/Mvirds0qz\/JvstxkEwSj98lEAjiOC7BUJj9\/SeUfuX5ns8jvKH\/GF7GEg76iS1Eia+vcWdpEfBQvlCwbIkHiT0yJ6f0Bya1qjKO4Rs\/tEaTh5u7vD18QyQSIXuS5areovCjgi3NkslkeP7sgNV7jxDCni6JRud5\/+ETu1s6Z\/lvNFs6A1NiZ2eP9dUljo4OqVVVVpZjCHFDE9Mc0O31cXwSxfMKqqoQCPjweCVSqSSi3cLsdfHLKwwta\/omicQWsixzqaq4rsP2hsFCRKNSLZL7+pG2cOgbfYQYTWwyIXFdEMKhVlN4ffyKXMGhUBTYlkm78QfvyGI0shla9oRk4h3DMOl02lTKJcq\/z1mO30eWPNRVhU5bJyz7GZomjnBullQuSkTnIuR1HeXyirXHL5gPg97Q+PzlDMM0mQ0HOY5F0bTGdEmjcY3jCF6mnjIzM0f9WqPX7bG9uYExHNHt6JiDNoFgaBzjL4omzITxznBQAAAAAElFTkSuQmCC\" class=\"vc_single_image-img attachment-medium wd-lazy-load wd-lazy-fade\" alt=\"\" title=\"Ads\u0131z tasar\u0131m (44)\" srcset=\"\" sizes=\"auto, (max-width: 300px) 100vw, 300px\" data-wood-src=\"https:\/\/teksermakina.com\/wp-content\/uploads\/2024\/07\/Adsiz-tasarim-44-300x180.png\" data-srcset=\"https:\/\/teksermakina.com\/wp-content\/uploads\/2024\/07\/Adsiz-tasarim-44-300x180.png 300w, https:\/\/teksermakina.com\/wp-content\/uploads\/2024\/07\/Adsiz-tasarim-44-18x12.png 18w, https:\/\/teksermakina.com\/wp-content\/uploads\/2024\/07\/Adsiz-tasarim-44-250x150.png 250w, https:\/\/teksermakina.com\/wp-content\/uploads\/2024\/07\/Adsiz-tasarim-44.png 500w\" \/><\/div>\n\t\t<\/figure>\n\t<\/div>\n\n\t<div class=\"wpb_text_column wpb_content_element\" >\n\t\t<div class=\"wpb_wrapper\">\n\t\t\t<p><strong>Chain is lubricated automatically<\/strong><\/p>\n\n\t\t<\/div>\n\t<\/div>\n<\/div><\/div><\/div><\/div><div class=\"vc_row wpb_row vc_row-fluid\"><div class=\"wpb_column vc_column_container vc_col-sm-12\"><div class=\"vc_column-inner\"><div class=\"wpb_wrapper\"><\/div><\/div><\/div><\/div><div class=\"vc_row wpb_row vc_row-fluid\"><div class=\"wpb_column vc_column_container vc_col-sm-6\"><div class=\"vc_column-inner\"><div class=\"wpb_wrapper\"><\/div><\/div><\/div><div class=\"wpb_column vc_column_container vc_col-sm-6\"><div class=\"vc_column-inner\"><div class=\"wpb_wrapper\"><\/div><\/div><\/div><\/div><div class=\"vc_row wpb_row vc_row-fluid\"><div class=\"wpb_column vc_column_container vc_col-sm-12\"><div class=\"vc_column-inner\"><div class=\"wpb_wrapper\"><\/div><\/div><\/div><\/div>\n<\/div>","protected":false},"excerpt":{"rendered":"<p><strong>Products Details<\/strong><\/p>\n<p>Tape thickness: 10 - 60 mm<br \/>\nFeeding speed: 18 - 23 m\/min<br \/>\nPalletized<br \/>\nThere are units for pre-milling, pre-heating, corner rounding, and channeling<br \/>\nCentral automatic lubrication is available<\/p>\n<p><a class=\"button\" href=\"#teknik-parametreler\"> Technical Features<\/a> <a class=\"button\" href=\"#urun-videomuz\">Machine Video<\/a><\/p>","protected":false},"featured_media":1924,"template":"","meta":[],"product_cat":[39],"product_tag":[28],"class_list":{"0":"post-195","1":"product","2":"type-product","3":"status-publish","4":"has-post-thumbnail","6":"product_cat-duz-kenar-bantlama-makinalari","7":"product_tag-kenar-bantlama-makinalari","9":"first","10":"instock","11":"shipping-taxable","12":"product-type-simple"},"yoast_head":"<!-- This site is optimized with the Yoast SEO plugin v23.5 - https:\/\/yoast.com\/wordpress\/plugins\/seo\/ -->\n<title>KE-665JHSA - Tekser Makina<\/title>\n<meta name=\"robots\" content=\"index, follow, max-snippet:-1, max-image-preview:large, max-video-preview:-1\" \/>\n<link rel=\"canonical\" href=\"https:\/\/teksermakina.com\/en\/product\/kenar-bantlama-ke-665jhsa\/\" \/>\n<meta property=\"og:locale\" content=\"en_US\" \/>\n<meta property=\"og:type\" content=\"article\" \/>\n<meta property=\"og:title\" content=\"KE-665JHSA - Tekser Makina\" \/>\n<meta property=\"og:description\" content=\"\u00dcr\u00fcn A\u00e7\u0131klamas\u0131  Bantlama kal\u0131nl\u0131\u011f\u0131: 10-60 mm Besleme h\u0131z\u0131: 18-23 m\/dk Paletlidir \u00d6n Freze, \u00f6n \u0131s\u0131tma, k\u00f6\u015fe yuvarlama, kanal \u00fcniteleri mevcuttur Merkezi otomatik ya\u011flama mevcuttur   Teknik Parametreler \u00dcr\u00fcn Videosu\" \/>\n<meta property=\"og:url\" content=\"https:\/\/teksermakina.com\/en\/product\/kenar-bantlama-ke-665jhsa\/\" \/>\n<meta property=\"og:site_name\" content=\"Tekser Makina\" \/>\n<meta property=\"article:modified_time\" content=\"2026-03-03T09:25:57+00:00\" \/>\n<meta property=\"og:image\" content=\"https:\/\/teksermakina.com\/wp-content\/uploads\/2023\/08\/6.1.2-KE-665JHSA.jpg\" \/>\n\t<meta property=\"og:image:width\" content=\"1000\" \/>\n\t<meta property=\"og:image:height\" content=\"1000\" \/>\n\t<meta property=\"og:image:type\" content=\"image\/jpeg\" \/>\n<meta name=\"twitter:card\" content=\"summary_large_image\" \/>\n<meta name=\"twitter:label1\" content=\"Est. reading time\" \/>\n\t<meta name=\"twitter:data1\" content=\"2 minutes\" \/>\n<script type=\"application\/ld+json\" class=\"yoast-schema-graph\">{\"@context\":\"https:\/\/schema.org\",\"@graph\":[{\"@type\":\"WebPage\",\"@id\":\"https:\/\/teksermakina.com\/urun\/kenar-bantlama-ke-665jhsa\/\",\"url\":\"https:\/\/teksermakina.com\/urun\/kenar-bantlama-ke-665jhsa\/\",\"name\":\"KE-665JHSA - Tekser Makina\",\"isPartOf\":{\"@id\":\"https:\/\/teksermakina.com\/en\/#website\"},\"primaryImageOfPage\":{\"@id\":\"https:\/\/teksermakina.com\/urun\/kenar-bantlama-ke-665jhsa\/#primaryimage\"},\"image\":{\"@id\":\"https:\/\/teksermakina.com\/urun\/kenar-bantlama-ke-665jhsa\/#primaryimage\"},\"thumbnailUrl\":\"https:\/\/teksermakina.com\/wp-content\/uploads\/2023\/08\/6.1.2-KE-665JHSA.jpg\",\"datePublished\":\"2023-08-24T15:13:44+00:00\",\"dateModified\":\"2026-03-03T09:25:57+00:00\",\"breadcrumb\":{\"@id\":\"https:\/\/teksermakina.com\/urun\/kenar-bantlama-ke-665jhsa\/#breadcrumb\"},\"inLanguage\":\"en-US\",\"potentialAction\":[{\"@type\":\"ReadAction\",\"target\":[\"https:\/\/teksermakina.com\/urun\/kenar-bantlama-ke-665jhsa\/\"]}]},{\"@type\":\"ImageObject\",\"inLanguage\":\"en-US\",\"@id\":\"https:\/\/teksermakina.com\/urun\/kenar-bantlama-ke-665jhsa\/#primaryimage\",\"url\":\"https:\/\/teksermakina.com\/wp-content\/uploads\/2023\/08\/6.1.2-KE-665JHSA.jpg\",\"contentUrl\":\"https:\/\/teksermakina.com\/wp-content\/uploads\/2023\/08\/6.1.2-KE-665JHSA.jpg\",\"width\":1000,\"height\":1000},{\"@type\":\"BreadcrumbList\",\"@id\":\"https:\/\/teksermakina.com\/urun\/kenar-bantlama-ke-665jhsa\/#breadcrumb\",\"itemListElement\":[{\"@type\":\"ListItem\",\"position\":1,\"name\":\"Anasayfa\",\"item\":\"https:\/\/teksermakina.com\/\"},{\"@type\":\"ListItem\",\"position\":2,\"name\":\"\u00dcr\u00fcnler\",\"item\":\"https:\/\/teksermakina.com\/urunler-111\/\"},{\"@type\":\"ListItem\",\"position\":3,\"name\":\"KE-665JHSA\"}]},{\"@type\":\"WebSite\",\"@id\":\"https:\/\/teksermakina.com\/en\/#website\",\"url\":\"https:\/\/teksermakina.com\/en\/\",\"name\":\"Tekser Makina\",\"description\":\"\",\"publisher\":{\"@id\":\"https:\/\/teksermakina.com\/en\/#organization\"},\"potentialAction\":[{\"@type\":\"SearchAction\",\"target\":{\"@type\":\"EntryPoint\",\"urlTemplate\":\"https:\/\/teksermakina.com\/en\/?s={search_term_string}\"},\"query-input\":{\"@type\":\"PropertyValueSpecification\",\"valueRequired\":true,\"valueName\":\"search_term_string\"}}],\"inLanguage\":\"en-US\"},{\"@type\":\"Organization\",\"@id\":\"https:\/\/teksermakina.com\/en\/#organization\",\"name\":\"Tekser Makina\",\"url\":\"https:\/\/teksermakina.com\/en\/\",\"logo\":{\"@type\":\"ImageObject\",\"inLanguage\":\"en-US\",\"@id\":\"https:\/\/teksermakina.com\/en\/#\/schema\/logo\/image\/\",\"url\":\"https:\/\/teksermakina.com\/wp-content\/uploads\/2023\/10\/TEKSER-BEYAZ-logoo.png\",\"contentUrl\":\"https:\/\/teksermakina.com\/wp-content\/uploads\/2023\/10\/TEKSER-BEYAZ-logoo.png\",\"width\":129,\"height\":145,\"caption\":\"Tekser Makina\"},\"image\":{\"@id\":\"https:\/\/teksermakina.com\/en\/#\/schema\/logo\/image\/\"},\"sameAs\":[\"https:\/\/www.instagram.com\/teksermakina\/\"]}]}<\/script>\n<!-- \/ Yoast SEO plugin. -->","yoast_head_json":{"title":"KE-665JHSA - Tekser Makina","robots":{"index":"index","follow":"follow","max-snippet":"max-snippet:-1","max-image-preview":"max-image-preview:large","max-video-preview":"max-video-preview:-1"},"canonical":"https:\/\/teksermakina.com\/en\/product\/kenar-bantlama-ke-665jhsa\/","og_locale":"en_US","og_type":"article","og_title":"KE-665JHSA - Tekser Makina","og_description":"\u00dcr\u00fcn A\u00e7\u0131klamas\u0131  Bantlama kal\u0131nl\u0131\u011f\u0131: 10-60 mm Besleme h\u0131z\u0131: 18-23 m\/dk Paletlidir \u00d6n Freze, \u00f6n \u0131s\u0131tma, k\u00f6\u015fe yuvarlama, kanal \u00fcniteleri mevcuttur Merkezi otomatik ya\u011flama mevcuttur   Teknik Parametreler \u00dcr\u00fcn Videosu","og_url":"https:\/\/teksermakina.com\/en\/product\/kenar-bantlama-ke-665jhsa\/","og_site_name":"Tekser Makina","article_modified_time":"2026-03-03T09:25:57+00:00","og_image":[{"width":1000,"height":1000,"url":"https:\/\/teksermakina.com\/wp-content\/uploads\/2023\/08\/6.1.2-KE-665JHSA.jpg","type":"image\/jpeg"}],"twitter_card":"summary_large_image","twitter_misc":{"Est. reading time":"2 minutes"},"schema":{"@context":"https:\/\/schema.org","@graph":[{"@type":"WebPage","@id":"https:\/\/teksermakina.com\/urun\/kenar-bantlama-ke-665jhsa\/","url":"https:\/\/teksermakina.com\/urun\/kenar-bantlama-ke-665jhsa\/","name":"KE-665JHSA - Tekser Makina","isPartOf":{"@id":"https:\/\/teksermakina.com\/en\/#website"},"primaryImageOfPage":{"@id":"https:\/\/teksermakina.com\/urun\/kenar-bantlama-ke-665jhsa\/#primaryimage"},"image":{"@id":"https:\/\/teksermakina.com\/urun\/kenar-bantlama-ke-665jhsa\/#primaryimage"},"thumbnailUrl":"https:\/\/teksermakina.com\/wp-content\/uploads\/2023\/08\/6.1.2-KE-665JHSA.jpg","datePublished":"2023-08-24T15:13:44+00:00","dateModified":"2026-03-03T09:25:57+00:00","breadcrumb":{"@id":"https:\/\/teksermakina.com\/urun\/kenar-bantlama-ke-665jhsa\/#breadcrumb"},"inLanguage":"en-US","potentialAction":[{"@type":"ReadAction","target":["https:\/\/teksermakina.com\/urun\/kenar-bantlama-ke-665jhsa\/"]}]},{"@type":"ImageObject","inLanguage":"en-US","@id":"https:\/\/teksermakina.com\/urun\/kenar-bantlama-ke-665jhsa\/#primaryimage","url":"https:\/\/teksermakina.com\/wp-content\/uploads\/2023\/08\/6.1.2-KE-665JHSA.jpg","contentUrl":"https:\/\/teksermakina.com\/wp-content\/uploads\/2023\/08\/6.1.2-KE-665JHSA.jpg","width":1000,"height":1000},{"@type":"BreadcrumbList","@id":"https:\/\/teksermakina.com\/urun\/kenar-bantlama-ke-665jhsa\/#breadcrumb","itemListElement":[{"@type":"ListItem","position":1,"name":"Anasayfa","item":"https:\/\/teksermakina.com\/"},{"@type":"ListItem","position":2,"name":"\u00dcr\u00fcnler","item":"https:\/\/teksermakina.com\/urunler-111\/"},{"@type":"ListItem","position":3,"name":"KE-665JHSA"}]},{"@type":"WebSite","@id":"https:\/\/teksermakina.com\/en\/#website","url":"https:\/\/teksermakina.com\/en\/","name":"Tekser Makina","description":"","publisher":{"@id":"https:\/\/teksermakina.com\/en\/#organization"},"potentialAction":[{"@type":"SearchAction","target":{"@type":"EntryPoint","urlTemplate":"https:\/\/teksermakina.com\/en\/?s={search_term_string}"},"query-input":{"@type":"PropertyValueSpecification","valueRequired":true,"valueName":"search_term_string"}}],"inLanguage":"en-US"},{"@type":"Organization","@id":"https:\/\/teksermakina.com\/en\/#organization","name":"Tekser Makina","url":"https:\/\/teksermakina.com\/en\/","logo":{"@type":"ImageObject","inLanguage":"en-US","@id":"https:\/\/teksermakina.com\/en\/#\/schema\/logo\/image\/","url":"https:\/\/teksermakina.com\/wp-content\/uploads\/2023\/10\/TEKSER-BEYAZ-logoo.png","contentUrl":"https:\/\/teksermakina.com\/wp-content\/uploads\/2023\/10\/TEKSER-BEYAZ-logoo.png","width":129,"height":145,"caption":"Tekser Makina"},"image":{"@id":"https:\/\/teksermakina.com\/en\/#\/schema\/logo\/image\/"},"sameAs":["https:\/\/www.instagram.com\/teksermakina\/"]}]}},"_links":{"self":[{"href":"https:\/\/teksermakina.com\/en\/wp-json\/wp\/v2\/product\/195","targetHints":{"allow":["GET"]}}],"collection":[{"href":"https:\/\/teksermakina.com\/en\/wp-json\/wp\/v2\/product"}],"about":[{"href":"https:\/\/teksermakina.com\/en\/wp-json\/wp\/v2\/types\/product"}],"wp:featuredmedia":[{"embeddable":true,"href":"https:\/\/teksermakina.com\/en\/wp-json\/wp\/v2\/media\/1924"}],"wp:attachment":[{"href":"https:\/\/teksermakina.com\/en\/wp-json\/wp\/v2\/media?parent=195"}],"wp:term":[{"taxonomy":"product_cat","embeddable":true,"href":"https:\/\/teksermakina.com\/en\/wp-json\/wp\/v2\/product_cat?post=195"},{"taxonomy":"product_tag","embeddable":true,"href":"https:\/\/teksermakina.com\/en\/wp-json\/wp\/v2\/product_tag?post=195"}],"curies":[{"name":"wp","href":"https:\/\/api.w.org\/{rel}","templated":true}]}}