{"id":211,"date":"2023-08-24T15:26:18","date_gmt":"2023-08-24T15:26:18","guid":{"rendered":"https:\/\/teksermakina.com\/?post_type=product&#038;p=211"},"modified":"2026-03-03T09:25:37","modified_gmt":"2026-03-03T09:25:37","slug":"yukleme-asansoru-ka2713-yukleme-asansoru","status":"publish","type":"product","link":"https:\/\/teksermakina.com\/en\/product\/yukleme-asansoru-ka2713-yukleme-asansoru\/","title":{"rendered":"KA-2713 Y\u00fckleme Asans\u00f6r\u00fc"},"content":{"rendered":"<div class=\"wpb-content-wrapper\"><div id=\"teknik-parametreler\" class=\"vc_row wpb_row vc_row-fluid teknik-parametreler wd-rs-6523fcabb6c43\"><div class=\"wpb_column vc_column_container vc_col-sm-12\"><div class=\"vc_column-inner\"><div class=\"wpb_wrapper\">\n\t<div class=\"wpb_text_column wpb_content_element\" >\n\t\t<div class=\"wpb_wrapper\">\n\t\t\t<table class=\"layui-table\">\n<tbody>\n<tr>\n<td>1.MAX. Panel(L*W)<\/td>\n<td class=\"layui-col-space10\">3965*2100<\/td>\n<\/tr>\n<tr>\n<td>2.Working table size(mm)<\/td>\n<td class=\"layui-col-space10\">3650*2000<\/td>\n<\/tr>\n<tr>\n<td>3.Panel length(mm)<\/td>\n<td class=\"layui-col-space10\">3965<\/td>\n<\/tr>\n<tr>\n<td>4.Panel width(mm)<\/td>\n<td class=\"layui-col-space10\">2100<\/td>\n<\/tr>\n<tr>\n<td>5.Panel thickness(mm)<\/td>\n<td class=\"layui-col-space10\">10-60<\/td>\n<\/tr>\n<tr>\n<td>6.Stacking height(mm)<\/td>\n<td class=\"layui-col-space10\">500<\/td>\n<\/tr>\n<tr>\n<td>7.Load bearing weight(kg)<\/td>\n<td class=\"layui-col-space10\">3500<\/td>\n<\/tr>\n<tr>\n<td>8.Total Power\uff08kW\uff09<\/td>\n<td class=\"layui-col-space10\">2.2<\/td>\n<\/tr>\n<tr>\n<td>9.Gross Weight\uff08kg\uff09<\/td>\n<td class=\"layui-col-space10\">1500<\/td>\n<\/tr>\n<tr>\n<td>10.Overall Size (L*W*H)<\/td>\n<td class=\"layui-col-space10\">3650*2460*1025<\/td>\n<\/tr>\n<\/tbody>\n<\/table>\n\n\t\t<\/div>\n\t<\/div>\n<\/div><\/div><\/div><\/div><div id=\"urun-videomuz\" class=\"vc_row wpb_row vc_row-fluid urun-videomuz wd-rs-668e297760c08\"><div class=\"wpb_column vc_column_container vc_col-sm-12\"><div class=\"vc_column-inner\"><div class=\"wpb_wrapper\"><div class=\"vc_separator wpb_content_element vc_separator_align_center vc_sep_width_100 vc_sep_border_width_3 vc_sep_pos_align_center vc_separator_no_text vc_sep_color_grey\" ><span class=\"vc_sep_holder vc_sep_holder_l\"><span class=\"vc_sep_line\"><\/span><\/span><span class=\"vc_sep_holder vc_sep_holder_r\"><span class=\"vc_sep_line\"><\/span><\/span>\n<\/div><\/div><\/div><\/div><\/div><div class=\"vc_row wpb_row vc_row-fluid\"><div class=\"wpb_column vc_column_container vc_col-sm-6\"><div class=\"vc_column-inner\"><div class=\"wpb_wrapper\">\n\t<div  class=\"wpb_single_image wpb_content_element vc_align_left\">\n\t\t\n\t\t<figure class=\"wpb_wrapper vc_figure\">\n\t\t\t<div class=\"vc_single_image-wrapper   vc_box_border_grey\"><img loading=\"lazy\" decoding=\"async\" width=\"1000\" height=\"660\" src=\"data:image\/jpeg;base64,\/9j\/4AAQSkZJRgABAQEAYABgAAD\/\/gA7Q1JFQVRPUjogZ2QtanBlZyB2MS4wICh1c2luZyBJSkcgSlBFRyB2ODApLCBxdWFsaXR5ID0gODIK\/9sAQwAGBAQFBAQGBQUFBgYGBwkOCQkICAkSDQ0KDhUSFhYVEhQUFxohHBcYHxkUFB0nHR8iIyUlJRYcKSwoJCshJCUk\/9sAQwEGBgYJCAkRCQkRJBgUGCQkJCQkJCQkJCQkJCQkJCQkJCQkJCQkJCQkJCQkJCQkJCQkJCQkJCQkJCQkJCQkJCQk\/8AAEQgACgAQAwEiAAIRAQMRAf\/EAB8AAAEFAQEBAQEBAAAAAAAAAAABAgMEBQYHCAkKC\/\/EALUQAAIBAwMCBAMFBQQEAAABfQECAwAEEQUSITFBBhNRYQcicRQygZGhCCNCscEVUtHwJDNicoIJChYXGBkaJSYnKCkqNDU2Nzg5OkNERUZHSElKU1RVVldYWVpjZGVmZ2hpanN0dXZ3eHl6g4SFhoeIiYqSk5SVlpeYmZqio6Slpqeoqaqys7S1tre4ubrCw8TFxsfIycrS09TV1tfY2drh4uPk5ebn6Onq8fLz9PX29\/j5+v\/EAB8BAAMBAQEBAQEBAQEAAAAAAAABAgMEBQYHCAkKC\/\/EALURAAIBAgQEAwQHBQQEAAECdwABAgMRBAUhMQYSQVEHYXETIjKBCBRCkaGxwQkjM1LwFWJy0QoWJDThJfEXGBkaJicoKSo1Njc4OTpDREVGR0hJSlNUVVZXWFlaY2RlZmdoaWpzdHV2d3h5eoKDhIWGh4iJipKTlJWWl5iZmqKjpKWmp6ipqrKztLW2t7i5usLDxMXGx8jJytLT1NXW19jZ2uLj5OXm5+jp6vLz9PX29\/j5+v\/aAAwDAQACEQMRAD8AyZviBdzWkbG2sopXdomWG2UAgqOgxkHk8jn9K7vUNf8AEP8Awqie\/ZLCOIHyJ59v7wLlVDKR1OQvBH415\/FaW73vhpWgiIkk+cFB83zJ19etenSW8I8MfYfKj+yHdm32jyz8393pW1NJySZzT0i7H\/\/Z\" class=\"vc_single_image-img attachment-large wd-lazy-load wd-lazy-fade\" alt=\"\" title=\"1.KHA-2713-SENSOR\" srcset=\"\" sizes=\"auto, (max-width: 1000px) 100vw, 1000px\" data-wood-src=\"https:\/\/teksermakina.com\/wp-content\/uploads\/2023\/08\/1.KHA-2713-SENSOR.jpeg\" data-srcset=\"https:\/\/teksermakina.com\/wp-content\/uploads\/2023\/08\/1.KHA-2713-SENSOR.jpeg 1000w, https:\/\/teksermakina.com\/wp-content\/uploads\/2023\/08\/1.KHA-2713-SENSOR-300x198.jpeg 300w, https:\/\/teksermakina.com\/wp-content\/uploads\/2023\/08\/1.KHA-2713-SENSOR-768x507.jpeg 768w, https:\/\/teksermakina.com\/wp-content\/uploads\/2023\/08\/1.KHA-2713-SENSOR-18x12.jpeg 18w, https:\/\/teksermakina.com\/wp-content\/uploads\/2023\/08\/1.KHA-2713-SENSOR-600x396.jpeg 600w, https:\/\/teksermakina.com\/wp-content\/uploads\/2023\/08\/1.KHA-2713-SENSOR-250x165.jpeg 250w\" \/><\/div>\n\t\t<\/figure>\n\t<\/div>\n<\/div><\/div><\/div><div class=\"wpb_column vc_column_container vc_col-sm-6\"><div class=\"vc_column-inner\"><div class=\"wpb_wrapper\">\n\t\t<div id=\"wd-66a7a5a4d4687\" class=\"title-wrapper wd-wpb set-mb-s reset-last-child  wd-rs-66a7a5a4d4687 wd-title-color-default wd-title-style-underlined-2 text-left  wd-underline-colored\">\n\t\t\t\n\t\t\t<div class=\"liner-continer\">\n\t\t\t\t<h4 class=\"woodmart-title-container title  wd-font-weight- wd-fontsize-l\" >AUTOMATIC LEVELING<\/h4>\n\t\t\t\t\t\t\t<\/div>\n\t\t\t\n\t\t\t\n\t\t\t\n\t\t<\/div>\n\t\t\n\t\t\n\t<div class=\"wpb_text_column wpb_content_element\" >\n\t\t<div class=\"wpb_wrapper\">\n\t\t\t<p>Photoelectric sensor\uff0c panel auto lifting and auto stop when arrivel right position<\/p>\n\n\t\t<\/div>\n\t<\/div>\n<\/div><\/div><\/div><\/div><div class=\"vc_row wpb_row vc_row-fluid\"><div class=\"wpb_column vc_column_container vc_col-sm-12\"><div class=\"vc_column-inner\"><div class=\"wpb_wrapper\"><div class=\"vc_separator wpb_content_element vc_separator_align_center vc_sep_width_100 vc_sep_border_width_3 vc_sep_pos_align_center vc_separator_no_text vc_sep_color_grey\" ><span class=\"vc_sep_holder vc_sep_holder_l\"><span class=\"vc_sep_line\"><\/span><\/span><span class=\"vc_sep_holder vc_sep_holder_r\"><span class=\"vc_sep_line\"><\/span><\/span>\n<\/div><\/div><\/div><\/div><\/div><div class=\"vc_row wpb_row vc_row-fluid\"><div class=\"wpb_column vc_column_container vc_col-sm-4\"><div class=\"vc_column-inner\"><div class=\"wpb_wrapper\"><\/div><\/div><\/div><div class=\"wpb_column vc_column_container vc_col-sm-4\"><div class=\"vc_column-inner\"><div class=\"wpb_wrapper\"><\/div><\/div><\/div><div class=\"wpb_column vc_column_container vc_col-sm-4\"><div class=\"vc_column-inner\"><div class=\"wpb_wrapper\"><\/div><\/div><\/div><\/div>\n<\/div>","protected":false},"excerpt":{"rendered":"<table class=\"layui-table\">\n<tbody>\n<tr>\n<td colspan=\"2\">\n<h1>KHA-2713<\/h1>\n<\/td>\n<\/tr>\n<tr>\n<td colspan=\"2\"><\/td>\n<\/tr>\n<tr>\n<td class=\"layui-col-space1\">1.Configurated with panel sensor, automatically lifting upwards or downwards.<\/td>\n<\/tr>\n<tr>\n<td class=\"layui-col-space1\">2.High rigidity frame structure.<\/td>\n<\/tr>\n<tr>\n<td class=\"layui-col-space1\">3.Max stacking height is 500mm<\/td>\n<\/tr>\n<\/tbody>\n<\/table>","protected":false},"featured_media":213,"template":"","meta":[],"product_cat":[36],"product_tag":[30],"class_list":{"0":"post-211","1":"product","2":"type-product","3":"status-publish","4":"has-post-thumbnail","6":"product_cat-otomasyon-duzlem-cnc-makinalari","7":"product_tag-otomasyon-cozumleri","9":"first","10":"instock","11":"shipping-taxable","12":"product-type-simple"},"yoast_head":"<!-- This site is optimized with the Yoast SEO plugin v23.5 - https:\/\/yoast.com\/wordpress\/plugins\/seo\/ -->\n<title>KA-2713 Y\u00fckleme Asans\u00f6r\u00fc - Tekser Makina<\/title>\n<meta name=\"description\" content=\"Tekser Makina KA-2713 Y\u00fckleme Asans\u00f6r\u00fc -\" \/>\n<meta name=\"robots\" content=\"index, follow, max-snippet:-1, max-image-preview:large, max-video-preview:-1\" \/>\n<link rel=\"canonical\" href=\"https:\/\/teksermakina.com\/en\/product\/yukleme-asansoru-ka2713-yukleme-asansoru\/\" \/>\n<meta property=\"og:locale\" content=\"en_US\" \/>\n<meta property=\"og:type\" content=\"article\" \/>\n<meta property=\"og:title\" content=\"KA-2713 Y\u00fckleme Asans\u00f6r\u00fc - Tekser Makina\" \/>\n<meta property=\"og:description\" content=\"Tekser Makina KA-2713 Y\u00fckleme Asans\u00f6r\u00fc -\" \/>\n<meta property=\"og:url\" content=\"https:\/\/teksermakina.com\/en\/product\/yukleme-asansoru-ka2713-yukleme-asansoru\/\" \/>\n<meta property=\"og:site_name\" content=\"Tekser Makina\" \/>\n<meta property=\"article:modified_time\" content=\"2026-03-03T09:25:37+00:00\" \/>\n<meta property=\"og:image\" content=\"https:\/\/teksermakina.com\/wp-content\/uploads\/2023\/08\/KA2713-Yukleme-Asansoru-1.png\" \/>\n\t<meta property=\"og:image:width\" content=\"1000\" \/>\n\t<meta property=\"og:image:height\" content=\"1000\" \/>\n\t<meta property=\"og:image:type\" content=\"image\/png\" \/>\n<meta name=\"twitter:card\" content=\"summary_large_image\" \/>\n<meta name=\"twitter:label1\" content=\"Est. reading time\" \/>\n\t<meta name=\"twitter:data1\" content=\"1 minute\" \/>\n<script type=\"application\/ld+json\" class=\"yoast-schema-graph\">{\"@context\":\"https:\/\/schema.org\",\"@graph\":[{\"@type\":\"WebPage\",\"@id\":\"https:\/\/teksermakina.com\/urun\/yukleme-asansoru-ka2713-yukleme-asansoru\/\",\"url\":\"https:\/\/teksermakina.com\/urun\/yukleme-asansoru-ka2713-yukleme-asansoru\/\",\"name\":\"KA-2713 Y\u00fckleme Asans\u00f6r\u00fc - Tekser Makina\",\"isPartOf\":{\"@id\":\"https:\/\/teksermakina.com\/en\/#website\"},\"primaryImageOfPage\":{\"@id\":\"https:\/\/teksermakina.com\/urun\/yukleme-asansoru-ka2713-yukleme-asansoru\/#primaryimage\"},\"image\":{\"@id\":\"https:\/\/teksermakina.com\/urun\/yukleme-asansoru-ka2713-yukleme-asansoru\/#primaryimage\"},\"thumbnailUrl\":\"https:\/\/teksermakina.com\/wp-content\/uploads\/2023\/08\/KA2713-Yukleme-Asansoru-1.png\",\"datePublished\":\"2023-08-24T15:26:18+00:00\",\"dateModified\":\"2026-03-03T09:25:37+00:00\",\"description\":\"Tekser Makina KA-2713 Y\u00fckleme Asans\u00f6r\u00fc -\",\"breadcrumb\":{\"@id\":\"https:\/\/teksermakina.com\/urun\/yukleme-asansoru-ka2713-yukleme-asansoru\/#breadcrumb\"},\"inLanguage\":\"en-US\",\"potentialAction\":[{\"@type\":\"ReadAction\",\"target\":[\"https:\/\/teksermakina.com\/urun\/yukleme-asansoru-ka2713-yukleme-asansoru\/\"]}]},{\"@type\":\"ImageObject\",\"inLanguage\":\"en-US\",\"@id\":\"https:\/\/teksermakina.com\/urun\/yukleme-asansoru-ka2713-yukleme-asansoru\/#primaryimage\",\"url\":\"https:\/\/teksermakina.com\/wp-content\/uploads\/2023\/08\/KA2713-Yukleme-Asansoru-1.png\",\"contentUrl\":\"https:\/\/teksermakina.com\/wp-content\/uploads\/2023\/08\/KA2713-Yukleme-Asansoru-1.png\",\"width\":1000,\"height\":1000},{\"@type\":\"BreadcrumbList\",\"@id\":\"https:\/\/teksermakina.com\/urun\/yukleme-asansoru-ka2713-yukleme-asansoru\/#breadcrumb\",\"itemListElement\":[{\"@type\":\"ListItem\",\"position\":1,\"name\":\"Anasayfa\",\"item\":\"https:\/\/teksermakina.com\/\"},{\"@type\":\"ListItem\",\"position\":2,\"name\":\"\u00dcr\u00fcnler\",\"item\":\"https:\/\/teksermakina.com\/urunler-111\/\"},{\"@type\":\"ListItem\",\"position\":3,\"name\":\"KA-2713 Y\u00fckleme Asans\u00f6r\u00fc\"}]},{\"@type\":\"WebSite\",\"@id\":\"https:\/\/teksermakina.com\/en\/#website\",\"url\":\"https:\/\/teksermakina.com\/en\/\",\"name\":\"Tekser Makina\",\"description\":\"\",\"publisher\":{\"@id\":\"https:\/\/teksermakina.com\/en\/#organization\"},\"potentialAction\":[{\"@type\":\"SearchAction\",\"target\":{\"@type\":\"EntryPoint\",\"urlTemplate\":\"https:\/\/teksermakina.com\/en\/?s={search_term_string}\"},\"query-input\":{\"@type\":\"PropertyValueSpecification\",\"valueRequired\":true,\"valueName\":\"search_term_string\"}}],\"inLanguage\":\"en-US\"},{\"@type\":\"Organization\",\"@id\":\"https:\/\/teksermakina.com\/en\/#organization\",\"name\":\"Tekser Makina\",\"url\":\"https:\/\/teksermakina.com\/en\/\",\"logo\":{\"@type\":\"ImageObject\",\"inLanguage\":\"en-US\",\"@id\":\"https:\/\/teksermakina.com\/en\/#\/schema\/logo\/image\/\",\"url\":\"https:\/\/teksermakina.com\/wp-content\/uploads\/2023\/10\/TEKSER-BEYAZ-logoo.png\",\"contentUrl\":\"https:\/\/teksermakina.com\/wp-content\/uploads\/2023\/10\/TEKSER-BEYAZ-logoo.png\",\"width\":129,\"height\":145,\"caption\":\"Tekser Makina\"},\"image\":{\"@id\":\"https:\/\/teksermakina.com\/en\/#\/schema\/logo\/image\/\"},\"sameAs\":[\"https:\/\/www.instagram.com\/teksermakina\/\"]}]}<\/script>\n<!-- \/ Yoast SEO plugin. -->","yoast_head_json":{"title":"KA-2713 Y\u00fckleme Asans\u00f6r\u00fc - Tekser Makina","description":"Tekser Makina KA-2713 Y\u00fckleme Asans\u00f6r\u00fc -","robots":{"index":"index","follow":"follow","max-snippet":"max-snippet:-1","max-image-preview":"max-image-preview:large","max-video-preview":"max-video-preview:-1"},"canonical":"https:\/\/teksermakina.com\/en\/product\/yukleme-asansoru-ka2713-yukleme-asansoru\/","og_locale":"en_US","og_type":"article","og_title":"KA-2713 Y\u00fckleme Asans\u00f6r\u00fc - Tekser Makina","og_description":"Tekser Makina KA-2713 Y\u00fckleme Asans\u00f6r\u00fc -","og_url":"https:\/\/teksermakina.com\/en\/product\/yukleme-asansoru-ka2713-yukleme-asansoru\/","og_site_name":"Tekser Makina","article_modified_time":"2026-03-03T09:25:37+00:00","og_image":[{"width":1000,"height":1000,"url":"https:\/\/teksermakina.com\/wp-content\/uploads\/2023\/08\/KA2713-Yukleme-Asansoru-1.png","type":"image\/png"}],"twitter_card":"summary_large_image","twitter_misc":{"Est. reading time":"1 minute"},"schema":{"@context":"https:\/\/schema.org","@graph":[{"@type":"WebPage","@id":"https:\/\/teksermakina.com\/urun\/yukleme-asansoru-ka2713-yukleme-asansoru\/","url":"https:\/\/teksermakina.com\/urun\/yukleme-asansoru-ka2713-yukleme-asansoru\/","name":"KA-2713 Y\u00fckleme Asans\u00f6r\u00fc - Tekser Makina","isPartOf":{"@id":"https:\/\/teksermakina.com\/en\/#website"},"primaryImageOfPage":{"@id":"https:\/\/teksermakina.com\/urun\/yukleme-asansoru-ka2713-yukleme-asansoru\/#primaryimage"},"image":{"@id":"https:\/\/teksermakina.com\/urun\/yukleme-asansoru-ka2713-yukleme-asansoru\/#primaryimage"},"thumbnailUrl":"https:\/\/teksermakina.com\/wp-content\/uploads\/2023\/08\/KA2713-Yukleme-Asansoru-1.png","datePublished":"2023-08-24T15:26:18+00:00","dateModified":"2026-03-03T09:25:37+00:00","description":"Tekser Makina KA-2713 Y\u00fckleme Asans\u00f6r\u00fc -","breadcrumb":{"@id":"https:\/\/teksermakina.com\/urun\/yukleme-asansoru-ka2713-yukleme-asansoru\/#breadcrumb"},"inLanguage":"en-US","potentialAction":[{"@type":"ReadAction","target":["https:\/\/teksermakina.com\/urun\/yukleme-asansoru-ka2713-yukleme-asansoru\/"]}]},{"@type":"ImageObject","inLanguage":"en-US","@id":"https:\/\/teksermakina.com\/urun\/yukleme-asansoru-ka2713-yukleme-asansoru\/#primaryimage","url":"https:\/\/teksermakina.com\/wp-content\/uploads\/2023\/08\/KA2713-Yukleme-Asansoru-1.png","contentUrl":"https:\/\/teksermakina.com\/wp-content\/uploads\/2023\/08\/KA2713-Yukleme-Asansoru-1.png","width":1000,"height":1000},{"@type":"BreadcrumbList","@id":"https:\/\/teksermakina.com\/urun\/yukleme-asansoru-ka2713-yukleme-asansoru\/#breadcrumb","itemListElement":[{"@type":"ListItem","position":1,"name":"Anasayfa","item":"https:\/\/teksermakina.com\/"},{"@type":"ListItem","position":2,"name":"\u00dcr\u00fcnler","item":"https:\/\/teksermakina.com\/urunler-111\/"},{"@type":"ListItem","position":3,"name":"KA-2713 Y\u00fckleme Asans\u00f6r\u00fc"}]},{"@type":"WebSite","@id":"https:\/\/teksermakina.com\/en\/#website","url":"https:\/\/teksermakina.com\/en\/","name":"Tekser Makina","description":"","publisher":{"@id":"https:\/\/teksermakina.com\/en\/#organization"},"potentialAction":[{"@type":"SearchAction","target":{"@type":"EntryPoint","urlTemplate":"https:\/\/teksermakina.com\/en\/?s={search_term_string}"},"query-input":{"@type":"PropertyValueSpecification","valueRequired":true,"valueName":"search_term_string"}}],"inLanguage":"en-US"},{"@type":"Organization","@id":"https:\/\/teksermakina.com\/en\/#organization","name":"Tekser Makina","url":"https:\/\/teksermakina.com\/en\/","logo":{"@type":"ImageObject","inLanguage":"en-US","@id":"https:\/\/teksermakina.com\/en\/#\/schema\/logo\/image\/","url":"https:\/\/teksermakina.com\/wp-content\/uploads\/2023\/10\/TEKSER-BEYAZ-logoo.png","contentUrl":"https:\/\/teksermakina.com\/wp-content\/uploads\/2023\/10\/TEKSER-BEYAZ-logoo.png","width":129,"height":145,"caption":"Tekser Makina"},"image":{"@id":"https:\/\/teksermakina.com\/en\/#\/schema\/logo\/image\/"},"sameAs":["https:\/\/www.instagram.com\/teksermakina\/"]}]}},"_links":{"self":[{"href":"https:\/\/teksermakina.com\/en\/wp-json\/wp\/v2\/product\/211","targetHints":{"allow":["GET"]}}],"collection":[{"href":"https:\/\/teksermakina.com\/en\/wp-json\/wp\/v2\/product"}],"about":[{"href":"https:\/\/teksermakina.com\/en\/wp-json\/wp\/v2\/types\/product"}],"wp:featuredmedia":[{"embeddable":true,"href":"https:\/\/teksermakina.com\/en\/wp-json\/wp\/v2\/media\/213"}],"wp:attachment":[{"href":"https:\/\/teksermakina.com\/en\/wp-json\/wp\/v2\/media?parent=211"}],"wp:term":[{"taxonomy":"product_cat","embeddable":true,"href":"https:\/\/teksermakina.com\/en\/wp-json\/wp\/v2\/product_cat?post=211"},{"taxonomy":"product_tag","embeddable":true,"href":"https:\/\/teksermakina.com\/en\/wp-json\/wp\/v2\/product_tag?post=211"}],"curies":[{"name":"wp","href":"https:\/\/api.w.org\/{rel}","templated":true}]}}