{"id":224,"date":"2023-08-24T15:37:33","date_gmt":"2023-08-24T15:37:33","guid":{"rendered":"https:\/\/teksermakina.com\/?post_type=product&#038;p=224"},"modified":"2026-03-03T09:26:40","modified_gmt":"2026-03-03T09:26:40","slug":"robot-beslemeli-delik-cozumleri","status":"publish","type":"product","link":"https:\/\/teksermakina.com\/en\/product\/robot-beslemeli-delik-cozumleri\/","title":{"rendered":"Robot Beslemeli Delik \u00c7\u00f6z\u00fcmleri"},"content":{"rendered":"<div class=\"wpb-content-wrapper\"><div id=\"teknik-parametreler\" class=\"vc_row wpb_row vc_row-fluid teknik-parametreler wd-rs-652405a715f11\"><div class=\"wpb_column vc_column_container vc_col-sm-12\"><div class=\"vc_column-inner\"><div class=\"wpb_wrapper\">\n\t<div class=\"wpb_text_column wpb_content_element\" >\n\t\t<div class=\"wpb_wrapper\">\n\t\t\t\n\t\t<\/div>\n\t<\/div>\n<\/div><\/div><\/div><\/div><div id=\"urun-videomuz\" class=\"vc_row wpb_row vc_row-fluid urun-videomuz wd-rs-65256b8451f91\"><div class=\"wpb_column vc_column_container vc_col-sm-12\"><div class=\"vc_column-inner\"><div class=\"wpb_wrapper\"><div class=\"vc_separator wpb_content_element vc_separator_align_center vc_sep_width_100 vc_sep_pos_align_center vc_sep_color_grey vc_separator-has-text\" ><span class=\"vc_sep_holder vc_sep_holder_l\"><span class=\"vc_sep_line\"><\/span><\/span><h4>Machine Video<\/h4><span class=\"vc_sep_holder vc_sep_holder_r\"><span class=\"vc_sep_line\"><\/span><\/span>\n<\/div>\n\t<div class=\"wpb_video_widget wpb_content_element vc_clearfix vc_video-aspect-ratio-169 vc_video-el-width-100 vc_video-align-left wd-rs-66a7a9d02b43e\" >\n\t\t<div class=\"wpb_wrapper\">\n\t\t\t\n\t\t\t<div class=\"wpb_video_wrapper\"><iframe loading=\"lazy\" title=\"KD 612KSA+324S+ROBOT\" width=\"500\" height=\"281\" src=\"https:\/\/www.youtube.com\/embed\/VeydkK2VhNk?feature=oembed\" frameborder=\"0\" allow=\"accelerometer; autoplay; clipboard-write; encrypted-media; gyroscope; picture-in-picture; web-share\" referrerpolicy=\"strict-origin-when-cross-origin\" allowfullscreen><\/iframe><\/div>\n\t\t<\/div>\n\t<\/div>\n<\/div><\/div><\/div><\/div><div class=\"vc_row wpb_row vc_row-fluid\"><div class=\"wpb_column vc_column_container vc_col-sm-12\"><div class=\"vc_column-inner\"><div class=\"wpb_wrapper\">\n\t<div class=\"wpb_text_column wpb_content_element\" >\n\t\t<div class=\"wpb_wrapper\">\n\t\t\t<p>&nbsp;<\/p>\n\n\t\t<\/div>\n\t<\/div>\n<\/div><\/div><\/div><\/div><div id=\"teknik-parametreler\" class=\"vc_row wpb_row vc_row-fluid teknik-parametreler wd-rs-6523fcabb6c43\"><div class=\"wpb_column vc_column_container vc_col-sm-12\"><div class=\"vc_column-inner\"><div class=\"wpb_wrapper\"><\/div><\/div><\/div><\/div><div id=\"urun-videomuz\" class=\"vc_row wpb_row vc_row-fluid urun-videomuz wd-rs-668e297760c08\"><div class=\"wpb_column vc_column_container vc_col-sm-12\"><div class=\"vc_column-inner\"><div class=\"wpb_wrapper\"><div class=\"vc_separator wpb_content_element vc_separator_align_center vc_sep_width_100 vc_sep_border_width_3 vc_sep_pos_align_center vc_separator_no_text vc_sep_color_grey\" ><span class=\"vc_sep_holder vc_sep_holder_l\"><span class=\"vc_sep_line\"><\/span><\/span><span class=\"vc_sep_holder vc_sep_holder_r\"><span class=\"vc_sep_line\"><\/span><\/span>\n<\/div><\/div><\/div><\/div><\/div><div class=\"vc_row wpb_row vc_row-fluid\"><div class=\"wpb_column vc_column_container vc_col-sm-12\"><div class=\"vc_column-inner\"><div class=\"wpb_wrapper\"><div class=\"vc_separator wpb_content_element vc_separator_align_center vc_sep_width_100 vc_sep_border_width_3 vc_sep_pos_align_center vc_separator_no_text vc_sep_color_grey\" ><span class=\"vc_sep_holder vc_sep_holder_l\"><span class=\"vc_sep_line\"><\/span><\/span><span class=\"vc_sep_holder vc_sep_holder_r\"><span class=\"vc_sep_line\"><\/span><\/span>\n<\/div><\/div><\/div><\/div><\/div>\n<\/div>","protected":false},"excerpt":{"rendered":"<p><strong>Products Details\u00a0<\/strong><\/p>\n<p>Robot Unloading<br \/>\nPalletting<br \/>\nSorting<br \/>\nSave labour cost<\/p>","protected":false},"featured_media":225,"template":"","meta":[],"product_cat":[62,15],"product_tag":[31],"class_list":{"0":"post-224","1":"product","2":"type-product","3":"status-publish","4":"has-post-thumbnail","6":"product_cat-cnc-delik-hatlari","7":"product_cat-genel","8":"product_tag-uretim-hatlari","10":"first","11":"instock","12":"shipping-taxable","13":"product-type-simple"},"yoast_head":"<!-- This site is optimized with the Yoast SEO plugin v23.5 - https:\/\/yoast.com\/wordpress\/plugins\/seo\/ -->\n<title>Robot Beslemeli Delik \u00c7\u00f6z\u00fcmleri - Tekser Makina<\/title>\n<meta name=\"robots\" content=\"index, follow, max-snippet:-1, max-image-preview:large, max-video-preview:-1\" \/>\n<link rel=\"canonical\" href=\"https:\/\/teksermakina.com\/en\/product\/robot-beslemeli-delik-cozumleri\/\" \/>\n<meta property=\"og:locale\" content=\"en_US\" \/>\n<meta property=\"og:type\" content=\"article\" \/>\n<meta property=\"og:title\" content=\"Robot Beslemeli Delik \u00c7\u00f6z\u00fcmleri - Tekser Makina\" \/>\n<meta property=\"og:description\" content=\"\u00dcr\u00fcn A\u00e7\u0131klamas\u0131\u00a0  Robotlu bo\u015faltma Paletleme S\u0131ralama \u0130\u015fg\u00fcc\u00fc maliyetinden tasarruf\" \/>\n<meta property=\"og:url\" content=\"https:\/\/teksermakina.com\/en\/product\/robot-beslemeli-delik-cozumleri\/\" \/>\n<meta property=\"og:site_name\" content=\"Tekser Makina\" \/>\n<meta property=\"article:modified_time\" content=\"2026-03-03T09:26:40+00:00\" \/>\n<meta property=\"og:image\" content=\"https:\/\/teksermakina.com\/wp-content\/uploads\/2023\/08\/Robot-Beslemeli-Delik-Cozumleri.png\" \/>\n\t<meta property=\"og:image:width\" content=\"1000\" \/>\n\t<meta property=\"og:image:height\" content=\"1000\" \/>\n\t<meta property=\"og:image:type\" content=\"image\/png\" \/>\n<meta name=\"twitter:card\" content=\"summary_large_image\" \/>\n<meta name=\"twitter:label1\" content=\"Est. reading time\" \/>\n\t<meta name=\"twitter:data1\" content=\"1 minute\" \/>\n<script type=\"application\/ld+json\" class=\"yoast-schema-graph\">{\"@context\":\"https:\/\/schema.org\",\"@graph\":[{\"@type\":\"WebPage\",\"@id\":\"https:\/\/teksermakina.com\/urun\/robot-beslemeli-delik-cozumleri\/\",\"url\":\"https:\/\/teksermakina.com\/urun\/robot-beslemeli-delik-cozumleri\/\",\"name\":\"Robot Beslemeli Delik \u00c7\u00f6z\u00fcmleri - Tekser Makina\",\"isPartOf\":{\"@id\":\"https:\/\/teksermakina.com\/en\/#website\"},\"primaryImageOfPage\":{\"@id\":\"https:\/\/teksermakina.com\/urun\/robot-beslemeli-delik-cozumleri\/#primaryimage\"},\"image\":{\"@id\":\"https:\/\/teksermakina.com\/urun\/robot-beslemeli-delik-cozumleri\/#primaryimage\"},\"thumbnailUrl\":\"https:\/\/teksermakina.com\/wp-content\/uploads\/2023\/08\/Robot-Beslemeli-Delik-Cozumleri.png\",\"datePublished\":\"2023-08-24T15:37:33+00:00\",\"dateModified\":\"2026-03-03T09:26:40+00:00\",\"breadcrumb\":{\"@id\":\"https:\/\/teksermakina.com\/urun\/robot-beslemeli-delik-cozumleri\/#breadcrumb\"},\"inLanguage\":\"en-US\",\"potentialAction\":[{\"@type\":\"ReadAction\",\"target\":[\"https:\/\/teksermakina.com\/urun\/robot-beslemeli-delik-cozumleri\/\"]}]},{\"@type\":\"ImageObject\",\"inLanguage\":\"en-US\",\"@id\":\"https:\/\/teksermakina.com\/urun\/robot-beslemeli-delik-cozumleri\/#primaryimage\",\"url\":\"https:\/\/teksermakina.com\/wp-content\/uploads\/2023\/08\/Robot-Beslemeli-Delik-Cozumleri.png\",\"contentUrl\":\"https:\/\/teksermakina.com\/wp-content\/uploads\/2023\/08\/Robot-Beslemeli-Delik-Cozumleri.png\",\"width\":1000,\"height\":1000},{\"@type\":\"BreadcrumbList\",\"@id\":\"https:\/\/teksermakina.com\/urun\/robot-beslemeli-delik-cozumleri\/#breadcrumb\",\"itemListElement\":[{\"@type\":\"ListItem\",\"position\":1,\"name\":\"Anasayfa\",\"item\":\"https:\/\/teksermakina.com\/\"},{\"@type\":\"ListItem\",\"position\":2,\"name\":\"\u00dcr\u00fcnler\",\"item\":\"https:\/\/teksermakina.com\/urunler-111\/\"},{\"@type\":\"ListItem\",\"position\":3,\"name\":\"Robot Beslemeli Delik \u00c7\u00f6z\u00fcmleri\"}]},{\"@type\":\"WebSite\",\"@id\":\"https:\/\/teksermakina.com\/en\/#website\",\"url\":\"https:\/\/teksermakina.com\/en\/\",\"name\":\"Tekser Makina\",\"description\":\"\",\"publisher\":{\"@id\":\"https:\/\/teksermakina.com\/en\/#organization\"},\"potentialAction\":[{\"@type\":\"SearchAction\",\"target\":{\"@type\":\"EntryPoint\",\"urlTemplate\":\"https:\/\/teksermakina.com\/en\/?s={search_term_string}\"},\"query-input\":{\"@type\":\"PropertyValueSpecification\",\"valueRequired\":true,\"valueName\":\"search_term_string\"}}],\"inLanguage\":\"en-US\"},{\"@type\":\"Organization\",\"@id\":\"https:\/\/teksermakina.com\/en\/#organization\",\"name\":\"Tekser Makina\",\"url\":\"https:\/\/teksermakina.com\/en\/\",\"logo\":{\"@type\":\"ImageObject\",\"inLanguage\":\"en-US\",\"@id\":\"https:\/\/teksermakina.com\/en\/#\/schema\/logo\/image\/\",\"url\":\"https:\/\/teksermakina.com\/wp-content\/uploads\/2023\/10\/TEKSER-BEYAZ-logoo.png\",\"contentUrl\":\"https:\/\/teksermakina.com\/wp-content\/uploads\/2023\/10\/TEKSER-BEYAZ-logoo.png\",\"width\":129,\"height\":145,\"caption\":\"Tekser Makina\"},\"image\":{\"@id\":\"https:\/\/teksermakina.com\/en\/#\/schema\/logo\/image\/\"},\"sameAs\":[\"https:\/\/www.instagram.com\/teksermakina\/\"]}]}<\/script>\n<!-- \/ Yoast SEO plugin. -->","yoast_head_json":{"title":"Robot Beslemeli Delik \u00c7\u00f6z\u00fcmleri - Tekser Makina","robots":{"index":"index","follow":"follow","max-snippet":"max-snippet:-1","max-image-preview":"max-image-preview:large","max-video-preview":"max-video-preview:-1"},"canonical":"https:\/\/teksermakina.com\/en\/product\/robot-beslemeli-delik-cozumleri\/","og_locale":"en_US","og_type":"article","og_title":"Robot Beslemeli Delik \u00c7\u00f6z\u00fcmleri - Tekser Makina","og_description":"\u00dcr\u00fcn A\u00e7\u0131klamas\u0131\u00a0  Robotlu bo\u015faltma Paletleme S\u0131ralama \u0130\u015fg\u00fcc\u00fc maliyetinden tasarruf","og_url":"https:\/\/teksermakina.com\/en\/product\/robot-beslemeli-delik-cozumleri\/","og_site_name":"Tekser Makina","article_modified_time":"2026-03-03T09:26:40+00:00","og_image":[{"width":1000,"height":1000,"url":"https:\/\/teksermakina.com\/wp-content\/uploads\/2023\/08\/Robot-Beslemeli-Delik-Cozumleri.png","type":"image\/png"}],"twitter_card":"summary_large_image","twitter_misc":{"Est. reading time":"1 minute"},"schema":{"@context":"https:\/\/schema.org","@graph":[{"@type":"WebPage","@id":"https:\/\/teksermakina.com\/urun\/robot-beslemeli-delik-cozumleri\/","url":"https:\/\/teksermakina.com\/urun\/robot-beslemeli-delik-cozumleri\/","name":"Robot Beslemeli Delik \u00c7\u00f6z\u00fcmleri - Tekser Makina","isPartOf":{"@id":"https:\/\/teksermakina.com\/en\/#website"},"primaryImageOfPage":{"@id":"https:\/\/teksermakina.com\/urun\/robot-beslemeli-delik-cozumleri\/#primaryimage"},"image":{"@id":"https:\/\/teksermakina.com\/urun\/robot-beslemeli-delik-cozumleri\/#primaryimage"},"thumbnailUrl":"https:\/\/teksermakina.com\/wp-content\/uploads\/2023\/08\/Robot-Beslemeli-Delik-Cozumleri.png","datePublished":"2023-08-24T15:37:33+00:00","dateModified":"2026-03-03T09:26:40+00:00","breadcrumb":{"@id":"https:\/\/teksermakina.com\/urun\/robot-beslemeli-delik-cozumleri\/#breadcrumb"},"inLanguage":"en-US","potentialAction":[{"@type":"ReadAction","target":["https:\/\/teksermakina.com\/urun\/robot-beslemeli-delik-cozumleri\/"]}]},{"@type":"ImageObject","inLanguage":"en-US","@id":"https:\/\/teksermakina.com\/urun\/robot-beslemeli-delik-cozumleri\/#primaryimage","url":"https:\/\/teksermakina.com\/wp-content\/uploads\/2023\/08\/Robot-Beslemeli-Delik-Cozumleri.png","contentUrl":"https:\/\/teksermakina.com\/wp-content\/uploads\/2023\/08\/Robot-Beslemeli-Delik-Cozumleri.png","width":1000,"height":1000},{"@type":"BreadcrumbList","@id":"https:\/\/teksermakina.com\/urun\/robot-beslemeli-delik-cozumleri\/#breadcrumb","itemListElement":[{"@type":"ListItem","position":1,"name":"Anasayfa","item":"https:\/\/teksermakina.com\/"},{"@type":"ListItem","position":2,"name":"\u00dcr\u00fcnler","item":"https:\/\/teksermakina.com\/urunler-111\/"},{"@type":"ListItem","position":3,"name":"Robot Beslemeli Delik \u00c7\u00f6z\u00fcmleri"}]},{"@type":"WebSite","@id":"https:\/\/teksermakina.com\/en\/#website","url":"https:\/\/teksermakina.com\/en\/","name":"Tekser Makina","description":"","publisher":{"@id":"https:\/\/teksermakina.com\/en\/#organization"},"potentialAction":[{"@type":"SearchAction","target":{"@type":"EntryPoint","urlTemplate":"https:\/\/teksermakina.com\/en\/?s={search_term_string}"},"query-input":{"@type":"PropertyValueSpecification","valueRequired":true,"valueName":"search_term_string"}}],"inLanguage":"en-US"},{"@type":"Organization","@id":"https:\/\/teksermakina.com\/en\/#organization","name":"Tekser Makina","url":"https:\/\/teksermakina.com\/en\/","logo":{"@type":"ImageObject","inLanguage":"en-US","@id":"https:\/\/teksermakina.com\/en\/#\/schema\/logo\/image\/","url":"https:\/\/teksermakina.com\/wp-content\/uploads\/2023\/10\/TEKSER-BEYAZ-logoo.png","contentUrl":"https:\/\/teksermakina.com\/wp-content\/uploads\/2023\/10\/TEKSER-BEYAZ-logoo.png","width":129,"height":145,"caption":"Tekser Makina"},"image":{"@id":"https:\/\/teksermakina.com\/en\/#\/schema\/logo\/image\/"},"sameAs":["https:\/\/www.instagram.com\/teksermakina\/"]}]}},"_links":{"self":[{"href":"https:\/\/teksermakina.com\/en\/wp-json\/wp\/v2\/product\/224","targetHints":{"allow":["GET"]}}],"collection":[{"href":"https:\/\/teksermakina.com\/en\/wp-json\/wp\/v2\/product"}],"about":[{"href":"https:\/\/teksermakina.com\/en\/wp-json\/wp\/v2\/types\/product"}],"wp:featuredmedia":[{"embeddable":true,"href":"https:\/\/teksermakina.com\/en\/wp-json\/wp\/v2\/media\/225"}],"wp:attachment":[{"href":"https:\/\/teksermakina.com\/en\/wp-json\/wp\/v2\/media?parent=224"}],"wp:term":[{"taxonomy":"product_cat","embeddable":true,"href":"https:\/\/teksermakina.com\/en\/wp-json\/wp\/v2\/product_cat?post=224"},{"taxonomy":"product_tag","embeddable":true,"href":"https:\/\/teksermakina.com\/en\/wp-json\/wp\/v2\/product_tag?post=224"}],"curies":[{"name":"wp","href":"https:\/\/api.w.org\/{rel}","templated":true}]}}