{"id":2623,"date":"2024-12-20T14:10:21","date_gmt":"2024-12-20T14:10:21","guid":{"rendered":"https:\/\/teksermakina.com\/?post_type=product&#038;p=2623"},"modified":"2026-03-03T09:24:46","modified_gmt":"2026-03-03T09:24:46","slug":"hassas-tiraslama-bicagi","status":"publish","type":"product","link":"https:\/\/teksermakina.com\/en\/product\/hassas-tiraslama-bicagi\/","title":{"rendered":"Hassas T\u0131ra\u015flama B\u0131\u00e7a\u011f\u0131"},"content":{"rendered":"","protected":false},"excerpt":{"rendered":"","protected":false},"featured_media":2627,"template":"","meta":[],"product_cat":[97],"product_tag":[],"class_list":{"0":"post-2623","1":"product","2":"type-product","3":"status-publish","4":"has-post-thumbnail","6":"product_cat-kenar-bantlama-makineleri-yedek-parca","8":"first","9":"instock","10":"shipping-taxable","11":"product-type-simple"},"yoast_head":"<!-- This site is optimized with the Yoast SEO plugin v23.5 - https:\/\/yoast.com\/wordpress\/plugins\/seo\/ -->\n<title>Hassas T\u0131ra\u015flama B\u0131\u00e7a\u011f\u0131 - Tekser Makina<\/title>\n<meta name=\"robots\" content=\"index, follow, max-snippet:-1, max-image-preview:large, max-video-preview:-1\" \/>\n<link rel=\"canonical\" href=\"https:\/\/teksermakina.com\/en\/product\/hassas-tiraslama-bicagi\/\" \/>\n<meta property=\"og:locale\" content=\"en_US\" \/>\n<meta property=\"og:type\" content=\"article\" \/>\n<meta property=\"og:title\" content=\"Hassas T\u0131ra\u015flama B\u0131\u00e7a\u011f\u0131 - Tekser Makina\" \/>\n<meta property=\"og:url\" content=\"https:\/\/teksermakina.com\/en\/product\/hassas-tiraslama-bicagi\/\" \/>\n<meta property=\"og:site_name\" content=\"Tekser Makina\" \/>\n<meta property=\"article:modified_time\" content=\"2026-03-03T09:24:46+00:00\" \/>\n<meta property=\"og:image\" content=\"https:\/\/teksermakina.com\/wp-content\/uploads\/2024\/12\/Hassas-Traslama-Bicagi.png\" \/>\n\t<meta property=\"og:image:width\" content=\"502\" \/>\n\t<meta property=\"og:image:height\" content=\"504\" \/>\n\t<meta property=\"og:image:type\" content=\"image\/png\" \/>\n<meta name=\"twitter:card\" content=\"summary_large_image\" \/>\n<meta name=\"twitter:label1\" content=\"Est. reading time\" \/>\n\t<meta name=\"twitter:data1\" content=\"1 minute\" \/>\n<script type=\"application\/ld+json\" class=\"yoast-schema-graph\">{\"@context\":\"https:\/\/schema.org\",\"@graph\":[{\"@type\":\"WebPage\",\"@id\":\"https:\/\/teksermakina.com\/urun\/hassas-tiraslama-bicagi\/\",\"url\":\"https:\/\/teksermakina.com\/urun\/hassas-tiraslama-bicagi\/\",\"name\":\"Hassas T\u0131ra\u015flama B\u0131\u00e7a\u011f\u0131 - Tekser Makina\",\"isPartOf\":{\"@id\":\"https:\/\/teksermakina.com\/en\/#website\"},\"primaryImageOfPage\":{\"@id\":\"https:\/\/teksermakina.com\/urun\/hassas-tiraslama-bicagi\/#primaryimage\"},\"image\":{\"@id\":\"https:\/\/teksermakina.com\/urun\/hassas-tiraslama-bicagi\/#primaryimage\"},\"thumbnailUrl\":\"https:\/\/teksermakina.com\/wp-content\/uploads\/2024\/12\/Hassas-Traslama-Bicagi.png\",\"datePublished\":\"2024-12-20T14:10:21+00:00\",\"dateModified\":\"2026-03-03T09:24:46+00:00\",\"breadcrumb\":{\"@id\":\"https:\/\/teksermakina.com\/urun\/hassas-tiraslama-bicagi\/#breadcrumb\"},\"inLanguage\":\"en-US\",\"potentialAction\":[{\"@type\":\"ReadAction\",\"target\":[\"https:\/\/teksermakina.com\/urun\/hassas-tiraslama-bicagi\/\"]}]},{\"@type\":\"ImageObject\",\"inLanguage\":\"en-US\",\"@id\":\"https:\/\/teksermakina.com\/urun\/hassas-tiraslama-bicagi\/#primaryimage\",\"url\":\"https:\/\/teksermakina.com\/wp-content\/uploads\/2024\/12\/Hassas-Traslama-Bicagi.png\",\"contentUrl\":\"https:\/\/teksermakina.com\/wp-content\/uploads\/2024\/12\/Hassas-Traslama-Bicagi.png\",\"width\":502,\"height\":504},{\"@type\":\"BreadcrumbList\",\"@id\":\"https:\/\/teksermakina.com\/urun\/hassas-tiraslama-bicagi\/#breadcrumb\",\"itemListElement\":[{\"@type\":\"ListItem\",\"position\":1,\"name\":\"Anasayfa\",\"item\":\"https:\/\/teksermakina.com\/\"},{\"@type\":\"ListItem\",\"position\":2,\"name\":\"\u00dcr\u00fcnler\",\"item\":\"https:\/\/teksermakina.com\/urunler-111\/\"},{\"@type\":\"ListItem\",\"position\":3,\"name\":\"Hassas T\u0131ra\u015flama B\u0131\u00e7a\u011f\u0131\"}]},{\"@type\":\"WebSite\",\"@id\":\"https:\/\/teksermakina.com\/en\/#website\",\"url\":\"https:\/\/teksermakina.com\/en\/\",\"name\":\"Tekser Makina\",\"description\":\"\",\"publisher\":{\"@id\":\"https:\/\/teksermakina.com\/en\/#organization\"},\"potentialAction\":[{\"@type\":\"SearchAction\",\"target\":{\"@type\":\"EntryPoint\",\"urlTemplate\":\"https:\/\/teksermakina.com\/en\/?s={search_term_string}\"},\"query-input\":{\"@type\":\"PropertyValueSpecification\",\"valueRequired\":true,\"valueName\":\"search_term_string\"}}],\"inLanguage\":\"en-US\"},{\"@type\":\"Organization\",\"@id\":\"https:\/\/teksermakina.com\/en\/#organization\",\"name\":\"Tekser Makina\",\"url\":\"https:\/\/teksermakina.com\/en\/\",\"logo\":{\"@type\":\"ImageObject\",\"inLanguage\":\"en-US\",\"@id\":\"https:\/\/teksermakina.com\/en\/#\/schema\/logo\/image\/\",\"url\":\"https:\/\/teksermakina.com\/wp-content\/uploads\/2023\/10\/TEKSER-BEYAZ-logoo.png\",\"contentUrl\":\"https:\/\/teksermakina.com\/wp-content\/uploads\/2023\/10\/TEKSER-BEYAZ-logoo.png\",\"width\":129,\"height\":145,\"caption\":\"Tekser Makina\"},\"image\":{\"@id\":\"https:\/\/teksermakina.com\/en\/#\/schema\/logo\/image\/\"},\"sameAs\":[\"https:\/\/www.instagram.com\/teksermakina\/\"]}]}<\/script>\n<!-- \/ Yoast SEO plugin. -->","yoast_head_json":{"title":"Hassas T\u0131ra\u015flama B\u0131\u00e7a\u011f\u0131 - Tekser Makina","robots":{"index":"index","follow":"follow","max-snippet":"max-snippet:-1","max-image-preview":"max-image-preview:large","max-video-preview":"max-video-preview:-1"},"canonical":"https:\/\/teksermakina.com\/en\/product\/hassas-tiraslama-bicagi\/","og_locale":"en_US","og_type":"article","og_title":"Hassas T\u0131ra\u015flama B\u0131\u00e7a\u011f\u0131 - Tekser Makina","og_url":"https:\/\/teksermakina.com\/en\/product\/hassas-tiraslama-bicagi\/","og_site_name":"Tekser Makina","article_modified_time":"2026-03-03T09:24:46+00:00","og_image":[{"width":502,"height":504,"url":"https:\/\/teksermakina.com\/wp-content\/uploads\/2024\/12\/Hassas-Traslama-Bicagi.png","type":"image\/png"}],"twitter_card":"summary_large_image","twitter_misc":{"Est. reading time":"1 minute"},"schema":{"@context":"https:\/\/schema.org","@graph":[{"@type":"WebPage","@id":"https:\/\/teksermakina.com\/urun\/hassas-tiraslama-bicagi\/","url":"https:\/\/teksermakina.com\/urun\/hassas-tiraslama-bicagi\/","name":"Hassas T\u0131ra\u015flama B\u0131\u00e7a\u011f\u0131 - Tekser Makina","isPartOf":{"@id":"https:\/\/teksermakina.com\/en\/#website"},"primaryImageOfPage":{"@id":"https:\/\/teksermakina.com\/urun\/hassas-tiraslama-bicagi\/#primaryimage"},"image":{"@id":"https:\/\/teksermakina.com\/urun\/hassas-tiraslama-bicagi\/#primaryimage"},"thumbnailUrl":"https:\/\/teksermakina.com\/wp-content\/uploads\/2024\/12\/Hassas-Traslama-Bicagi.png","datePublished":"2024-12-20T14:10:21+00:00","dateModified":"2026-03-03T09:24:46+00:00","breadcrumb":{"@id":"https:\/\/teksermakina.com\/urun\/hassas-tiraslama-bicagi\/#breadcrumb"},"inLanguage":"en-US","potentialAction":[{"@type":"ReadAction","target":["https:\/\/teksermakina.com\/urun\/hassas-tiraslama-bicagi\/"]}]},{"@type":"ImageObject","inLanguage":"en-US","@id":"https:\/\/teksermakina.com\/urun\/hassas-tiraslama-bicagi\/#primaryimage","url":"https:\/\/teksermakina.com\/wp-content\/uploads\/2024\/12\/Hassas-Traslama-Bicagi.png","contentUrl":"https:\/\/teksermakina.com\/wp-content\/uploads\/2024\/12\/Hassas-Traslama-Bicagi.png","width":502,"height":504},{"@type":"BreadcrumbList","@id":"https:\/\/teksermakina.com\/urun\/hassas-tiraslama-bicagi\/#breadcrumb","itemListElement":[{"@type":"ListItem","position":1,"name":"Anasayfa","item":"https:\/\/teksermakina.com\/"},{"@type":"ListItem","position":2,"name":"\u00dcr\u00fcnler","item":"https:\/\/teksermakina.com\/urunler-111\/"},{"@type":"ListItem","position":3,"name":"Hassas T\u0131ra\u015flama B\u0131\u00e7a\u011f\u0131"}]},{"@type":"WebSite","@id":"https:\/\/teksermakina.com\/en\/#website","url":"https:\/\/teksermakina.com\/en\/","name":"Tekser Makina","description":"","publisher":{"@id":"https:\/\/teksermakina.com\/en\/#organization"},"potentialAction":[{"@type":"SearchAction","target":{"@type":"EntryPoint","urlTemplate":"https:\/\/teksermakina.com\/en\/?s={search_term_string}"},"query-input":{"@type":"PropertyValueSpecification","valueRequired":true,"valueName":"search_term_string"}}],"inLanguage":"en-US"},{"@type":"Organization","@id":"https:\/\/teksermakina.com\/en\/#organization","name":"Tekser Makina","url":"https:\/\/teksermakina.com\/en\/","logo":{"@type":"ImageObject","inLanguage":"en-US","@id":"https:\/\/teksermakina.com\/en\/#\/schema\/logo\/image\/","url":"https:\/\/teksermakina.com\/wp-content\/uploads\/2023\/10\/TEKSER-BEYAZ-logoo.png","contentUrl":"https:\/\/teksermakina.com\/wp-content\/uploads\/2023\/10\/TEKSER-BEYAZ-logoo.png","width":129,"height":145,"caption":"Tekser Makina"},"image":{"@id":"https:\/\/teksermakina.com\/en\/#\/schema\/logo\/image\/"},"sameAs":["https:\/\/www.instagram.com\/teksermakina\/"]}]}},"_links":{"self":[{"href":"https:\/\/teksermakina.com\/en\/wp-json\/wp\/v2\/product\/2623","targetHints":{"allow":["GET"]}}],"collection":[{"href":"https:\/\/teksermakina.com\/en\/wp-json\/wp\/v2\/product"}],"about":[{"href":"https:\/\/teksermakina.com\/en\/wp-json\/wp\/v2\/types\/product"}],"wp:featuredmedia":[{"embeddable":true,"href":"https:\/\/teksermakina.com\/en\/wp-json\/wp\/v2\/media\/2627"}],"wp:attachment":[{"href":"https:\/\/teksermakina.com\/en\/wp-json\/wp\/v2\/media?parent=2623"}],"wp:term":[{"taxonomy":"product_cat","embeddable":true,"href":"https:\/\/teksermakina.com\/en\/wp-json\/wp\/v2\/product_cat?post=2623"},{"taxonomy":"product_tag","embeddable":true,"href":"https:\/\/teksermakina.com\/en\/wp-json\/wp\/v2\/product_tag?post=2623"}],"curies":[{"name":"wp","href":"https:\/\/api.w.org\/{rel}","templated":true}]}}