{"id":2823,"date":"2025-01-07T09:47:22","date_gmt":"2025-01-07T09:47:22","guid":{"rendered":"https:\/\/teksermakina.com\/?post_type=product&#038;p=2823"},"modified":"2026-03-03T09:22:39","modified_gmt":"2026-03-03T09:22:39","slug":"kdt-pm7-1300-1000-650","status":"publish","type":"product","link":"https:\/\/teksermakina.com\/en\/product\/kdt-pm7-1300-1000-650\/","title":{"rendered":"KDT PM7-1300\/1000\/650"},"content":{"rendered":"<div class=\"wpb-content-wrapper\"><div id=\"teknik-parametreler\" class=\"vc_row wpb_row vc_row-fluid teknik-parametreler wd-rs-65240d66c8bc5\"><div class=\"wpb_column vc_column_container vc_col-sm-12\"><div class=\"vc_column-inner\"><div class=\"wpb_wrapper\"><div class=\"vc_separator wpb_content_element vc_separator_align_center vc_sep_width_100 vc_sep_pos_align_center vc_sep_color_grey vc_separator-has-text\" ><span class=\"vc_sep_holder vc_sep_holder_l\"><span class=\"vc_sep_line\"><\/span><\/span><h4>Technical Features<\/h4><span class=\"vc_sep_holder vc_sep_holder_r\"><span class=\"vc_sep_line\"><\/span><\/span>\n<\/div>\n\t<div class=\"wpb_text_column wpb_content_element\" >\n\t\t<div class=\"wpb_wrapper\">\n\t\t\t<table class=\"data-list\" style=\"height: 230px;\" width=\"668\">\n<tbody>\n<tr>\n<td>Model<\/td>\n<td>KDT PM7-1300<\/td>\n<td>KDT PM7-1000<\/td>\n<td>KDT PM7-650<\/td>\n<\/tr>\n<tr>\n<td>Grinding width (mm)<\/td>\n<td>10 \u2013 1 300<\/td>\n<td>10 \u2013 1.000<\/td>\n<td>10 \u2013 650<\/td>\n<\/tr>\n<tr>\n<td>Part thickness (mm)<\/td>\n<td>8 \u2013 120<\/td>\n<td>8 \u2013 120<\/td>\n<td>8 \u2013 120<\/td>\n<\/tr>\n<tr>\n<td>Minimum part length (mm)<\/td>\n<td>320<\/td>\n<td>320<\/td>\n<td>320<\/td>\n<\/tr>\n<tr>\n<td>Feeding speed (m\/min)<\/td>\n<td>3 \u2013 12<\/td>\n<td>3 \u2013 12<\/td>\n<td>3 \u2013 12<\/td>\n<\/tr>\n<tr>\n<td>Total power (kW)<\/td>\n<td>17<\/td>\n<td>17<\/td>\n<td>11.5<\/td>\n<\/tr>\n<tr>\n<td>Compressed air consumption (m\u00b3\/min)<\/td>\n<td>0,1<\/td>\n<td>0,1<\/td>\n<td>0,1<\/td>\n<\/tr>\n<tr>\n<td>Aspiration (m\u00b3\/hour)<\/td>\n<td>15.000<\/td>\n<td>15.000<\/td>\n<td>10.000<\/td>\n<\/tr>\n<tr>\n<td>Machine dimensions (mm)<\/td>\n<td>4664x2280x2180<\/td>\n<td>4664x2000x2180<\/td>\n<td>4.664&#215;1.630&#215;2.234<\/td>\n<\/tr>\n<tr>\n<td>Machine weight (kg)<\/td>\n<td>3 500<\/td>\n<td>3 500<\/td>\n<td>3 150<\/td>\n<\/tr>\n<\/tbody>\n<\/table>\n\n\t\t<\/div>\n\t<\/div>\n<\/div><\/div><\/div><\/div><div id=\"urun-videomuz\" class=\"vc_row wpb_row vc_row-fluid urun-videomuz wd-rs-6525649a4be8c\"><div class=\"wpb_column vc_column_container vc_col-sm-12\"><div class=\"vc_column-inner\"><div class=\"wpb_wrapper\"><div class=\"vc_separator wpb_content_element vc_separator_align_center vc_sep_width_100 vc_sep_pos_align_center vc_sep_color_grey vc_separator-has-text\" ><span class=\"vc_sep_holder vc_sep_holder_l\"><span class=\"vc_sep_line\"><\/span><\/span><h4>Machine Video<\/h4><span class=\"vc_sep_holder vc_sep_holder_r\"><span class=\"vc_sep_line\"><\/span><\/span>\n<\/div><\/div><\/div><\/div><\/div><div class=\"vc_row wpb_row vc_row-fluid wd-rs-6666b6ccd54c8\"><div class=\"wpb_column vc_column_container vc_col-sm-12\"><div class=\"vc_column-inner\"><div class=\"wpb_wrapper\">\n\t<div class=\"wpb_text_column wpb_content_element vc_custom_1735898930818\" >\n\t\t<div class=\"wpb_wrapper\">\n\t\t\t<h3 style=\"text-align: center;\">GENERAL FEATURES<\/h3>\n\n\t\t<\/div>\n\t<\/div>\n<div class=\"vc_row wpb_row vc_inner vc_row-fluid\"><div class=\"wpb_column vc_column_container vc_col-sm-4 text-left wd-rs-666dcd71475e7\"><div class=\"vc_column-inner vc_custom_1718472063559\"><div class=\"wpb_wrapper\">\n\t\t<div id=\"wd-677cf931c6563\" class=\"title-wrapper wd-wpb set-mb-s reset-last-child  wd-rs-677cf931c6563 wd-title-color-default wd-title-style-underlined-2 text-left  wd-width-enabled wd-underline-colored\" style=\"--wd-max-width: 90%;\">\n\t\t\t\n\t\t\t<div class=\"liner-continer\">\n\t\t\t\t<h4 class=\"woodmart-title-container title  wd-font-weight- wd-fontsize-m\" >UYGULAMA KAPSAMI<\/h4>\n\t\t\t\t\t\t\t<\/div>\n\t\t\t\n\t\t\t\n\t\t\t\n\t\t<\/div>\n\t\t\n\t\t\t\t<div id=\"wd-677cf98577105\" class=\"wd-text-block wd-wpb reset-last-child wd-rs-677cf98577105 text-left\">\n\t\t\t<p class=\"p-dot\"><strong>Her t\u00fcrl\u00fc mobilyaya y\u00f6nelik cephe \u00fcretimi: mutfak mobilyalar\u0131, banyo mobilyalar\u0131, yatak odalar\u0131, \u00e7ocuk odalar\u0131, oteller, ofisler.<br \/>\n<\/strong><strong>\u0130\u00e7 ve giri\u015f kap\u0131lar\u0131 imalat\u0131.<br \/>\n<\/strong><strong>\u00c7ocuk oyun komplekslerinin \u00fcretimi.<br \/>\n<\/strong><strong>Marangozluk \u00fcretimi.<\/strong><\/p>\n\t\t<\/div>\n\t\t<\/div><\/div><\/div><div class=\"wpb_column vc_column_container vc_col-sm-4 wd-rs-6666afb8e51e3\"><div class=\"vc_column-inner\"><div class=\"wpb_wrapper\">\n\t\t<div id=\"wd-677cf954a4105\" class=\"title-wrapper wd-wpb set-mb-s reset-last-child  wd-rs-677cf954a4105 wd-title-color-default wd-title-style-underlined-2 text-left  wd-width-enabled wd-underline-colored\" style=\"--wd-max-width: 90%;\">\n\t\t\t\n\t\t\t<div class=\"liner-continer\">\n\t\t\t\t<h4 class=\"woodmart-title-container title  wd-font-weight- wd-fontsize-m\" >AYIRT ED\u0130C\u0130 \u00d6ZELL\u0130KLER<\/h4>\n\t\t\t\t\t\t\t<\/div>\n\t\t\t\n\t\t\t\n\t\t\t\n\t\t<\/div>\n\t\t\n\t\t\t\t<div id=\"wd-677cf99aab346\" class=\"wd-text-block wd-wpb reset-last-child wd-rs-677cf99aab346 text-left\">\n\t\t\t<p class=\"page-data__p\"><strong>Ta\u015flama i\u015flemi, a\u015f\u0131nd\u0131r\u0131c\u0131 flap bant ve destek f\u0131r\u00e7as\u0131ndan olu\u015fan elastik a\u015f\u0131nd\u0131r\u0131c\u0131 f\u0131r\u00e7a eleman\u0131 ile ger\u00e7ekle\u015ftirilir.<br \/>\n<\/strong><strong>Makine, 2 grup + temizleme milinden olu\u015fan d\u00f6rt ba\u011f\u0131ms\u0131z \u00f6\u011f\u00fctme \u00fcnitesi (aralar\u0131ndan se\u00e7im yap\u0131labilir) ile donat\u0131lm\u0131\u015ft\u0131r:<\/strong><\/p>\n<p class=\"p-dot\"><strong>V2 y\u00f6r\u00fcnge (disk) \u00fcnitesi b\u00f6l\u00fcnm\u00fc\u015f.<br \/>\n<\/strong><strong>H2 enine (tambur) \u00fcnitesi, b\u00f6l\u00fcnm\u00fc\u015f.<br \/>\n<\/strong><strong>R2 uzunlamas\u0131na bir \u201cspiral\u201d (2 \u015faftl\u0131) \u00fcnitedir.<br \/>\n<\/strong><strong>\u0130\u015f par\u00e7alar\u0131n\u0131 temizlemek i\u00e7in C1 \u00fcnitesi (f\u0131r\u00e7a mili).<\/strong><\/p>\n\t\t<\/div>\n\t\t<\/div><\/div><\/div><div class=\"wpb_column vc_column_container vc_col-sm-4\"><div class=\"vc_column-inner\"><div class=\"wpb_wrapper\"><\/div><\/div><\/div><\/div><\/div><\/div><\/div><\/div><div class=\"vc_row wpb_row vc_row-fluid wd-rs-6666b6ccd54c8\"><div class=\"wpb_column vc_column_container vc_col-sm-12\"><div class=\"vc_column-inner\"><div class=\"wpb_wrapper\"><div class=\"vc_row wpb_row vc_inner vc_row-fluid\"><div class=\"wpb_column vc_column_container vc_col-sm-6 wd-rs-6666b69d3b153\"><div class=\"vc_column-inner vc_custom_1718007522842\"><div class=\"wpb_wrapper\"><\/div><\/div><\/div><div class=\"wpb_column vc_column_container vc_col-sm-6 wd-rs-6666afb8e51e3\"><div class=\"vc_column-inner\"><div class=\"wpb_wrapper\"><\/div><\/div><\/div><\/div><\/div><\/div><\/div><\/div>\n<\/div>","protected":false},"excerpt":{"rendered":"<p><strong>Products Details<\/strong><\/p>\n<p>6 ba\u011f\u0131ms\u0131z \u00e7al\u0131\u015fma \u00fcnitesi + \u00fcflemeli par\u00e7alar\u0131n temizlenmesi i\u00e7in \u015faft<\/p>\n<p>Dokunmatik ekranl\u0131 PLC ile tam makine kontrol\u00fc<\/p>\n<p>99 i\u015fleme program\u0131 i\u00e7in dahili haf\u0131za<\/p>\n<p>Verimli aspirasyon sistemi<\/p>\n<p>Besleme konvey\u00f6r\u00fcn\u00fcn sabit y\u00fcksekli\u011fi (makineyi otomatik hatta kurma imkan\u0131)<\/p>\n<p>&nbsp;<\/p>\n<p><a class=\"button\" href=\"#teknik-parametreler\"> Technical Features<\/a> <a class=\"button\" href=\"#urun-videomuz\">Machine Video<\/a><\/p>","protected":false},"featured_media":2824,"template":"","meta":[],"product_cat":[15],"product_tag":[],"class_list":{"0":"post-2823","1":"product","2":"type-product","3":"status-publish","4":"has-post-thumbnail","6":"product_cat-genel","8":"first","9":"instock","10":"shipping-taxable","11":"product-type-simple"},"yoast_head":"<!-- This site is optimized with the Yoast SEO plugin v23.5 - https:\/\/yoast.com\/wordpress\/plugins\/seo\/ -->\n<title>KDT PM7-1300\/1000\/650 - Tekser Makina<\/title>\n<meta name=\"robots\" content=\"index, follow, max-snippet:-1, max-image-preview:large, max-video-preview:-1\" \/>\n<link rel=\"canonical\" href=\"https:\/\/teksermakina.com\/en\/product\/kdt-pm7-1300-1000-650\/\" \/>\n<meta property=\"og:locale\" content=\"en_US\" \/>\n<meta property=\"og:type\" content=\"article\" \/>\n<meta property=\"og:title\" content=\"KDT PM7-1300\/1000\/650 - Tekser Makina\" \/>\n<meta property=\"og:description\" content=\"\u00dcr\u00fcn A\u00e7\u0131klamas\u0131  6 ba\u011f\u0131ms\u0131z \u00e7al\u0131\u015fma \u00fcnitesi + \u00fcflemeli par\u00e7alar\u0131n temizlenmesi i\u00e7in \u015faft  Dokunmatik ekranl\u0131 PLC ile tam makine kontrol\u00fc  99 i\u015fleme program\u0131 i\u00e7in dahili haf\u0131za  Verimli aspirasyon sistemi  Besleme konvey\u00f6r\u00fcn\u00fcn sabit y\u00fcksekli\u011fi (makineyi otomatik hatta kurma imkan\u0131)  &nbsp;   Teknik Parametreler \u00dcr\u00fcn Videosu\" \/>\n<meta property=\"og:url\" content=\"https:\/\/teksermakina.com\/en\/product\/kdt-pm7-1300-1000-650\/\" \/>\n<meta property=\"og:site_name\" content=\"Tekser Makina\" \/>\n<meta property=\"article:modified_time\" content=\"2026-03-03T09:22:39+00:00\" \/>\n<meta property=\"og:image\" content=\"https:\/\/teksermakina.com\/wp-content\/uploads\/2025\/01\/makina-m7.png\" \/>\n\t<meta property=\"og:image:width\" content=\"1500\" \/>\n\t<meta property=\"og:image:height\" content=\"1025\" \/>\n\t<meta property=\"og:image:type\" content=\"image\/png\" \/>\n<meta name=\"twitter:card\" content=\"summary_large_image\" \/>\n<meta name=\"twitter:label1\" content=\"Est. reading time\" \/>\n\t<meta name=\"twitter:data1\" content=\"3 minutes\" \/>\n<script type=\"application\/ld+json\" class=\"yoast-schema-graph\">{\"@context\":\"https:\/\/schema.org\",\"@graph\":[{\"@type\":\"WebPage\",\"@id\":\"https:\/\/teksermakina.com\/urun\/kdt-pm7-1300-1000-650\/\",\"url\":\"https:\/\/teksermakina.com\/urun\/kdt-pm7-1300-1000-650\/\",\"name\":\"KDT PM7-1300\/1000\/650 - Tekser Makina\",\"isPartOf\":{\"@id\":\"https:\/\/teksermakina.com\/en\/#website\"},\"primaryImageOfPage\":{\"@id\":\"https:\/\/teksermakina.com\/urun\/kdt-pm7-1300-1000-650\/#primaryimage\"},\"image\":{\"@id\":\"https:\/\/teksermakina.com\/urun\/kdt-pm7-1300-1000-650\/#primaryimage\"},\"thumbnailUrl\":\"https:\/\/teksermakina.com\/wp-content\/uploads\/2025\/01\/makina-m7.png\",\"datePublished\":\"2025-01-07T09:47:22+00:00\",\"dateModified\":\"2026-03-03T09:22:39+00:00\",\"breadcrumb\":{\"@id\":\"https:\/\/teksermakina.com\/urun\/kdt-pm7-1300-1000-650\/#breadcrumb\"},\"inLanguage\":\"en-US\",\"potentialAction\":[{\"@type\":\"ReadAction\",\"target\":[\"https:\/\/teksermakina.com\/urun\/kdt-pm7-1300-1000-650\/\"]}]},{\"@type\":\"ImageObject\",\"inLanguage\":\"en-US\",\"@id\":\"https:\/\/teksermakina.com\/urun\/kdt-pm7-1300-1000-650\/#primaryimage\",\"url\":\"https:\/\/teksermakina.com\/wp-content\/uploads\/2025\/01\/makina-m7.png\",\"contentUrl\":\"https:\/\/teksermakina.com\/wp-content\/uploads\/2025\/01\/makina-m7.png\",\"width\":1500,\"height\":1025},{\"@type\":\"BreadcrumbList\",\"@id\":\"https:\/\/teksermakina.com\/urun\/kdt-pm7-1300-1000-650\/#breadcrumb\",\"itemListElement\":[{\"@type\":\"ListItem\",\"position\":1,\"name\":\"Anasayfa\",\"item\":\"https:\/\/teksermakina.com\/\"},{\"@type\":\"ListItem\",\"position\":2,\"name\":\"\u00dcr\u00fcnler\",\"item\":\"https:\/\/teksermakina.com\/urunler-111\/\"},{\"@type\":\"ListItem\",\"position\":3,\"name\":\"KDT PM7-1300\/1000\/650\"}]},{\"@type\":\"WebSite\",\"@id\":\"https:\/\/teksermakina.com\/en\/#website\",\"url\":\"https:\/\/teksermakina.com\/en\/\",\"name\":\"Tekser Makina\",\"description\":\"\",\"publisher\":{\"@id\":\"https:\/\/teksermakina.com\/en\/#organization\"},\"potentialAction\":[{\"@type\":\"SearchAction\",\"target\":{\"@type\":\"EntryPoint\",\"urlTemplate\":\"https:\/\/teksermakina.com\/en\/?s={search_term_string}\"},\"query-input\":{\"@type\":\"PropertyValueSpecification\",\"valueRequired\":true,\"valueName\":\"search_term_string\"}}],\"inLanguage\":\"en-US\"},{\"@type\":\"Organization\",\"@id\":\"https:\/\/teksermakina.com\/en\/#organization\",\"name\":\"Tekser Makina\",\"url\":\"https:\/\/teksermakina.com\/en\/\",\"logo\":{\"@type\":\"ImageObject\",\"inLanguage\":\"en-US\",\"@id\":\"https:\/\/teksermakina.com\/en\/#\/schema\/logo\/image\/\",\"url\":\"https:\/\/teksermakina.com\/wp-content\/uploads\/2023\/10\/TEKSER-BEYAZ-logoo.png\",\"contentUrl\":\"https:\/\/teksermakina.com\/wp-content\/uploads\/2023\/10\/TEKSER-BEYAZ-logoo.png\",\"width\":129,\"height\":145,\"caption\":\"Tekser Makina\"},\"image\":{\"@id\":\"https:\/\/teksermakina.com\/en\/#\/schema\/logo\/image\/\"},\"sameAs\":[\"https:\/\/www.instagram.com\/teksermakina\/\"]}]}<\/script>\n<!-- \/ Yoast SEO plugin. -->","yoast_head_json":{"title":"KDT PM7-1300\/1000\/650 - Tekser Makina","robots":{"index":"index","follow":"follow","max-snippet":"max-snippet:-1","max-image-preview":"max-image-preview:large","max-video-preview":"max-video-preview:-1"},"canonical":"https:\/\/teksermakina.com\/en\/product\/kdt-pm7-1300-1000-650\/","og_locale":"en_US","og_type":"article","og_title":"KDT PM7-1300\/1000\/650 - Tekser Makina","og_description":"\u00dcr\u00fcn A\u00e7\u0131klamas\u0131  6 ba\u011f\u0131ms\u0131z \u00e7al\u0131\u015fma \u00fcnitesi + \u00fcflemeli par\u00e7alar\u0131n temizlenmesi i\u00e7in \u015faft  Dokunmatik ekranl\u0131 PLC ile tam makine kontrol\u00fc  99 i\u015fleme program\u0131 i\u00e7in dahili haf\u0131za  Verimli aspirasyon sistemi  Besleme konvey\u00f6r\u00fcn\u00fcn sabit y\u00fcksekli\u011fi (makineyi otomatik hatta kurma imkan\u0131)  &nbsp;   Teknik Parametreler \u00dcr\u00fcn Videosu","og_url":"https:\/\/teksermakina.com\/en\/product\/kdt-pm7-1300-1000-650\/","og_site_name":"Tekser Makina","article_modified_time":"2026-03-03T09:22:39+00:00","og_image":[{"width":1500,"height":1025,"url":"https:\/\/teksermakina.com\/wp-content\/uploads\/2025\/01\/makina-m7.png","type":"image\/png"}],"twitter_card":"summary_large_image","twitter_misc":{"Est. reading time":"3 minutes"},"schema":{"@context":"https:\/\/schema.org","@graph":[{"@type":"WebPage","@id":"https:\/\/teksermakina.com\/urun\/kdt-pm7-1300-1000-650\/","url":"https:\/\/teksermakina.com\/urun\/kdt-pm7-1300-1000-650\/","name":"KDT PM7-1300\/1000\/650 - Tekser Makina","isPartOf":{"@id":"https:\/\/teksermakina.com\/en\/#website"},"primaryImageOfPage":{"@id":"https:\/\/teksermakina.com\/urun\/kdt-pm7-1300-1000-650\/#primaryimage"},"image":{"@id":"https:\/\/teksermakina.com\/urun\/kdt-pm7-1300-1000-650\/#primaryimage"},"thumbnailUrl":"https:\/\/teksermakina.com\/wp-content\/uploads\/2025\/01\/makina-m7.png","datePublished":"2025-01-07T09:47:22+00:00","dateModified":"2026-03-03T09:22:39+00:00","breadcrumb":{"@id":"https:\/\/teksermakina.com\/urun\/kdt-pm7-1300-1000-650\/#breadcrumb"},"inLanguage":"en-US","potentialAction":[{"@type":"ReadAction","target":["https:\/\/teksermakina.com\/urun\/kdt-pm7-1300-1000-650\/"]}]},{"@type":"ImageObject","inLanguage":"en-US","@id":"https:\/\/teksermakina.com\/urun\/kdt-pm7-1300-1000-650\/#primaryimage","url":"https:\/\/teksermakina.com\/wp-content\/uploads\/2025\/01\/makina-m7.png","contentUrl":"https:\/\/teksermakina.com\/wp-content\/uploads\/2025\/01\/makina-m7.png","width":1500,"height":1025},{"@type":"BreadcrumbList","@id":"https:\/\/teksermakina.com\/urun\/kdt-pm7-1300-1000-650\/#breadcrumb","itemListElement":[{"@type":"ListItem","position":1,"name":"Anasayfa","item":"https:\/\/teksermakina.com\/"},{"@type":"ListItem","position":2,"name":"\u00dcr\u00fcnler","item":"https:\/\/teksermakina.com\/urunler-111\/"},{"@type":"ListItem","position":3,"name":"KDT PM7-1300\/1000\/650"}]},{"@type":"WebSite","@id":"https:\/\/teksermakina.com\/en\/#website","url":"https:\/\/teksermakina.com\/en\/","name":"Tekser Makina","description":"","publisher":{"@id":"https:\/\/teksermakina.com\/en\/#organization"},"potentialAction":[{"@type":"SearchAction","target":{"@type":"EntryPoint","urlTemplate":"https:\/\/teksermakina.com\/en\/?s={search_term_string}"},"query-input":{"@type":"PropertyValueSpecification","valueRequired":true,"valueName":"search_term_string"}}],"inLanguage":"en-US"},{"@type":"Organization","@id":"https:\/\/teksermakina.com\/en\/#organization","name":"Tekser Makina","url":"https:\/\/teksermakina.com\/en\/","logo":{"@type":"ImageObject","inLanguage":"en-US","@id":"https:\/\/teksermakina.com\/en\/#\/schema\/logo\/image\/","url":"https:\/\/teksermakina.com\/wp-content\/uploads\/2023\/10\/TEKSER-BEYAZ-logoo.png","contentUrl":"https:\/\/teksermakina.com\/wp-content\/uploads\/2023\/10\/TEKSER-BEYAZ-logoo.png","width":129,"height":145,"caption":"Tekser Makina"},"image":{"@id":"https:\/\/teksermakina.com\/en\/#\/schema\/logo\/image\/"},"sameAs":["https:\/\/www.instagram.com\/teksermakina\/"]}]}},"_links":{"self":[{"href":"https:\/\/teksermakina.com\/en\/wp-json\/wp\/v2\/product\/2823","targetHints":{"allow":["GET"]}}],"collection":[{"href":"https:\/\/teksermakina.com\/en\/wp-json\/wp\/v2\/product"}],"about":[{"href":"https:\/\/teksermakina.com\/en\/wp-json\/wp\/v2\/types\/product"}],"wp:featuredmedia":[{"embeddable":true,"href":"https:\/\/teksermakina.com\/en\/wp-json\/wp\/v2\/media\/2824"}],"wp:attachment":[{"href":"https:\/\/teksermakina.com\/en\/wp-json\/wp\/v2\/media?parent=2823"}],"wp:term":[{"taxonomy":"product_cat","embeddable":true,"href":"https:\/\/teksermakina.com\/en\/wp-json\/wp\/v2\/product_cat?post=2823"},{"taxonomy":"product_tag","embeddable":true,"href":"https:\/\/teksermakina.com\/en\/wp-json\/wp\/v2\/product_tag?post=2823"}],"curies":[{"name":"wp","href":"https:\/\/api.w.org\/{rel}","templated":true}]}}