{"id":3013,"date":"2025-02-18T08:26:32","date_gmt":"2025-02-18T08:26:32","guid":{"rendered":"https:\/\/teksermakina.com\/?post_type=product&#038;p=3013"},"modified":"2026-03-03T09:22:21","modified_gmt":"2026-03-03T09:22:21","slug":"2017-model-kdt-6052-delik-makinasi","status":"publish","type":"product","link":"https:\/\/teksermakina.com\/en\/product\/2017-model-kdt-6052-delik-makinasi\/","title":{"rendered":"2017 Model KDT &#8211; 6052 Delik Makinas\u0131"},"content":{"rendered":"","protected":false},"excerpt":{"rendered":"<p><strong>Products Details<\/strong><\/p>\n<p>KE-6052 Delik Makinas\u0131<\/p>\n<p>Model Y\u0131l\u0131: 2017<br \/>\nBak\u0131m Y\u0131l\u0131: 2025<\/p>\n<p>Makina \u00d6zellikleri;<\/p>\n<p>Altta be\u015f, yanda iki \u00e7al\u0131\u015fma grubu var<br \/>\nDelik gruplar\u0131 pn\u00f6matik sistemlidir<br \/>\nMatkap gruplar\u0131nda dijital saya\u00e7lar, bir boyuttan di\u011ferine h\u0131zl\u0131 ve do\u011fru ge\u00e7i\u015f sa\u011flar<br \/>\nDelme grubu 90 derece d\u00f6nd\u00fcr\u00fclebilir<br \/>\nPalletized<br \/>\nH\u0131zl\u0131 matkap de\u011fi\u015ftirme aparat\u0131 30 adettir<\/p>","protected":false},"featured_media":3017,"template":"","meta":[],"product_cat":[45],"product_tag":[44],"class_list":{"0":"post-3013","1":"product","2":"type-product","3":"status-publish","4":"has-post-thumbnail","6":"product_cat-ikinci-el-makinalar","7":"product_tag-ikinci-el-makinalar","9":"first","10":"instock","11":"shipping-taxable","12":"product-type-external"},"yoast_head":"<!-- This site is optimized with the Yoast SEO plugin v23.5 - https:\/\/yoast.com\/wordpress\/plugins\/seo\/ -->\n<title>2017 Model KDT - 6052 Delik Makinas\u0131 - Tekser Makina<\/title>\n<meta name=\"robots\" content=\"index, follow, max-snippet:-1, max-image-preview:large, max-video-preview:-1\" \/>\n<link rel=\"canonical\" href=\"https:\/\/teksermakina.com\/en\/product\/2017-model-kdt-6052-delik-makinasi\/\" \/>\n<meta property=\"og:locale\" content=\"en_US\" \/>\n<meta property=\"og:type\" content=\"article\" \/>\n<meta property=\"og:title\" content=\"2017 Model KDT - 6052 Delik Makinas\u0131 - Tekser Makina\" \/>\n<meta property=\"og:description\" content=\"\u00dcr\u00fcn A\u00e7\u0131klamas\u0131  KE-6052 Delik Makinas\u0131  Model Y\u0131l\u0131: 2017 Bak\u0131m Y\u0131l\u0131: 2025  Makina \u00d6zellikleri;  Altta be\u015f, yanda iki \u00e7al\u0131\u015fma grubu var Delik gruplar\u0131 pn\u00f6matik sistemlidir Matkap gruplar\u0131nda dijital saya\u00e7lar, bir boyuttan di\u011ferine h\u0131zl\u0131 ve do\u011fru ge\u00e7i\u015f sa\u011flar Delme grubu 90 derece d\u00f6nd\u00fcr\u00fclebilir Paletlidir H\u0131zl\u0131 matkap de\u011fi\u015ftirme aparat\u0131 30 adettir\" \/>\n<meta property=\"og:url\" content=\"https:\/\/teksermakina.com\/en\/product\/2017-model-kdt-6052-delik-makinasi\/\" \/>\n<meta property=\"og:site_name\" content=\"Tekser Makina\" \/>\n<meta property=\"article:modified_time\" content=\"2026-03-03T09:22:21+00:00\" \/>\n<meta property=\"og:image\" content=\"https:\/\/teksermakina.com\/wp-content\/uploads\/2025\/02\/1-2.jpg\" \/>\n\t<meta property=\"og:image:width\" content=\"2048\" \/>\n\t<meta property=\"og:image:height\" content=\"922\" \/>\n\t<meta property=\"og:image:type\" content=\"image\/jpeg\" \/>\n<meta name=\"twitter:card\" content=\"summary_large_image\" \/>\n<meta name=\"twitter:label1\" content=\"Est. reading time\" \/>\n\t<meta name=\"twitter:data1\" content=\"1 minute\" \/>\n<script type=\"application\/ld+json\" class=\"yoast-schema-graph\">{\"@context\":\"https:\/\/schema.org\",\"@graph\":[{\"@type\":\"WebPage\",\"@id\":\"https:\/\/teksermakina.com\/urun\/2017-model-kdt-6052-delik-makinasi\/\",\"url\":\"https:\/\/teksermakina.com\/urun\/2017-model-kdt-6052-delik-makinasi\/\",\"name\":\"2017 Model KDT - 6052 Delik Makinas\u0131 - Tekser Makina\",\"isPartOf\":{\"@id\":\"https:\/\/teksermakina.com\/en\/#website\"},\"primaryImageOfPage\":{\"@id\":\"https:\/\/teksermakina.com\/urun\/2017-model-kdt-6052-delik-makinasi\/#primaryimage\"},\"image\":{\"@id\":\"https:\/\/teksermakina.com\/urun\/2017-model-kdt-6052-delik-makinasi\/#primaryimage\"},\"thumbnailUrl\":\"https:\/\/teksermakina.com\/wp-content\/uploads\/2025\/02\/1-2.jpg\",\"datePublished\":\"2025-02-18T08:26:32+00:00\",\"dateModified\":\"2026-03-03T09:22:21+00:00\",\"breadcrumb\":{\"@id\":\"https:\/\/teksermakina.com\/urun\/2017-model-kdt-6052-delik-makinasi\/#breadcrumb\"},\"inLanguage\":\"en-US\",\"potentialAction\":[{\"@type\":\"ReadAction\",\"target\":[\"https:\/\/teksermakina.com\/urun\/2017-model-kdt-6052-delik-makinasi\/\"]}]},{\"@type\":\"ImageObject\",\"inLanguage\":\"en-US\",\"@id\":\"https:\/\/teksermakina.com\/urun\/2017-model-kdt-6052-delik-makinasi\/#primaryimage\",\"url\":\"https:\/\/teksermakina.com\/wp-content\/uploads\/2025\/02\/1-2.jpg\",\"contentUrl\":\"https:\/\/teksermakina.com\/wp-content\/uploads\/2025\/02\/1-2.jpg\",\"width\":2048,\"height\":922},{\"@type\":\"BreadcrumbList\",\"@id\":\"https:\/\/teksermakina.com\/urun\/2017-model-kdt-6052-delik-makinasi\/#breadcrumb\",\"itemListElement\":[{\"@type\":\"ListItem\",\"position\":1,\"name\":\"Anasayfa\",\"item\":\"https:\/\/teksermakina.com\/\"},{\"@type\":\"ListItem\",\"position\":2,\"name\":\"\u00dcr\u00fcnler\",\"item\":\"https:\/\/teksermakina.com\/urunler-111\/\"},{\"@type\":\"ListItem\",\"position\":3,\"name\":\"2017 Model KDT &#8211; 6052 Delik Makinas\u0131\"}]},{\"@type\":\"WebSite\",\"@id\":\"https:\/\/teksermakina.com\/en\/#website\",\"url\":\"https:\/\/teksermakina.com\/en\/\",\"name\":\"Tekser Makina\",\"description\":\"\",\"publisher\":{\"@id\":\"https:\/\/teksermakina.com\/en\/#organization\"},\"potentialAction\":[{\"@type\":\"SearchAction\",\"target\":{\"@type\":\"EntryPoint\",\"urlTemplate\":\"https:\/\/teksermakina.com\/en\/?s={search_term_string}\"},\"query-input\":{\"@type\":\"PropertyValueSpecification\",\"valueRequired\":true,\"valueName\":\"search_term_string\"}}],\"inLanguage\":\"en-US\"},{\"@type\":\"Organization\",\"@id\":\"https:\/\/teksermakina.com\/en\/#organization\",\"name\":\"Tekser Makina\",\"url\":\"https:\/\/teksermakina.com\/en\/\",\"logo\":{\"@type\":\"ImageObject\",\"inLanguage\":\"en-US\",\"@id\":\"https:\/\/teksermakina.com\/en\/#\/schema\/logo\/image\/\",\"url\":\"https:\/\/teksermakina.com\/wp-content\/uploads\/2023\/10\/TEKSER-BEYAZ-logoo.png\",\"contentUrl\":\"https:\/\/teksermakina.com\/wp-content\/uploads\/2023\/10\/TEKSER-BEYAZ-logoo.png\",\"width\":129,\"height\":145,\"caption\":\"Tekser Makina\"},\"image\":{\"@id\":\"https:\/\/teksermakina.com\/en\/#\/schema\/logo\/image\/\"},\"sameAs\":[\"https:\/\/www.instagram.com\/teksermakina\/\"]}]}<\/script>\n<!-- \/ Yoast SEO plugin. -->","yoast_head_json":{"title":"2017 Model KDT - 6052 Delik Makinas\u0131 - Tekser Makina","robots":{"index":"index","follow":"follow","max-snippet":"max-snippet:-1","max-image-preview":"max-image-preview:large","max-video-preview":"max-video-preview:-1"},"canonical":"https:\/\/teksermakina.com\/en\/product\/2017-model-kdt-6052-delik-makinasi\/","og_locale":"en_US","og_type":"article","og_title":"2017 Model KDT - 6052 Delik Makinas\u0131 - Tekser Makina","og_description":"\u00dcr\u00fcn A\u00e7\u0131klamas\u0131  KE-6052 Delik Makinas\u0131  Model Y\u0131l\u0131: 2017 Bak\u0131m Y\u0131l\u0131: 2025  Makina \u00d6zellikleri;  Altta be\u015f, yanda iki \u00e7al\u0131\u015fma grubu var Delik gruplar\u0131 pn\u00f6matik sistemlidir Matkap gruplar\u0131nda dijital saya\u00e7lar, bir boyuttan di\u011ferine h\u0131zl\u0131 ve do\u011fru ge\u00e7i\u015f sa\u011flar Delme grubu 90 derece d\u00f6nd\u00fcr\u00fclebilir Paletlidir H\u0131zl\u0131 matkap de\u011fi\u015ftirme aparat\u0131 30 adettir","og_url":"https:\/\/teksermakina.com\/en\/product\/2017-model-kdt-6052-delik-makinasi\/","og_site_name":"Tekser Makina","article_modified_time":"2026-03-03T09:22:21+00:00","og_image":[{"width":2048,"height":922,"url":"https:\/\/teksermakina.com\/wp-content\/uploads\/2025\/02\/1-2.jpg","type":"image\/jpeg"}],"twitter_card":"summary_large_image","twitter_misc":{"Est. reading time":"1 minute"},"schema":{"@context":"https:\/\/schema.org","@graph":[{"@type":"WebPage","@id":"https:\/\/teksermakina.com\/urun\/2017-model-kdt-6052-delik-makinasi\/","url":"https:\/\/teksermakina.com\/urun\/2017-model-kdt-6052-delik-makinasi\/","name":"2017 Model KDT - 6052 Delik Makinas\u0131 - Tekser Makina","isPartOf":{"@id":"https:\/\/teksermakina.com\/en\/#website"},"primaryImageOfPage":{"@id":"https:\/\/teksermakina.com\/urun\/2017-model-kdt-6052-delik-makinasi\/#primaryimage"},"image":{"@id":"https:\/\/teksermakina.com\/urun\/2017-model-kdt-6052-delik-makinasi\/#primaryimage"},"thumbnailUrl":"https:\/\/teksermakina.com\/wp-content\/uploads\/2025\/02\/1-2.jpg","datePublished":"2025-02-18T08:26:32+00:00","dateModified":"2026-03-03T09:22:21+00:00","breadcrumb":{"@id":"https:\/\/teksermakina.com\/urun\/2017-model-kdt-6052-delik-makinasi\/#breadcrumb"},"inLanguage":"en-US","potentialAction":[{"@type":"ReadAction","target":["https:\/\/teksermakina.com\/urun\/2017-model-kdt-6052-delik-makinasi\/"]}]},{"@type":"ImageObject","inLanguage":"en-US","@id":"https:\/\/teksermakina.com\/urun\/2017-model-kdt-6052-delik-makinasi\/#primaryimage","url":"https:\/\/teksermakina.com\/wp-content\/uploads\/2025\/02\/1-2.jpg","contentUrl":"https:\/\/teksermakina.com\/wp-content\/uploads\/2025\/02\/1-2.jpg","width":2048,"height":922},{"@type":"BreadcrumbList","@id":"https:\/\/teksermakina.com\/urun\/2017-model-kdt-6052-delik-makinasi\/#breadcrumb","itemListElement":[{"@type":"ListItem","position":1,"name":"Anasayfa","item":"https:\/\/teksermakina.com\/"},{"@type":"ListItem","position":2,"name":"\u00dcr\u00fcnler","item":"https:\/\/teksermakina.com\/urunler-111\/"},{"@type":"ListItem","position":3,"name":"2017 Model KDT &#8211; 6052 Delik Makinas\u0131"}]},{"@type":"WebSite","@id":"https:\/\/teksermakina.com\/en\/#website","url":"https:\/\/teksermakina.com\/en\/","name":"Tekser Makina","description":"","publisher":{"@id":"https:\/\/teksermakina.com\/en\/#organization"},"potentialAction":[{"@type":"SearchAction","target":{"@type":"EntryPoint","urlTemplate":"https:\/\/teksermakina.com\/en\/?s={search_term_string}"},"query-input":{"@type":"PropertyValueSpecification","valueRequired":true,"valueName":"search_term_string"}}],"inLanguage":"en-US"},{"@type":"Organization","@id":"https:\/\/teksermakina.com\/en\/#organization","name":"Tekser Makina","url":"https:\/\/teksermakina.com\/en\/","logo":{"@type":"ImageObject","inLanguage":"en-US","@id":"https:\/\/teksermakina.com\/en\/#\/schema\/logo\/image\/","url":"https:\/\/teksermakina.com\/wp-content\/uploads\/2023\/10\/TEKSER-BEYAZ-logoo.png","contentUrl":"https:\/\/teksermakina.com\/wp-content\/uploads\/2023\/10\/TEKSER-BEYAZ-logoo.png","width":129,"height":145,"caption":"Tekser Makina"},"image":{"@id":"https:\/\/teksermakina.com\/en\/#\/schema\/logo\/image\/"},"sameAs":["https:\/\/www.instagram.com\/teksermakina\/"]}]}},"_links":{"self":[{"href":"https:\/\/teksermakina.com\/en\/wp-json\/wp\/v2\/product\/3013","targetHints":{"allow":["GET"]}}],"collection":[{"href":"https:\/\/teksermakina.com\/en\/wp-json\/wp\/v2\/product"}],"about":[{"href":"https:\/\/teksermakina.com\/en\/wp-json\/wp\/v2\/types\/product"}],"wp:featuredmedia":[{"embeddable":true,"href":"https:\/\/teksermakina.com\/en\/wp-json\/wp\/v2\/media\/3017"}],"wp:attachment":[{"href":"https:\/\/teksermakina.com\/en\/wp-json\/wp\/v2\/media?parent=3013"}],"wp:term":[{"taxonomy":"product_cat","embeddable":true,"href":"https:\/\/teksermakina.com\/en\/wp-json\/wp\/v2\/product_cat?post=3013"},{"taxonomy":"product_tag","embeddable":true,"href":"https:\/\/teksermakina.com\/en\/wp-json\/wp\/v2\/product_tag?post=3013"}],"curies":[{"name":"wp","href":"https:\/\/api.w.org\/{rel}","templated":true}]}}