{"id":3581,"date":"2026-02-12T06:54:33","date_gmt":"2026-02-12T06:54:33","guid":{"rendered":"https:\/\/teksermakina.com\/?post_type=product&#038;p=3581"},"modified":"2026-03-03T09:21:10","modified_gmt":"2026-03-03T09:21:10","slug":"a9-1300rh","status":"publish","type":"product","link":"https:\/\/teksermakina.com\/en\/product\/a9-1300rh\/","title":{"rendered":"A9-1300RH"},"content":{"rendered":"<div class=\"wpb-content-wrapper\"><div id=\"teknik-parametreler\" class=\"vc_row wpb_row vc_row-fluid teknik-parametreler wd-rs-65240d66c8bc5\"><div class=\"wpb_column vc_column_container vc_col-sm-12\"><div class=\"vc_column-inner\"><div class=\"wpb_wrapper\"><div class=\"vc_separator wpb_content_element vc_separator_align_center vc_sep_width_100 vc_sep_pos_align_center vc_sep_color_grey vc_separator-has-text\" ><span class=\"vc_sep_holder vc_sep_holder_l\"><span class=\"vc_sep_line\"><\/span><\/span><h4>Technical Features<\/h4><span class=\"vc_sep_holder vc_sep_holder_r\"><span class=\"vc_sep_line\"><\/span><\/span>\n<\/div>\n\t<div class=\"wpb_text_column wpb_content_element\" >\n\t\t<div class=\"wpb_wrapper\">\n\t\t\t<table width=\"578\">\n<tbody>\n<tr>\n<td colspan=\"9\" width=\"306\">Maximum Working Width<\/td>\n<td colspan=\"8\" width=\"272\">1300 mm<\/td>\n<\/tr>\n<tr>\n<td colspan=\"9\">Maximum Working Height<\/td>\n<td colspan=\"8\">150 mm<\/td>\n<\/tr>\n<tr>\n<td colspan=\"9\">Conveyor Platform Working Height<\/td>\n<td colspan=\"8\">900\u00b120 mm<\/td>\n<\/tr>\n<tr>\n<td colspan=\"9\">Conveyor Belt Speed<\/td>\n<td colspan=\"8\">0-20 m\/dak<\/td>\n<\/tr>\n<tr>\n<td colspan=\"9\">Vacuum Adsorption Function<\/td>\n<td colspan=\"8\">7.5 kW adsorption fan<\/td>\n<\/tr>\n<tr>\n<td colspan=\"9\">Conveyor Belt Cleaning Function<\/td>\n<td colspan=\"8\">Have<\/td>\n<\/tr>\n<tr>\n<td colspan=\"9\">Electrical System<\/td>\n<td colspan=\"8\">PLC control<\/td>\n<\/tr>\n<tr>\n<td colspan=\"9\">No. 1. Sanding Unit<\/td>\n<td colspan=\"8\">Roller sanding part R<\/td>\n<\/tr>\n<tr>\n<td colspan=\"9\">No. 1 Engine Power<\/td>\n<td colspan=\"8\">11 kW Imported variable frequency motor<\/td>\n<\/tr>\n<tr>\n<td colspan=\"9\">No. 1 Engine Direction<\/td>\n<td colspan=\"8\">Forward and reverse<\/td>\n<\/tr>\n<tr>\n<td colspan=\"9\">No. 1 Sanding Belt Size<\/td>\n<td colspan=\"8\">2620&#215;1350<\/td>\n<\/tr>\n<tr>\n<td colspan=\"9\">No. 1 Felt Size of Sanding Unit<\/td>\n<td colspan=\"8\">No<\/td>\n<\/tr>\n<tr>\n<td colspan=\"9\">No. 1 Speed \u200b\u200bof Sanding Unit<\/td>\n<td colspan=\"8\">1-8 m\/s<\/td>\n<\/tr>\n<tr>\n<td colspan=\"9\">No. 1The Segmented Function of Sanding Unit<\/td>\n<td colspan=\"8\">No<\/td>\n<\/tr>\n<tr>\n<td colspan=\"9\">No. 1. Segmented compartmentalization of sanding unit<\/td>\n<td colspan=\"8\">No<\/td>\n<\/tr>\n<tr>\n<td colspan=\"9\">No. 2 sanding unit<\/td>\n<td colspan=\"8\">Lengthways keyboard sanding part H<\/td>\n<\/tr>\n<tr>\n<td colspan=\"9\">No. 2 Power of sanding unit<\/td>\n<td colspan=\"8\">11 kW Imported variable frequency motor<\/td>\n<\/tr>\n<tr>\n<td colspan=\"9\">No. 2 Motor operating direction of sanding unit<\/td>\n<td colspan=\"8\">Forward and reverse<\/td>\n<\/tr>\n<tr>\n<td colspan=\"9\">No. 2 Sanding belt of sanding unit<\/td>\n<td colspan=\"8\">2620&#215;1350<\/td>\n<\/tr>\n<tr>\n<td colspan=\"9\">No. 2 Felt size of sanding unit<\/td>\n<td colspan=\"8\">1720&#215;1350<\/td>\n<\/tr>\n<tr>\n<td colspan=\"9\">No. 2 Speed \u200b\u200bof sanding unit<\/td>\n<td colspan=\"8\">1-8 m\/s<\/td>\n<\/tr>\n<tr>\n<td colspan=\"9\">No. 2.The segmented type function of sanding unit<\/td>\n<td colspan=\"8\">Lengthways sectional block<\/td>\n<\/tr>\n<tr>\n<td colspan=\"9\">No. 2. Segmented compartmentalization of sanding unit<\/td>\n<td colspan=\"8\">60 sectional x 80 block<\/td>\n<\/tr>\n<tr>\n<td colspan=\"9\">+3M Polishing Cylinder Motor Power<\/td>\n<td colspan=\"8\">2.2 kW<\/td>\n<\/tr>\n<tr>\n<td colspan=\"9\">+3M Polishing Roller Speed<\/td>\n<td colspan=\"8\">5-14 m\/s<\/td>\n<\/tr>\n<tr>\n<td colspan=\"9\">Compressed Air Consumption<\/td>\n<td colspan=\"8\">8 m\u00b3\/h<\/td>\n<\/tr>\n<tr>\n<td colspan=\"9\">Number of Suction Inlets<\/td>\n<td colspan=\"8\">7x\u03c6150<\/td>\n<\/tr>\n<tr>\n<td colspan=\"9\">Average Air Velocity for Dust Collector<\/td>\n<td colspan=\"8\">22-28 m\/s<\/td>\n<\/tr>\n<tr>\n<td colspan=\"9\">Total power<\/td>\n<td colspan=\"8\">35.8 kW<\/td>\n<\/tr>\n<tr>\n<td colspan=\"9\">Rated Current<\/td>\n<td colspan=\"8\">65 A<\/td>\n<\/tr>\n<tr>\n<td colspan=\"9\">Dimensions (L x W x H)<\/td>\n<td colspan=\"8\">3300x2200x2400 (mm)<\/td>\n<\/tr>\n<tr>\n<td colspan=\"9\">Main Power Supply<\/td>\n<td colspan=\"8\">\u22656&#215;10 mm\u00b2 (380 V\/50 Hz)<\/td>\n<\/tr>\n<tr>\n<td colspan=\"9\">Net Weight<\/td>\n<td colspan=\"8\">4900 kg<\/td>\n<\/tr>\n<\/tbody>\n<\/table>\n\n\t\t<\/div>\n\t<\/div>\n<\/div><\/div><\/div><\/div><div id=\"urun-videomuz\" class=\"vc_row wpb_row vc_row-fluid urun-videomuz wd-rs-6525649a4be8c\"><div class=\"wpb_column vc_column_container vc_col-sm-12\"><div class=\"vc_column-inner\"><div class=\"wpb_wrapper\"><div class=\"vc_separator wpb_content_element vc_separator_align_center vc_sep_width_100 vc_sep_pos_align_center vc_sep_color_grey vc_separator-has-text\" ><span class=\"vc_sep_holder vc_sep_holder_l\"><span class=\"vc_sep_line\"><\/span><\/span><h4>Machine Video<\/h4><span class=\"vc_sep_holder vc_sep_holder_r\"><span class=\"vc_sep_line\"><\/span><\/span>\n<\/div>\n\t<div class=\"wpb_video_widget wpb_content_element vc_clearfix vc_video-aspect-ratio-169 vc_video-el-width-100 vc_video-align-left wd-rs-698de82cb123d\" >\n\t\t<div class=\"wpb_wrapper\">\n\t\t\t\n\t\t\t<div class=\"wpb_video_wrapper\"><iframe loading=\"lazy\" title=\"KDT - A9-RH\" width=\"500\" height=\"281\" src=\"https:\/\/www.youtube.com\/embed\/9bJpgj2THsY?feature=oembed\" frameborder=\"0\" allow=\"accelerometer; autoplay; clipboard-write; encrypted-media; gyroscope; picture-in-picture; web-share\" referrerpolicy=\"strict-origin-when-cross-origin\" allowfullscreen><\/iframe><\/div>\n\t\t<\/div>\n\t<\/div>\n<\/div><\/div><\/div><\/div><div class=\"vc_row wpb_row vc_row-fluid wd-rs-6666b6ccd54c8\"><div class=\"wpb_column vc_column_container vc_col-sm-12\"><div class=\"vc_column-inner\"><div class=\"wpb_wrapper\">\n\t<div class=\"wpb_text_column wpb_content_element vc_custom_1770733354087\" >\n\t\t<div class=\"wpb_wrapper\">\n\t\t\t<h2 style=\"text-align: center;\"><strong>General Features<\/strong><\/h2>\n\n\t\t<\/div>\n\t<\/div>\n<div class=\"vc_row wpb_row vc_inner vc_row-fluid\"><div class=\"wpb_column vc_column_container vc_col-sm-4 wd-rs-6666afb8e51e3\"><div class=\"vc_column-inner\"><div class=\"wpb_wrapper\">\n\t\t<div id=\"wd-698de515cf23f\" class=\"title-wrapper wd-wpb set-mb-s reset-last-child  wd-rs-698de515cf23f wd-title-color-default wd-title-style-underlined-2 text-left  wd-width-enabled wd-underline-colored\" style=\"--wd-max-width: 90%;\">\n\t\t\t\n\t\t\t<div class=\"liner-continer\">\n\t\t\t\t<h4 class=\"woodmart-title-container title  wd-font-weight- wd-fontsize-m\" >Roller Sanding  Unit<\/h4>\n\t\t\t\t\t\t\t<\/div>\n\t\t\t\n\t\t\t\n\t\t\t\n\t\t<\/div>\n\t\t\n\t\t\n\t<div  class=\"wpb_single_image wpb_content_element vc_align_left\">\n\t\t\n\t\t<figure class=\"wpb_wrapper vc_figure\">\n\t\t\t<div class=\"vc_single_image-wrapper   vc_box_border_grey\"><img loading=\"lazy\" decoding=\"async\" width=\"300\" height=\"180\" src=\"data:image\/png;base64,iVBORw0KGgoAAAANSUhEUgAAABEAAAAKCAYAAABSfLWiAAAACXBIWXMAAA7EAAAOxAGVKw4bAAABcUlEQVQokY2RuUoDYRSFv3\/GhCxKYqKVShgXUCIIUZEUFkGxiIiF0VfwAYKIDzE2oqU+RBALQU1loRiDARXcIggT12KyKcz8FoIoGcHT3cO9H+dwRTqdlgDJZJJEIgGAaZp4vV62NjeJRqPE43GEovBThmGg6zoATTgoe5Blf2+PcrlM9iBLJpNhfn6B2HDMaR3FyaxVq5RKJSqVClJK7ov3rOo6G+sb\/4NIKbkrFr9nIQSKqoIQXF6cU3p6boA01DFNk7NC4XeyWhVFUbGCIdYO84z7m+jv0\/5OYtmSmdkUvpYAlm1\/eZaNlDYdgQAvb48oLgu3y+Wc5DiX5+b2AYnKxNQ011eXFPIn1Op1Ilo3WmcXi1OThEKtGIbhDPG43by+PhMMhhFC0NPbT2dXhNPcEanUHGOjw6hK4y9+QQajA2hahO2dXczyOx6Ph2a\/l5XlJdrbwg3HjhAAv8\/Hwtws+bMC9foHI7EhVFX9EwDwCa7bf7gL2Q7KAAAAAElFTkSuQmCC\" class=\"vc_single_image-img attachment-medium wd-lazy-load wd-lazy-fade\" alt=\"\" title=\"Ads\u0131z tasar\u0131m - 2026-02-12T173436.836\" srcset=\"\" sizes=\"auto, (max-width: 300px) 100vw, 300px\" data-wood-src=\"https:\/\/teksermakina.com\/wp-content\/uploads\/2026\/02\/Adsiz-tasarim-2026-02-12T173436.836-300x180.png\" data-srcset=\"https:\/\/teksermakina.com\/wp-content\/uploads\/2026\/02\/Adsiz-tasarim-2026-02-12T173436.836-300x180.png 300w, https:\/\/teksermakina.com\/wp-content\/uploads\/2026\/02\/Adsiz-tasarim-2026-02-12T173436.836-18x12.png 18w, https:\/\/teksermakina.com\/wp-content\/uploads\/2026\/02\/Adsiz-tasarim-2026-02-12T173436.836-250x150.png 250w, https:\/\/teksermakina.com\/wp-content\/uploads\/2026\/02\/Adsiz-tasarim-2026-02-12T173436.836.png 500w\" \/><\/div>\n\t\t<\/figure>\n\t<\/div>\n\t\t<div id=\"wd-698de5200942c\" class=\"wd-text-block wd-wpb reset-last-child wd-rs-698de5200942c text-left\">\n\t\t\t<p><strong>320 diameter, Hardness of roller is 25.<\/strong><\/p>\n\t\t<\/div>\n\t\t<\/div><\/div><\/div><div class=\"wpb_column vc_column_container vc_col-sm-4 text-left wd-rs-666dcd71475e7\"><div class=\"vc_column-inner vc_custom_1718472063559\"><div class=\"wpb_wrapper\">\n\t\t<div id=\"wd-698de5976c9ee\" class=\"title-wrapper wd-wpb set-mb-s reset-last-child  wd-rs-698de5976c9ee wd-title-color-default wd-title-style-underlined-2 text-left  wd-width-enabled wd-underline-colored\" style=\"--wd-max-width: 90%;\">\n\t\t\t\n\t\t\t<div class=\"liner-continer\">\n\t\t\t\t<h4 class=\"woodmart-title-container title  wd-font-weight- wd-fontsize-m\" >Lengthways Keyboard Sanding Part H<\/h4>\n\t\t\t\t\t\t\t<\/div>\n\t\t\t\n\t\t\t\n\t\t\t\n\t\t<\/div>\n\t\t\n\t\t\n\t<div  class=\"wpb_single_image wpb_content_element vc_align_left\">\n\t\t\n\t\t<figure class=\"wpb_wrapper vc_figure\">\n\t\t\t<div class=\"vc_single_image-wrapper   vc_box_border_grey\"><img loading=\"lazy\" decoding=\"async\" width=\"300\" height=\"180\" src=\"data:image\/png;base64,iVBORw0KGgoAAAANSUhEUgAAABEAAAAKCAYAAABSfLWiAAAACXBIWXMAAA7EAAAOxAGVKw4bAAABVklEQVQokYXRy07CUBSF4f+0hZZzihdKQcWgExMjTjSMEBMjD8LQB+ApNWqMM6MDvMUaxUi0UC6ndUqoCWu4k\/Ule2\/R6XQSZnJ5dUGSJAjAK64ic5Kf3x9cKdFa4xXLOI6arWAwl17vi6VlF+U6KOlgiITH7jOJjiCJMcR84x9E65hK2cNCgLAo+j5+qcQozjKeTLEy2cWIVJL64QGt1ilSKqTKI3M5uvd3SOUy1TqFWPODfN6l4K\/T2N2h+\/JKGA4ZTyZYpsnKaoFYx5BZgDi2w9ZWFUyXUTQkHIwRCIobaximhTDTR0mtA\/DR+0YkmqmOiUYjqtvb1OtNlHIJw+FiRClFJmsjbZvm8QlCGBw1mpy129T29qnVaouRzZJPtbJO8PpEPwhYMU0KXp5u8E406HNzdZ1CUjeZfva4vrnlNxwQ3T+wCbwFfS7Pb6l4HmXbZv4\/f05YcBlaYbkPAAAAAElFTkSuQmCC\" class=\"vc_single_image-img attachment-medium wd-lazy-load wd-lazy-fade\" alt=\"\" title=\"Ads\u0131z tasar\u0131m - 2026-02-12T173710.076\" srcset=\"\" sizes=\"auto, (max-width: 300px) 100vw, 300px\" data-wood-src=\"https:\/\/teksermakina.com\/wp-content\/uploads\/2026\/02\/Adsiz-tasarim-2026-02-12T173710.076-300x180.png\" data-srcset=\"https:\/\/teksermakina.com\/wp-content\/uploads\/2026\/02\/Adsiz-tasarim-2026-02-12T173710.076-300x180.png 300w, https:\/\/teksermakina.com\/wp-content\/uploads\/2026\/02\/Adsiz-tasarim-2026-02-12T173710.076-18x12.png 18w, https:\/\/teksermakina.com\/wp-content\/uploads\/2026\/02\/Adsiz-tasarim-2026-02-12T173710.076-250x150.png 250w, https:\/\/teksermakina.com\/wp-content\/uploads\/2026\/02\/Adsiz-tasarim-2026-02-12T173710.076.png 500w\" \/><\/div>\n\t\t<\/figure>\n\t<\/div>\n\t\t<div id=\"wd-698de5c637afb\" class=\"wd-text-block wd-wpb reset-last-child wd-rs-698de5c637afb text-left\">\n\t\t\t<p data-pm-slice=\"1 1 &#091;&#093;\"><strong>Lengthways sectional block, 60 sectional x 80 block<\/strong><\/p>\n\t\t<\/div>\n\t\t<\/div><\/div><\/div><div class=\"wpb_column vc_column_container vc_col-sm-4\"><div class=\"vc_column-inner\"><div class=\"wpb_wrapper\">\n\t\t<div id=\"wd-698de68bc5f42\" class=\"title-wrapper wd-wpb set-mb-s reset-last-child  wd-rs-698de68bc5f42 wd-title-color-default wd-title-style-underlined-2 text-left  wd-width-enabled wd-underline-colored\" style=\"--wd-max-width: 90%;\">\n\t\t\t\n\t\t\t<div class=\"liner-continer\">\n\t\t\t\t<h4 class=\"woodmart-title-container title  wd-font-weight- wd-fontsize-m\" >Segmented Pad: 60 Pcs.<\/h4>\n\t\t\t\t\t\t\t<\/div>\n\t\t\t\n\t\t\t\n\t\t\t\n\t\t<\/div>\n\t\t\n\t\t\n\t<div  class=\"wpb_single_image wpb_content_element vc_align_left\">\n\t\t\n\t\t<figure class=\"wpb_wrapper vc_figure\">\n\t\t\t<div class=\"vc_single_image-wrapper   vc_box_border_grey\"><img loading=\"lazy\" decoding=\"async\" width=\"300\" height=\"180\" src=\"data:image\/png;base64,iVBORw0KGgoAAAANSUhEUgAAABEAAAAKCAYAAABSfLWiAAAACXBIWXMAAA7EAAAOxAGVKw4bAAABLElEQVQokY3QTUsCURjF8f+93XEau6OOk0OpEAQiBC1a1BfzA\/YZWhSEubIIjGZSx5d5vS1CKlLprB54Dr\/FEYPBwAD0Ak1L2\/w3b3HCcBIDIH8+ciS5pXlNq6RG4jVtOt1DatrsBX8hRloUtouybYzfYl4\/JZGCi8sT\/KbcZXwjJstZj59Zhe\/4zQauEjD7YBQH3I4ENc\/ZiajNISyF22lBHLJ8ComDM5RdRVs5lbIgLl1SBZV8sRvZxG17XPc0k4cRk1DyYnyc4wCpLHAkYplginw\/kiUJySKnfdXHm4WczwXD+zvCqaHUHkIVKMfaj6wTwTiK6ApBte6TFxGqeYTWDiZNoTAIKfcjK1HyGMLNNMIQsUgcCvM1qqhU\/uyxFXHMAf2swTTb2t+aT1TMbJYRrdPpAAAAAElFTkSuQmCC\" class=\"vc_single_image-img attachment-medium wd-lazy-load wd-lazy-fade\" alt=\"\" title=\"Ads\u0131z tasar\u0131m - 2026-02-12T173918.133\" srcset=\"\" sizes=\"auto, (max-width: 300px) 100vw, 300px\" data-wood-src=\"https:\/\/teksermakina.com\/wp-content\/uploads\/2026\/02\/Adsiz-tasarim-2026-02-12T173918.133-300x180.png\" data-srcset=\"https:\/\/teksermakina.com\/wp-content\/uploads\/2026\/02\/Adsiz-tasarim-2026-02-12T173918.133-300x180.png 300w, https:\/\/teksermakina.com\/wp-content\/uploads\/2026\/02\/Adsiz-tasarim-2026-02-12T173918.133-18x12.png 18w, https:\/\/teksermakina.com\/wp-content\/uploads\/2026\/02\/Adsiz-tasarim-2026-02-12T173918.133-250x150.png 250w, https:\/\/teksermakina.com\/wp-content\/uploads\/2026\/02\/Adsiz-tasarim-2026-02-12T173918.133.png 500w\" \/><\/div>\n\t\t<\/figure>\n\t<\/div>\n\t\t<div id=\"wd-698de63e9c0f9\" class=\"wd-text-block wd-wpb reset-last-child wd-rs-698de63e9c0f9 text-left\">\n\t\t\t<p data-pm-slice=\"1 1 &#091;&#093;\"><strong>Electric control 60 sectional type keyboard \t\t\t\t\t\t\t\t\t\t\t\nfine sanding system, it means we can divide the 1300 mm wide panel into 60 areas for processing, also can control the sanding range through the design of intelligent system, lengthways keyboard sanding part H is better to process \tuneven surfaces and narrow materials than roller sanding \t\t\t\t\t\t\t\t\t\t\t\npart R, sanding effect is also more delicate<\/strong><\/p>\n\t\t<\/div>\n\t\t<\/div><\/div><\/div><\/div><\/div><\/div><\/div><\/div>\n<\/div>","protected":false},"excerpt":{"rendered":"<p><strong>Products Details<\/strong><\/p>\n<p data-start=\"68\" data-end=\"130\">Machine for production lines<br \/>\nSanding roller and segmented slide<br \/>\nVariable-speed and reversible-direction belts<\/p>\n<p><a class=\"button\" href=\"#teknik-parametreler\"> Technical Features<\/a> <a class=\"button\" href=\"#urun-videomuz\">Machine Video<\/a><\/p>","protected":false},"featured_media":3582,"template":"","meta":[],"product_cat":[117],"product_tag":[],"class_list":{"0":"post-3581","1":"product","2":"type-product","3":"status-publish","4":"has-post-thumbnail","6":"product_cat-kontak-zimpara-makinalari-kontak-zimpara-makinalari","8":"first","9":"instock","10":"shipping-taxable","11":"product-type-simple"},"yoast_head":"<!-- This site is optimized with the Yoast SEO plugin v23.5 - https:\/\/yoast.com\/wordpress\/plugins\/seo\/ -->\n<title>A9-1300RH - Tekser Makina<\/title>\n<meta name=\"robots\" content=\"index, follow, max-snippet:-1, max-image-preview:large, max-video-preview:-1\" \/>\n<link rel=\"canonical\" href=\"https:\/\/teksermakina.com\/en\/product\/a9-1300rh\/\" \/>\n<meta property=\"og:locale\" content=\"en_US\" \/>\n<meta property=\"og:type\" content=\"article\" \/>\n<meta property=\"og:title\" content=\"A9-1300RH - Tekser Makina\" \/>\n<meta property=\"og:description\" content=\"\u00dcr\u00fcn A\u00e7\u0131klamas\u0131 \u00dcretim hatlar\u0131 i\u00e7in makine Z\u0131mpara silindiri ve b\u00f6l\u00fcmlendirilmi\u015f k\u0131zak De\u011fi\u015fken h\u0131z ve d\u00f6n\u00fc\u015f y\u00f6n\u00fc tersine \u00e7evrilebilir bantlar  Teknik Parametreler \u00dcr\u00fcn Videosu\" \/>\n<meta property=\"og:url\" content=\"https:\/\/teksermakina.com\/en\/product\/a9-1300rh\/\" \/>\n<meta property=\"og:site_name\" content=\"Tekser Makina\" \/>\n<meta property=\"article:modified_time\" content=\"2026-03-03T09:21:10+00:00\" \/>\n<meta property=\"og:image\" content=\"https:\/\/teksermakina.com\/wp-content\/uploads\/2026\/02\/Adsiz-tasarim-2026-02-12T095729.190.png\" \/>\n\t<meta property=\"og:image:width\" content=\"1000\" \/>\n\t<meta property=\"og:image:height\" content=\"1000\" \/>\n\t<meta property=\"og:image:type\" content=\"image\/png\" \/>\n<meta name=\"twitter:card\" content=\"summary_large_image\" \/>\n<meta name=\"twitter:label1\" content=\"Est. reading time\" \/>\n\t<meta name=\"twitter:data1\" content=\"4 minutes\" \/>\n<script type=\"application\/ld+json\" class=\"yoast-schema-graph\">{\"@context\":\"https:\/\/schema.org\",\"@graph\":[{\"@type\":\"WebPage\",\"@id\":\"https:\/\/teksermakina.com\/urun\/a9-1300rh\/\",\"url\":\"https:\/\/teksermakina.com\/urun\/a9-1300rh\/\",\"name\":\"A9-1300RH - Tekser Makina\",\"isPartOf\":{\"@id\":\"https:\/\/teksermakina.com\/en\/#website\"},\"primaryImageOfPage\":{\"@id\":\"https:\/\/teksermakina.com\/urun\/a9-1300rh\/#primaryimage\"},\"image\":{\"@id\":\"https:\/\/teksermakina.com\/urun\/a9-1300rh\/#primaryimage\"},\"thumbnailUrl\":\"https:\/\/teksermakina.com\/wp-content\/uploads\/2026\/02\/Adsiz-tasarim-2026-02-12T095729.190.png\",\"datePublished\":\"2026-02-12T06:54:33+00:00\",\"dateModified\":\"2026-03-03T09:21:10+00:00\",\"breadcrumb\":{\"@id\":\"https:\/\/teksermakina.com\/urun\/a9-1300rh\/#breadcrumb\"},\"inLanguage\":\"en-US\",\"potentialAction\":[{\"@type\":\"ReadAction\",\"target\":[\"https:\/\/teksermakina.com\/urun\/a9-1300rh\/\"]}]},{\"@type\":\"ImageObject\",\"inLanguage\":\"en-US\",\"@id\":\"https:\/\/teksermakina.com\/urun\/a9-1300rh\/#primaryimage\",\"url\":\"https:\/\/teksermakina.com\/wp-content\/uploads\/2026\/02\/Adsiz-tasarim-2026-02-12T095729.190.png\",\"contentUrl\":\"https:\/\/teksermakina.com\/wp-content\/uploads\/2026\/02\/Adsiz-tasarim-2026-02-12T095729.190.png\",\"width\":1000,\"height\":1000},{\"@type\":\"BreadcrumbList\",\"@id\":\"https:\/\/teksermakina.com\/urun\/a9-1300rh\/#breadcrumb\",\"itemListElement\":[{\"@type\":\"ListItem\",\"position\":1,\"name\":\"Anasayfa\",\"item\":\"https:\/\/teksermakina.com\/\"},{\"@type\":\"ListItem\",\"position\":2,\"name\":\"\u00dcr\u00fcnler\",\"item\":\"https:\/\/teksermakina.com\/urunler-111\/\"},{\"@type\":\"ListItem\",\"position\":3,\"name\":\"A9-1300RH\"}]},{\"@type\":\"WebSite\",\"@id\":\"https:\/\/teksermakina.com\/en\/#website\",\"url\":\"https:\/\/teksermakina.com\/en\/\",\"name\":\"Tekser Makina\",\"description\":\"\",\"publisher\":{\"@id\":\"https:\/\/teksermakina.com\/en\/#organization\"},\"potentialAction\":[{\"@type\":\"SearchAction\",\"target\":{\"@type\":\"EntryPoint\",\"urlTemplate\":\"https:\/\/teksermakina.com\/en\/?s={search_term_string}\"},\"query-input\":{\"@type\":\"PropertyValueSpecification\",\"valueRequired\":true,\"valueName\":\"search_term_string\"}}],\"inLanguage\":\"en-US\"},{\"@type\":\"Organization\",\"@id\":\"https:\/\/teksermakina.com\/en\/#organization\",\"name\":\"Tekser Makina\",\"url\":\"https:\/\/teksermakina.com\/en\/\",\"logo\":{\"@type\":\"ImageObject\",\"inLanguage\":\"en-US\",\"@id\":\"https:\/\/teksermakina.com\/en\/#\/schema\/logo\/image\/\",\"url\":\"https:\/\/teksermakina.com\/wp-content\/uploads\/2023\/10\/TEKSER-BEYAZ-logoo.png\",\"contentUrl\":\"https:\/\/teksermakina.com\/wp-content\/uploads\/2023\/10\/TEKSER-BEYAZ-logoo.png\",\"width\":129,\"height\":145,\"caption\":\"Tekser Makina\"},\"image\":{\"@id\":\"https:\/\/teksermakina.com\/en\/#\/schema\/logo\/image\/\"},\"sameAs\":[\"https:\/\/www.instagram.com\/teksermakina\/\"]}]}<\/script>\n<!-- \/ Yoast SEO plugin. -->","yoast_head_json":{"title":"A9-1300RH - Tekser Makina","robots":{"index":"index","follow":"follow","max-snippet":"max-snippet:-1","max-image-preview":"max-image-preview:large","max-video-preview":"max-video-preview:-1"},"canonical":"https:\/\/teksermakina.com\/en\/product\/a9-1300rh\/","og_locale":"en_US","og_type":"article","og_title":"A9-1300RH - Tekser Makina","og_description":"\u00dcr\u00fcn A\u00e7\u0131klamas\u0131 \u00dcretim hatlar\u0131 i\u00e7in makine Z\u0131mpara silindiri ve b\u00f6l\u00fcmlendirilmi\u015f k\u0131zak De\u011fi\u015fken h\u0131z ve d\u00f6n\u00fc\u015f y\u00f6n\u00fc tersine \u00e7evrilebilir bantlar  Teknik Parametreler \u00dcr\u00fcn Videosu","og_url":"https:\/\/teksermakina.com\/en\/product\/a9-1300rh\/","og_site_name":"Tekser Makina","article_modified_time":"2026-03-03T09:21:10+00:00","og_image":[{"width":1000,"height":1000,"url":"https:\/\/teksermakina.com\/wp-content\/uploads\/2026\/02\/Adsiz-tasarim-2026-02-12T095729.190.png","type":"image\/png"}],"twitter_card":"summary_large_image","twitter_misc":{"Est. reading time":"4 minutes"},"schema":{"@context":"https:\/\/schema.org","@graph":[{"@type":"WebPage","@id":"https:\/\/teksermakina.com\/urun\/a9-1300rh\/","url":"https:\/\/teksermakina.com\/urun\/a9-1300rh\/","name":"A9-1300RH - Tekser Makina","isPartOf":{"@id":"https:\/\/teksermakina.com\/en\/#website"},"primaryImageOfPage":{"@id":"https:\/\/teksermakina.com\/urun\/a9-1300rh\/#primaryimage"},"image":{"@id":"https:\/\/teksermakina.com\/urun\/a9-1300rh\/#primaryimage"},"thumbnailUrl":"https:\/\/teksermakina.com\/wp-content\/uploads\/2026\/02\/Adsiz-tasarim-2026-02-12T095729.190.png","datePublished":"2026-02-12T06:54:33+00:00","dateModified":"2026-03-03T09:21:10+00:00","breadcrumb":{"@id":"https:\/\/teksermakina.com\/urun\/a9-1300rh\/#breadcrumb"},"inLanguage":"en-US","potentialAction":[{"@type":"ReadAction","target":["https:\/\/teksermakina.com\/urun\/a9-1300rh\/"]}]},{"@type":"ImageObject","inLanguage":"en-US","@id":"https:\/\/teksermakina.com\/urun\/a9-1300rh\/#primaryimage","url":"https:\/\/teksermakina.com\/wp-content\/uploads\/2026\/02\/Adsiz-tasarim-2026-02-12T095729.190.png","contentUrl":"https:\/\/teksermakina.com\/wp-content\/uploads\/2026\/02\/Adsiz-tasarim-2026-02-12T095729.190.png","width":1000,"height":1000},{"@type":"BreadcrumbList","@id":"https:\/\/teksermakina.com\/urun\/a9-1300rh\/#breadcrumb","itemListElement":[{"@type":"ListItem","position":1,"name":"Anasayfa","item":"https:\/\/teksermakina.com\/"},{"@type":"ListItem","position":2,"name":"\u00dcr\u00fcnler","item":"https:\/\/teksermakina.com\/urunler-111\/"},{"@type":"ListItem","position":3,"name":"A9-1300RH"}]},{"@type":"WebSite","@id":"https:\/\/teksermakina.com\/en\/#website","url":"https:\/\/teksermakina.com\/en\/","name":"Tekser Makina","description":"","publisher":{"@id":"https:\/\/teksermakina.com\/en\/#organization"},"potentialAction":[{"@type":"SearchAction","target":{"@type":"EntryPoint","urlTemplate":"https:\/\/teksermakina.com\/en\/?s={search_term_string}"},"query-input":{"@type":"PropertyValueSpecification","valueRequired":true,"valueName":"search_term_string"}}],"inLanguage":"en-US"},{"@type":"Organization","@id":"https:\/\/teksermakina.com\/en\/#organization","name":"Tekser Makina","url":"https:\/\/teksermakina.com\/en\/","logo":{"@type":"ImageObject","inLanguage":"en-US","@id":"https:\/\/teksermakina.com\/en\/#\/schema\/logo\/image\/","url":"https:\/\/teksermakina.com\/wp-content\/uploads\/2023\/10\/TEKSER-BEYAZ-logoo.png","contentUrl":"https:\/\/teksermakina.com\/wp-content\/uploads\/2023\/10\/TEKSER-BEYAZ-logoo.png","width":129,"height":145,"caption":"Tekser Makina"},"image":{"@id":"https:\/\/teksermakina.com\/en\/#\/schema\/logo\/image\/"},"sameAs":["https:\/\/www.instagram.com\/teksermakina\/"]}]}},"_links":{"self":[{"href":"https:\/\/teksermakina.com\/en\/wp-json\/wp\/v2\/product\/3581","targetHints":{"allow":["GET"]}}],"collection":[{"href":"https:\/\/teksermakina.com\/en\/wp-json\/wp\/v2\/product"}],"about":[{"href":"https:\/\/teksermakina.com\/en\/wp-json\/wp\/v2\/types\/product"}],"wp:featuredmedia":[{"embeddable":true,"href":"https:\/\/teksermakina.com\/en\/wp-json\/wp\/v2\/media\/3582"}],"wp:attachment":[{"href":"https:\/\/teksermakina.com\/en\/wp-json\/wp\/v2\/media?parent=3581"}],"wp:term":[{"taxonomy":"product_cat","embeddable":true,"href":"https:\/\/teksermakina.com\/en\/wp-json\/wp\/v2\/product_cat?post=3581"},{"taxonomy":"product_tag","embeddable":true,"href":"https:\/\/teksermakina.com\/en\/wp-json\/wp\/v2\/product_tag?post=3581"}],"curies":[{"name":"wp","href":"https:\/\/api.w.org\/{rel}","templated":true}]}}