{"id":3600,"date":"2026-02-17T12:01:20","date_gmt":"2026-02-17T12:01:20","guid":{"rendered":"https:\/\/teksermakina.com\/?post_type=product&#038;p=3600"},"modified":"2026-03-03T09:20:52","modified_gmt":"2026-03-03T09:20:52","slug":"s-s2w2","status":"publish","type":"product","link":"https:\/\/teksermakina.com\/en\/product\/s-s2w2\/","title":{"rendered":"S-S2W2"},"content":{"rendered":"<div class=\"wpb-content-wrapper\"><div id=\"teknik-parametreler\" class=\"vc_row wpb_row vc_row-fluid teknik-parametreler wd-rs-65240d66c8bc5\"><div class=\"wpb_column vc_column_container vc_col-sm-12\"><div class=\"vc_column-inner\"><div class=\"wpb_wrapper\"><div class=\"vc_separator wpb_content_element vc_separator_align_center vc_sep_width_100 vc_sep_pos_align_center vc_sep_color_grey vc_separator-has-text\" ><span class=\"vc_sep_holder vc_sep_holder_l\"><span class=\"vc_sep_line\"><\/span><\/span><h4>Technical Features<\/h4><span class=\"vc_sep_holder vc_sep_holder_r\"><span class=\"vc_sep_line\"><\/span><\/span>\n<\/div>\n\t<div class=\"wpb_text_column wpb_content_element\" >\n\t\t<div class=\"wpb_wrapper\">\n\t\t\t<table width=\"578\">\n<tbody>\n<tr>\n<td colspan=\"9\" width=\"306\">Height of conveyor table<\/td>\n<td colspan=\"8\" width=\"272\">890 mm<\/td>\n<\/tr>\n<tr>\n<td colspan=\"9\">Min. Length<\/td>\n<td colspan=\"8\">180 mm<\/td>\n<\/tr>\n<tr>\n<td colspan=\"9\">Working width<\/td>\n<td colspan=\"8\">100-2400 mm<\/td>\n<\/tr>\n<tr>\n<td colspan=\"9\">Working thickness<\/td>\n<td colspan=\"8\">10-80 mm<\/td>\n<\/tr>\n<tr>\n<td colspan=\"9\">Feed speed<\/td>\n<td colspan=\"8\">10-15 m\/dak<\/td>\n<\/tr>\n<tr>\n<td colspan=\"9\">Sanding belt specification (S)<\/td>\n<td colspan=\"8\">2300*80 mm<\/td>\n<\/tr>\n<tr>\n<td colspan=\"9\">Speed of sanding unit (S)<\/td>\n<td colspan=\"8\">1-14.5 m\/dak<\/td>\n<\/tr>\n<tr>\n<td colspan=\"9\">Adjustable angle of sanding unit (S)<\/td>\n<td colspan=\"8\">-45\u00b0 to +90\u00b0<\/td>\n<\/tr>\n<tr>\n<td colspan=\"9\">Lifting motor (S)<\/td>\n<td colspan=\"8\">0.37 kW<\/td>\n<\/tr>\n<tr>\n<td colspan=\"9\">Oscillation motor (S)<\/td>\n<td colspan=\"8\">0.55 kW*2<\/td>\n<\/tr>\n<tr>\n<td colspan=\"9\">Sanding unit motor (S)<\/td>\n<td colspan=\"8\">2.2 kW<\/td>\n<\/tr>\n<tr>\n<td colspan=\"9\">Feeding motor<\/td>\n<td colspan=\"8\">2.2 kW<\/td>\n<\/tr>\n<tr>\n<td colspan=\"9\">Sanding head motor (W)<\/td>\n<td colspan=\"8\">1.5 kW<\/td>\n<\/tr>\n<tr>\n<td colspan=\"9\">Sanding belt specification (W)<\/td>\n<td colspan=\"8\">890*100 mm<\/td>\n<\/tr>\n<tr>\n<td colspan=\"9\">Speed of sanding head (W)<\/td>\n<td colspan=\"8\">1-14 m\/s<\/td>\n<\/tr>\n<tr>\n<td colspan=\"9\">Size of sponge wheel<\/td>\n<td colspan=\"8\">\u03a6150\u00d725.4\u00d7100mm<\/td>\n<\/tr>\n<tr>\n<td colspan=\"9\">Adjustable angle of sanding head (W)<\/td>\n<td colspan=\"8\">-45\u00b0 to +90\u00b0<\/td>\n<\/tr>\n<tr>\n<td colspan=\"9\">Total power<\/td>\n<td colspan=\"8\">10.47 kW<\/td>\n<\/tr>\n<tr>\n<td colspan=\"9\">Configuration<\/td>\n<td colspan=\"8\">2 z\u0131mpara \u00fcnitesi + 2 z\u0131mpara kafas\u0131<\/td>\n<\/tr>\n<tr>\n<td colspan=\"9\">Avoidance function<\/td>\n<td colspan=\"8\">\u00d8100 mm (4 adet)<\/td>\n<\/tr>\n<tr>\n<td colspan=\"9\">Avoidance function<\/td>\n<td colspan=\"8\">Have<\/td>\n<\/tr>\n<tr>\n<td colspan=\"9\">Compensation function<\/td>\n<td colspan=\"8\">Have<\/td>\n<\/tr>\n<tr>\n<td colspan=\"9\">Air consumption for dusting<\/td>\n<td colspan=\"8\">2828 m\u00b3\/s<\/td>\n<\/tr>\n<tr>\n<td colspan=\"9\">Blowing air volume<\/td>\n<td colspan=\"8\">1.62 m\u00b3\/s<\/td>\n<\/tr>\n<tr>\n<td colspan=\"9\">Working air pressure<\/td>\n<td colspan=\"8\">0.6-0.8 MPa<\/td>\n<\/tr>\n<tr>\n<td colspan=\"9\">Size<\/td>\n<td colspan=\"8\">4100x\uff081400-1900\uff09x1456 mm<\/td>\n<\/tr>\n<tr>\n<td colspan=\"9\">Weight<\/td>\n<td colspan=\"8\">1800 kg<\/td>\n<\/tr>\n<\/tbody>\n<\/table>\n\n\t\t<\/div>\n\t<\/div>\n<\/div><\/div><\/div><\/div><div id=\"urun-videomuz\" class=\"vc_row wpb_row vc_row-fluid urun-videomuz wd-rs-6525649a4be8c\"><div class=\"wpb_column vc_column_container vc_col-sm-12\"><div class=\"vc_column-inner\"><div class=\"wpb_wrapper\"><div class=\"vc_separator wpb_content_element vc_separator_align_center vc_sep_width_100 vc_sep_pos_align_center vc_sep_color_grey vc_separator-has-text\" ><span class=\"vc_sep_holder vc_sep_holder_l\"><span class=\"vc_sep_line\"><\/span><\/span><h4>Machine Video<\/h4><span class=\"vc_sep_holder vc_sep_holder_r\"><span class=\"vc_sep_line\"><\/span><\/span>\n<\/div><\/div><\/div><\/div><\/div><div class=\"vc_row wpb_row vc_row-fluid wd-rs-6666b6ccd54c8\"><div class=\"wpb_column vc_column_container vc_col-sm-12\"><div class=\"vc_column-inner\"><div class=\"wpb_wrapper\">\n\t<div class=\"wpb_text_column wpb_content_element vc_custom_1770733354087\" >\n\t\t<div class=\"wpb_wrapper\">\n\t\t\t<h2 style=\"text-align: center;\"><strong>General Features<\/strong><\/h2>\n\n\t\t<\/div>\n\t<\/div>\n<div class=\"vc_row wpb_row vc_inner vc_row-fluid\"><div class=\"wpb_column vc_column_container vc_col-sm-6 text-left wd-rs-666dcd71475e7\"><div class=\"vc_column-inner vc_custom_1718472063559\"><div class=\"wpb_wrapper\">\n\t\t<div id=\"wd-69947700e9ba4\" class=\"title-wrapper wd-wpb set-mb-s reset-last-child  wd-rs-69947700e9ba4 wd-title-color-default wd-title-style-underlined-2 text-left  wd-width-enabled wd-underline-colored\" style=\"--wd-max-width: 90%;\">\n\t\t\t\n\t\t\t<div class=\"liner-continer\">\n\t\t\t\t<h4 class=\"woodmart-title-container title  wd-font-weight- wd-fontsize-m\" >Sanding unit\uff08S\uff09<\/h4>\n\t\t\t\t\t\t\t<\/div>\n\t\t\t\n\t\t\t\n\t\t\t\n\t\t<\/div>\n\t\t\n\t\t\n\t<div  class=\"wpb_single_image wpb_content_element vc_align_left\">\n\t\t\n\t\t<figure class=\"wpb_wrapper vc_figure\">\n\t\t\t<div class=\"vc_single_image-wrapper   vc_box_border_grey\"><img loading=\"lazy\" decoding=\"async\" width=\"300\" height=\"180\" src=\"data:image\/png;base64,iVBORw0KGgoAAAANSUhEUgAAABEAAAAKCAYAAABSfLWiAAAACXBIWXMAAA7EAAAOxAGVKw4bAAABnklEQVQokX2Rv2sTcRiHn7uYQrw0wZTQNGnau9b06A+QDK0iOFYHHbp10THonjn+AXZ0EXRs6NCKopNgI\/gDKdKlp9AISQyWJhrUXsl5yfcOvm6S2phne98P78P78ir5fF4C5HI5TNOkKwT37j9kZnqS1ZUbDKJQKOC6Luq\/wYvSK45\/dzlofB8o6OWUZMYwKO\/t4nXcv72XVo215++RUvaVnOktKpUq68UiI9Gz\/GodUtx8zMbHFuVqnRVDY8tzSKciXLq49H\/JYaOB8HwSiQT20RF3n+xwJdplPhkiFQux++E1T98qPNhrc\/Py+f7nLC4t0mw28T0fIQS3zDDjIxG+So2NumT9Z4Syo9L5tM2Xne3Tm1ifK1x\/9I4FGSTa7WAHNN7UBFINMjHkktUclkeHCAQCpNPTGIZOvVY9KfGdY27rPs+UOQ5+fGMq5LE6qaIqEimDKEAqlWT56jV0XQegVCqdlITDYUaF4M4Fjf39FlMTBu22Q3xsnGw2SzI5xvBwZPB3MpkM8Xgcy7KwbZvZuXnM2QXOxWJ9B3v5A2hok8mZCOoBAAAAAElFTkSuQmCC\" class=\"vc_single_image-img attachment-medium wd-lazy-load wd-lazy-fade\" alt=\"\" title=\"Ads\u0131z tasar\u0131m - 2026-02-17T170615.439\" srcset=\"\" sizes=\"auto, (max-width: 300px) 100vw, 300px\" data-wood-src=\"https:\/\/teksermakina.com\/wp-content\/uploads\/2026\/02\/Adsiz-tasarim-2026-02-17T170615.439-300x180.png\" data-srcset=\"https:\/\/teksermakina.com\/wp-content\/uploads\/2026\/02\/Adsiz-tasarim-2026-02-17T170615.439-300x180.png 300w, https:\/\/teksermakina.com\/wp-content\/uploads\/2026\/02\/Adsiz-tasarim-2026-02-17T170615.439-18x12.png 18w, https:\/\/teksermakina.com\/wp-content\/uploads\/2026\/02\/Adsiz-tasarim-2026-02-17T170615.439-250x150.png 250w, https:\/\/teksermakina.com\/wp-content\/uploads\/2026\/02\/Adsiz-tasarim-2026-02-17T170615.439.png 500w\" \/><\/div>\n\t\t<\/figure>\n\t<\/div>\n\t\t<div id=\"wd-6994772664e85\" class=\"wd-text-block wd-wpb reset-last-child wd-rs-6994772664e85 text-left\">\n\t\t\t<p data-pm-slice=\"1 1 &#091;&#093;\"><strong>560 sanding unit, the max. Sanding thickness is 60mm, sanding belt speed(frequency step-less speed regulation) is 0-14m\/min, it also have auto. Swing function; sand the straight line with shape. The pressing module have auto-scaling function, ensure the sanding quality of workpiece and accuracy. The sanding unit it can adjust -45\u00b0 to +90\u00b0, strong practicality, it have good sanding effect for different workpiece (solid wood  MDF board and so on).<\/strong><\/p>\n\t\t<\/div>\n\t\t<\/div><\/div><\/div><div class=\"wpb_column vc_column_container vc_col-sm-6\"><div class=\"vc_column-inner\"><div class=\"wpb_wrapper\">\n\t\t<div id=\"wd-6994775d5d521\" class=\"title-wrapper wd-wpb set-mb-s reset-last-child  wd-rs-6994775d5d521 wd-title-color-default wd-title-style-underlined-2 text-left  wd-width-enabled wd-underline-colored\" style=\"--wd-max-width: 90%;\">\n\t\t\t\n\t\t\t<div class=\"liner-continer\">\n\t\t\t\t<h4 class=\"woodmart-title-container title  wd-font-weight- wd-fontsize-m\" >Sanding head (W)<\/h4>\n\t\t\t\t\t\t\t<\/div>\n\t\t\t\n\t\t\t\n\t\t\t\n\t\t<\/div>\n\t\t\n\t\t\n\t<div  class=\"wpb_single_image wpb_content_element vc_align_left\">\n\t\t\n\t\t<figure class=\"wpb_wrapper vc_figure\">\n\t\t\t<div class=\"vc_single_image-wrapper   vc_box_border_grey\"><img loading=\"lazy\" decoding=\"async\" width=\"300\" height=\"180\" src=\"data:image\/png;base64,iVBORw0KGgoAAAANSUhEUgAAABEAAAAKCAYAAABSfLWiAAAACXBIWXMAAA7EAAAOxAGVKw4bAAABTElEQVQokY2OPUtCARiFHy9+EBhhJlmZYEloICH1D4IoDGuq1mhs9BdEH9ASNNTQ3mwENTZENkiDLiWEfcFN81bXtJsfN7VN4nbFznbec96HY4hEIg1+aW1jk63zR3bjIvMjNtYnvXjs1mYei8WIRqO\/XxDQaGHvhK2LR5SagcObPP79KyIn17wpZW21NWTJLrPtEgmbn+j5ylCpVtiJZ1g5OG0JMWoPNls3\/RYj425YrdVJveR4L9cIBYeRpNz\/lkzNhEheniHe31KplBnt62LMYYZGnfyrPuTPEkEQMBsFinKOXvcQ6bsH5EIJMSMxOOCkx+lqDwEoV1WsZguN7yqd4jNpbPQ6OpBlmWKp+j\/I7OIyqWQcz9Aw03MLhD8VpFyW46MoE\/4AiUSyPcQXCOILBJteyoqoqoryVdKr60O08nhHKHzkMZlMuvkPyAR6Tlrb93wAAAAASUVORK5CYII=\" class=\"vc_single_image-img attachment-medium wd-lazy-load wd-lazy-fade\" alt=\"\" title=\"Ads\u0131z tasar\u0131m - 2026-02-17T171308.260\" srcset=\"\" sizes=\"auto, (max-width: 300px) 100vw, 300px\" data-wood-src=\"https:\/\/teksermakina.com\/wp-content\/uploads\/2026\/02\/Adsiz-tasarim-2026-02-17T171308.260-300x180.png\" data-srcset=\"https:\/\/teksermakina.com\/wp-content\/uploads\/2026\/02\/Adsiz-tasarim-2026-02-17T171308.260-300x180.png 300w, https:\/\/teksermakina.com\/wp-content\/uploads\/2026\/02\/Adsiz-tasarim-2026-02-17T171308.260-18x12.png 18w, https:\/\/teksermakina.com\/wp-content\/uploads\/2026\/02\/Adsiz-tasarim-2026-02-17T171308.260-250x150.png 250w, https:\/\/teksermakina.com\/wp-content\/uploads\/2026\/02\/Adsiz-tasarim-2026-02-17T171308.260.png 500w\" \/><\/div>\n\t\t<\/figure>\n\t<\/div>\n\t\t<div id=\"wd-69947794eee68\" class=\"wd-text-block wd-wpb reset-last-child wd-rs-69947794eee68 text-left\">\n\t\t\t<p data-pm-slice=\"1 1 &#091;&#093;\"><strong>The max. Sanding thickness is 80mm, sanding belt speed (frequency step-less speed regulation) is 0-12m\/min, sanding head use standard abrasive wheel, it have auto. Compensation function, ensure the sanding belt to be fully use. It can select the sanding tool according to the shape of workpiece, machine also have auto-scaling function, ensure the sanding quality of workpiece and accuracy. \t\t\t\t\t\t\t\t\t\t\t\nThe sanding unit it can adjust -45\u00b0 to +45\u00b0, strong practicality, it\u2019s mainly for light sanding process, it have good sanding effect for different workpiece (solid wood\u3001MDF board and so on).<\/strong><\/p>\n\t\t<\/div>\n\t\t<\/div><\/div><\/div><\/div><\/div><\/div><\/div><\/div>\n<\/div>","protected":false},"excerpt":{"rendered":"<p><strong>Products Details<\/strong><\/p>\n<p data-start=\"2\" data-end=\"49\">Different milling and sanding heads can be fitted.<br \/>\nSanding unit and sanding head can be adjusted -45\u00b0 to +45\u00b0, it is suitable for  sanding different edge<br \/>\nThe sanding head can be adjusted between -45\u00b0 and +45\u00b0.<br \/>\nThe roller pressure system provides strong and safe clamping.<br \/>\nThe roller pressing system is suitable for long and straight workpieces.<br \/>\nAdopt conveyor chain, frequency control, cylindrical guide, stable feeding<br \/>\nImported electrical components, PLC and touch screen<\/p>\n<p><a class=\"button\" href=\"#teknik-parametreler\"> Technical Features<\/a> <a class=\"button\" href=\"#urun-videomuz\">Machine Video<\/a><\/p>","protected":false},"featured_media":3601,"template":"","meta":[],"product_cat":[112,15],"product_tag":[],"class_list":{"0":"post-3600","1":"product","2":"type-product","3":"status-publish","4":"has-post-thumbnail","6":"product_cat-kenar-zimpara-makinalari","7":"product_cat-genel","9":"first","10":"instock","11":"shipping-taxable","12":"product-type-simple"},"yoast_head":"<!-- This site is optimized with the Yoast SEO plugin v23.5 - https:\/\/yoast.com\/wordpress\/plugins\/seo\/ -->\n<title>S-S2W2 - Tekser Makina<\/title>\n<meta name=\"robots\" content=\"index, follow, max-snippet:-1, max-image-preview:large, max-video-preview:-1\" \/>\n<link rel=\"canonical\" href=\"https:\/\/teksermakina.com\/en\/product\/s-s2w2\/\" \/>\n<meta property=\"og:locale\" content=\"en_US\" \/>\n<meta property=\"og:type\" content=\"article\" \/>\n<meta property=\"og:title\" content=\"S-S2W2 - Tekser Makina\" \/>\n<meta property=\"og:description\" content=\"\u00dcr\u00fcn A\u00e7\u0131klamas\u0131 Farkl\u0131 freze ve z\u0131mpara kafalar\u0131 tak\u0131labilir. Freze b\u0131\u00e7a\u011f\u0131 (K) manuel ayarl\u0131d\u0131r. Z\u0131mpara kafas\u0131 -45\u00b0 \/ +45\u00b0 ayarlanabilir. Silindirli basma sistemi, g\u00fc\u00e7l\u00fc ve g\u00fcvenli bask\u0131 sa\u011flar. Uzun ve d\u00fcz par\u00e7alar i\u00e7in silindirli basma uygundur. Frekans kontroll\u00fc ta\u015f\u0131ma zinciri, stabil besleme sunar. PLC ve dokunmatik ekran mevcuttur.  Teknik Parametreler \u00dcr\u00fcn Videosu\" \/>\n<meta property=\"og:url\" content=\"https:\/\/teksermakina.com\/en\/product\/s-s2w2\/\" \/>\n<meta property=\"og:site_name\" content=\"Tekser Makina\" \/>\n<meta property=\"article:modified_time\" content=\"2026-03-03T09:20:52+00:00\" \/>\n<meta property=\"og:image\" content=\"https:\/\/teksermakina.com\/wp-content\/uploads\/2026\/02\/Adsiz-tasarim-2026-02-17T170446.238.png\" \/>\n\t<meta property=\"og:image:width\" content=\"1000\" \/>\n\t<meta property=\"og:image:height\" content=\"1000\" \/>\n\t<meta property=\"og:image:type\" content=\"image\/png\" \/>\n<meta name=\"twitter:card\" content=\"summary_large_image\" \/>\n<meta name=\"twitter:label1\" content=\"Est. reading time\" \/>\n\t<meta name=\"twitter:data1\" content=\"4 minutes\" \/>\n<script type=\"application\/ld+json\" class=\"yoast-schema-graph\">{\"@context\":\"https:\/\/schema.org\",\"@graph\":[{\"@type\":\"WebPage\",\"@id\":\"https:\/\/teksermakina.com\/urun\/s-s2w2\/\",\"url\":\"https:\/\/teksermakina.com\/urun\/s-s2w2\/\",\"name\":\"S-S2W2 - Tekser Makina\",\"isPartOf\":{\"@id\":\"https:\/\/teksermakina.com\/en\/#website\"},\"primaryImageOfPage\":{\"@id\":\"https:\/\/teksermakina.com\/urun\/s-s2w2\/#primaryimage\"},\"image\":{\"@id\":\"https:\/\/teksermakina.com\/urun\/s-s2w2\/#primaryimage\"},\"thumbnailUrl\":\"https:\/\/teksermakina.com\/wp-content\/uploads\/2026\/02\/Adsiz-tasarim-2026-02-17T170446.238.png\",\"datePublished\":\"2026-02-17T12:01:20+00:00\",\"dateModified\":\"2026-03-03T09:20:52+00:00\",\"breadcrumb\":{\"@id\":\"https:\/\/teksermakina.com\/urun\/s-s2w2\/#breadcrumb\"},\"inLanguage\":\"en-US\",\"potentialAction\":[{\"@type\":\"ReadAction\",\"target\":[\"https:\/\/teksermakina.com\/urun\/s-s2w2\/\"]}]},{\"@type\":\"ImageObject\",\"inLanguage\":\"en-US\",\"@id\":\"https:\/\/teksermakina.com\/urun\/s-s2w2\/#primaryimage\",\"url\":\"https:\/\/teksermakina.com\/wp-content\/uploads\/2026\/02\/Adsiz-tasarim-2026-02-17T170446.238.png\",\"contentUrl\":\"https:\/\/teksermakina.com\/wp-content\/uploads\/2026\/02\/Adsiz-tasarim-2026-02-17T170446.238.png\",\"width\":1000,\"height\":1000},{\"@type\":\"BreadcrumbList\",\"@id\":\"https:\/\/teksermakina.com\/urun\/s-s2w2\/#breadcrumb\",\"itemListElement\":[{\"@type\":\"ListItem\",\"position\":1,\"name\":\"Anasayfa\",\"item\":\"https:\/\/teksermakina.com\/\"},{\"@type\":\"ListItem\",\"position\":2,\"name\":\"\u00dcr\u00fcnler\",\"item\":\"https:\/\/teksermakina.com\/urunler-111\/\"},{\"@type\":\"ListItem\",\"position\":3,\"name\":\"S-S2W2\"}]},{\"@type\":\"WebSite\",\"@id\":\"https:\/\/teksermakina.com\/en\/#website\",\"url\":\"https:\/\/teksermakina.com\/en\/\",\"name\":\"Tekser Makina\",\"description\":\"\",\"publisher\":{\"@id\":\"https:\/\/teksermakina.com\/en\/#organization\"},\"potentialAction\":[{\"@type\":\"SearchAction\",\"target\":{\"@type\":\"EntryPoint\",\"urlTemplate\":\"https:\/\/teksermakina.com\/en\/?s={search_term_string}\"},\"query-input\":{\"@type\":\"PropertyValueSpecification\",\"valueRequired\":true,\"valueName\":\"search_term_string\"}}],\"inLanguage\":\"en-US\"},{\"@type\":\"Organization\",\"@id\":\"https:\/\/teksermakina.com\/en\/#organization\",\"name\":\"Tekser Makina\",\"url\":\"https:\/\/teksermakina.com\/en\/\",\"logo\":{\"@type\":\"ImageObject\",\"inLanguage\":\"en-US\",\"@id\":\"https:\/\/teksermakina.com\/en\/#\/schema\/logo\/image\/\",\"url\":\"https:\/\/teksermakina.com\/wp-content\/uploads\/2023\/10\/TEKSER-BEYAZ-logoo.png\",\"contentUrl\":\"https:\/\/teksermakina.com\/wp-content\/uploads\/2023\/10\/TEKSER-BEYAZ-logoo.png\",\"width\":129,\"height\":145,\"caption\":\"Tekser Makina\"},\"image\":{\"@id\":\"https:\/\/teksermakina.com\/en\/#\/schema\/logo\/image\/\"},\"sameAs\":[\"https:\/\/www.instagram.com\/teksermakina\/\"]}]}<\/script>\n<!-- \/ Yoast SEO plugin. -->","yoast_head_json":{"title":"S-S2W2 - Tekser Makina","robots":{"index":"index","follow":"follow","max-snippet":"max-snippet:-1","max-image-preview":"max-image-preview:large","max-video-preview":"max-video-preview:-1"},"canonical":"https:\/\/teksermakina.com\/en\/product\/s-s2w2\/","og_locale":"en_US","og_type":"article","og_title":"S-S2W2 - Tekser Makina","og_description":"\u00dcr\u00fcn A\u00e7\u0131klamas\u0131 Farkl\u0131 freze ve z\u0131mpara kafalar\u0131 tak\u0131labilir. Freze b\u0131\u00e7a\u011f\u0131 (K) manuel ayarl\u0131d\u0131r. Z\u0131mpara kafas\u0131 -45\u00b0 \/ +45\u00b0 ayarlanabilir. Silindirli basma sistemi, g\u00fc\u00e7l\u00fc ve g\u00fcvenli bask\u0131 sa\u011flar. Uzun ve d\u00fcz par\u00e7alar i\u00e7in silindirli basma uygundur. Frekans kontroll\u00fc ta\u015f\u0131ma zinciri, stabil besleme sunar. PLC ve dokunmatik ekran mevcuttur.  Teknik Parametreler \u00dcr\u00fcn Videosu","og_url":"https:\/\/teksermakina.com\/en\/product\/s-s2w2\/","og_site_name":"Tekser Makina","article_modified_time":"2026-03-03T09:20:52+00:00","og_image":[{"width":1000,"height":1000,"url":"https:\/\/teksermakina.com\/wp-content\/uploads\/2026\/02\/Adsiz-tasarim-2026-02-17T170446.238.png","type":"image\/png"}],"twitter_card":"summary_large_image","twitter_misc":{"Est. reading time":"4 minutes"},"schema":{"@context":"https:\/\/schema.org","@graph":[{"@type":"WebPage","@id":"https:\/\/teksermakina.com\/urun\/s-s2w2\/","url":"https:\/\/teksermakina.com\/urun\/s-s2w2\/","name":"S-S2W2 - Tekser Makina","isPartOf":{"@id":"https:\/\/teksermakina.com\/en\/#website"},"primaryImageOfPage":{"@id":"https:\/\/teksermakina.com\/urun\/s-s2w2\/#primaryimage"},"image":{"@id":"https:\/\/teksermakina.com\/urun\/s-s2w2\/#primaryimage"},"thumbnailUrl":"https:\/\/teksermakina.com\/wp-content\/uploads\/2026\/02\/Adsiz-tasarim-2026-02-17T170446.238.png","datePublished":"2026-02-17T12:01:20+00:00","dateModified":"2026-03-03T09:20:52+00:00","breadcrumb":{"@id":"https:\/\/teksermakina.com\/urun\/s-s2w2\/#breadcrumb"},"inLanguage":"en-US","potentialAction":[{"@type":"ReadAction","target":["https:\/\/teksermakina.com\/urun\/s-s2w2\/"]}]},{"@type":"ImageObject","inLanguage":"en-US","@id":"https:\/\/teksermakina.com\/urun\/s-s2w2\/#primaryimage","url":"https:\/\/teksermakina.com\/wp-content\/uploads\/2026\/02\/Adsiz-tasarim-2026-02-17T170446.238.png","contentUrl":"https:\/\/teksermakina.com\/wp-content\/uploads\/2026\/02\/Adsiz-tasarim-2026-02-17T170446.238.png","width":1000,"height":1000},{"@type":"BreadcrumbList","@id":"https:\/\/teksermakina.com\/urun\/s-s2w2\/#breadcrumb","itemListElement":[{"@type":"ListItem","position":1,"name":"Anasayfa","item":"https:\/\/teksermakina.com\/"},{"@type":"ListItem","position":2,"name":"\u00dcr\u00fcnler","item":"https:\/\/teksermakina.com\/urunler-111\/"},{"@type":"ListItem","position":3,"name":"S-S2W2"}]},{"@type":"WebSite","@id":"https:\/\/teksermakina.com\/en\/#website","url":"https:\/\/teksermakina.com\/en\/","name":"Tekser Makina","description":"","publisher":{"@id":"https:\/\/teksermakina.com\/en\/#organization"},"potentialAction":[{"@type":"SearchAction","target":{"@type":"EntryPoint","urlTemplate":"https:\/\/teksermakina.com\/en\/?s={search_term_string}"},"query-input":{"@type":"PropertyValueSpecification","valueRequired":true,"valueName":"search_term_string"}}],"inLanguage":"en-US"},{"@type":"Organization","@id":"https:\/\/teksermakina.com\/en\/#organization","name":"Tekser Makina","url":"https:\/\/teksermakina.com\/en\/","logo":{"@type":"ImageObject","inLanguage":"en-US","@id":"https:\/\/teksermakina.com\/en\/#\/schema\/logo\/image\/","url":"https:\/\/teksermakina.com\/wp-content\/uploads\/2023\/10\/TEKSER-BEYAZ-logoo.png","contentUrl":"https:\/\/teksermakina.com\/wp-content\/uploads\/2023\/10\/TEKSER-BEYAZ-logoo.png","width":129,"height":145,"caption":"Tekser Makina"},"image":{"@id":"https:\/\/teksermakina.com\/en\/#\/schema\/logo\/image\/"},"sameAs":["https:\/\/www.instagram.com\/teksermakina\/"]}]}},"_links":{"self":[{"href":"https:\/\/teksermakina.com\/en\/wp-json\/wp\/v2\/product\/3600","targetHints":{"allow":["GET"]}}],"collection":[{"href":"https:\/\/teksermakina.com\/en\/wp-json\/wp\/v2\/product"}],"about":[{"href":"https:\/\/teksermakina.com\/en\/wp-json\/wp\/v2\/types\/product"}],"wp:featuredmedia":[{"embeddable":true,"href":"https:\/\/teksermakina.com\/en\/wp-json\/wp\/v2\/media\/3601"}],"wp:attachment":[{"href":"https:\/\/teksermakina.com\/en\/wp-json\/wp\/v2\/media?parent=3600"}],"wp:term":[{"taxonomy":"product_cat","embeddable":true,"href":"https:\/\/teksermakina.com\/en\/wp-json\/wp\/v2\/product_cat?post=3600"},{"taxonomy":"product_tag","embeddable":true,"href":"https:\/\/teksermakina.com\/en\/wp-json\/wp\/v2\/product_tag?post=3600"}],"curies":[{"name":"wp","href":"https:\/\/api.w.org\/{rel}","templated":true}]}}